{"id":34163,"date":"2026-02-27T00:24:32","date_gmt":"2026-02-27T00:24:32","guid":{"rendered":"https:\/\/nordicmart.andreevmaster.com\/product\/vasagle-kulmahylly-5-tasoa-helppo-asentaa-vintage-ruskea-musta\/"},"modified":"2026-02-27T09:44:24","modified_gmt":"2026-02-27T09:44:24","slug":"vasagle-kulmahylly-5-tasoa-helppo-asentaa-vintage-ruskea-musta","status":"publish","type":"product","link":"https:\/\/nordicmart.andreevmaster.com\/fi\/tuote\/vasagle-kulmahylly-5-tasoa-helppo-asentaa-vintage-ruskea-musta\/","title":{"rendered":"VASAGLE kulmahylly, 5 tasoa, helppo asentaa, vintage-ruskea-musta"},"content":{"rendered":"<p>VASAGLE 5-tasoinen kulmahylly, korkeus 160 cm, kirjahylly, seisomahylly, s\u00e4ilytyshylly, olohuoneeseen, kylpyhuoneeseen, keitti\u00f6\u00f6n, eteiseen, helppo asentaa<br \/>\nV\u00e4ri: vintage-ruskea, musta<br \/>\nMateriaali: lastulevy, ter\u00e4s<br \/>\nKoko: 30 x 30 x 160 cm (P x L x K)<br \/>\nPaino: 6,6 kg<br \/>\nHyllykerroksen maks. staattinen kantavuus: 11,3 kg<\/p>\n","protected":false},"excerpt":{"rendered":"<p>VASAGLE 5-tasoinen kulmahylly, korkeus 160 cm, kirjahylly, seisomahylly, s\u00e4ilytyshylly, olohuoneeseen, kylpyhuoneeseen, keitti\u00f6\u00f6n, eteiseen, helppo asentaa<\/p>\n","protected":false},"featured_media":42912,"comment_status":"open","ping_status":"closed","template":"","meta":[],"product_brand":[],"product_cat":[32],"product_tag":[],"class_list":{"0":"post-34163","1":"product","2":"type-product","3":"status-publish","4":"has-post-thumbnail","6":"product_cat-uncategorized-fi","8":"first","9":"instock","10":"shipping-taxable","11":"purchasable","12":"product-type-simple"},"_links":{"self":[{"href":"https:\/\/nordicmart.andreevmaster.com\/fi\/wp-json\/wp\/v2\/product\/34163","targetHints":{"allow":["GET"]}}],"collection":[{"href":"https:\/\/nordicmart.andreevmaster.com\/fi\/wp-json\/wp\/v2\/product"}],"about":[{"href":"https:\/\/nordicmart.andreevmaster.com\/fi\/wp-json\/wp\/v2\/types\/product"}],"replies":[{"embeddable":true,"href":"https:\/\/nordicmart.andreevmaster.com\/fi\/wp-json\/wp\/v2\/comments?post=34163"}],"wp:featuredmedia":[{"embeddable":true,"href":"https:\/\/nordicmart.andreevmaster.com\/fi\/wp-json\/wp\/v2\/media\/42912"}],"wp:attachment":[{"href":"https:\/\/nordicmart.andreevmaster.com\/fi\/wp-json\/wp\/v2\/media?parent=34163"}],"wp:term":[{"taxonomy":"product_brand","embeddable":true,"href":"https:\/\/nordicmart.andreevmaster.com\/fi\/wp-json\/wp\/v2\/product_brand?post=34163"},{"taxonomy":"product_cat","embeddable":true,"href":"https:\/\/nordicmart.andreevmaster.com\/fi\/wp-json\/wp\/v2\/product_cat?post=34163"},{"taxonomy":"product_tag","embeddable":true,"href":"https:\/\/nordicmart.andreevmaster.com\/fi\/wp-json\/wp\/v2\/product_tag?post=34163"}],"curies":[{"name":"wp","href":"https:\/\/api.w.org\/{rel}","templated":true}]}}