{"id":34160,"date":"2026-02-27T00:24:31","date_gmt":"2026-02-27T00:24:31","guid":{"rendered":"https:\/\/nordicmart.andreevmaster.com\/product\/vasagle-teollinen-muotoilu-taitettava-hylly-3-tasoa\/"},"modified":"2026-02-27T09:44:24","modified_gmt":"2026-02-27T09:44:24","slug":"vasagle-teollinen-muotoilu-taitettava-hylly-3-tasoa","status":"publish","type":"product","link":"https:\/\/nordicmart.andreevmaster.com\/fi\/tuote\/vasagle-teollinen-muotoilu-taitettava-hylly-3-tasoa\/","title":{"rendered":"VASAGLE Teollinen muotoilu Taitettava hylly 3 tasoa"},"content":{"rendered":"<p>\u00c4lyk\u00e4s muotoilu Taitettavan rungon ansiosta t\u00e4m\u00e4 VASAGLE-varastohylly on helppo koota kahdessa vaiheessa. Kirjahyllyn kuljettaminen ja kokoaminen ei ole koskaan ollut n\u00e4in helppoa, mik\u00e4 on erityisen hy\u00f6dyllist\u00e4 muuton yhteydess\u00e4. Lis\u00e4poikkipalkit huonekalun takaosassa lis\u00e4\u00e4v\u00e4t vakautta ja varmistavat, ett\u00e4 taitettavan hyllyn p\u00e4\u00e4lle asetetut esineet eiv\u00e4t putoa. Aina k\u00e4ytt\u00f6valmis Kest\u00e4v\u00e4 ter\u00e4s ja vintage-tyylinen eleganssi \u2013 t\u00e4m\u00e4 3-tasoinen hylly on yksinkertaisen kaunis. Houkuttelevan ulkon\u00e4\u00f6ns\u00e4 ja toimivan muotoilunsa ansiosta t\u00e4m\u00e4 huonekalu sopii mihin tahansa huoneeseen. Voit esimerkiksi sijoittaa sen olohuoneeseen ja asettaa sen p\u00e4\u00e4lle silmiinpist\u00e4vi\u00e4 koriste-esineit\u00e4. Varastohylly sopii erinomaisesti my\u00f6s kirjojen ja asiakirjojen s\u00e4ilytykseen toimistossa. Tai k\u00e4yt\u00e4 sit\u00e4 parvekkeella kauniiden kasvien s\u00e4ilytykseen, autotallissa, keitti\u00f6ss\u00e4&#8230; T\u00e4t\u00e4 helposti koottavaa hylly\u00e4 on pakko rakastaa! Kokeile sit\u00e4! Ehk\u00e4 tilaat jopa kaksi? Tuotetiedot: &#8211; V\u00e4ri: vintage-ruskea-musta &#8211; Materiaali: lastulevy, ter\u00e4s &#8211; Koko: 60 x 93 x 30 cm (L x K x S) &#8211; Paino: 11,2 kg &#8211; Kantokyky per hylly: 10 kg Toimitus sis\u00e4lt\u00e4\u00e4: &#8211; 1 x kokoontaitettava hylly &#8211; 1 x lis\u00e4varustepussi &#8211; 1 x kaatumissuoja &#8211; 1 x ohjeet (EN, DE, FR, ES, IT) VASAGLE Huomautukset: &#8211; V\u00e4lt\u00e4 sijoittamasta hylly\u00e4 kosteaan ymp\u00e4rist\u00f6\u00f6n pitk\u00e4ksi ajaksi. &#8211; \u00c4l\u00e4 aseta raskaita esineit\u00e4 hyllylle. Huomioi suurin sallittu kuormitus!<\/p>\n","protected":false},"excerpt":{"rendered":"<p>VASAGLE hyllykk\u00f6, kirjahylly 3 hyllyll\u00e4, taitettava hylly, monik\u00e4ytt\u00f6inen hylly, metallirunko, ei vaadi asennusta, olohuoneeseen, makuuhuoneeseen, keitti\u00f6\u00f6n, teollinen muotoilu, vintage-ruskea-musta LLS66X<\/p>\n","protected":false},"featured_media":42909,"comment_status":"open","ping_status":"closed","template":"","meta":[],"product_brand":[],"product_cat":[32],"product_tag":[],"class_list":{"0":"post-34160","1":"product","2":"type-product","3":"status-publish","4":"has-post-thumbnail","6":"product_cat-uncategorized-fi","8":"first","9":"instock","10":"shipping-taxable","11":"purchasable","12":"product-type-simple"},"_links":{"self":[{"href":"https:\/\/nordicmart.andreevmaster.com\/fi\/wp-json\/wp\/v2\/product\/34160","targetHints":{"allow":["GET"]}}],"collection":[{"href":"https:\/\/nordicmart.andreevmaster.com\/fi\/wp-json\/wp\/v2\/product"}],"about":[{"href":"https:\/\/nordicmart.andreevmaster.com\/fi\/wp-json\/wp\/v2\/types\/product"}],"replies":[{"embeddable":true,"href":"https:\/\/nordicmart.andreevmaster.com\/fi\/wp-json\/wp\/v2\/comments?post=34160"}],"wp:featuredmedia":[{"embeddable":true,"href":"https:\/\/nordicmart.andreevmaster.com\/fi\/wp-json\/wp\/v2\/media\/42909"}],"wp:attachment":[{"href":"https:\/\/nordicmart.andreevmaster.com\/fi\/wp-json\/wp\/v2\/media?parent=34160"}],"wp:term":[{"taxonomy":"product_brand","embeddable":true,"href":"https:\/\/nordicmart.andreevmaster.com\/fi\/wp-json\/wp\/v2\/product_brand?post=34160"},{"taxonomy":"product_cat","embeddable":true,"href":"https:\/\/nordicmart.andreevmaster.com\/fi\/wp-json\/wp\/v2\/product_cat?post=34160"},{"taxonomy":"product_tag","embeddable":true,"href":"https:\/\/nordicmart.andreevmaster.com\/fi\/wp-json\/wp\/v2\/product_tag?post=34160"}],"curies":[{"name":"wp","href":"https:\/\/api.w.org\/{rel}","templated":true}]}}