{"id":34159,"date":"2026-02-27T00:24:31","date_gmt":"2026-02-27T00:24:31","guid":{"rendered":"https:\/\/nordicmart.andreevmaster.com\/product\/vasagle-pieni-kirjahylly-teollinen-muotoilu\/"},"modified":"2026-02-27T09:44:23","modified_gmt":"2026-02-27T09:44:23","slug":"vasagle-pieni-kirjahylly-teollinen-muotoilu","status":"publish","type":"product","link":"https:\/\/nordicmart.andreevmaster.com\/fi\/tuote\/vasagle-pieni-kirjahylly-teollinen-muotoilu\/","title":{"rendered":"VASAGLE Pieni kirjahylly Teollinen muotoilu"},"content":{"rendered":"<p>Tuotetiedot: &#8211; V\u00e4ri: vintage\/tummanruskea &#8211; Materiaali: lastulevy, rauta &#8211; Koko: 66 x 30 x 120 cm (P x L x K) &#8211; Paino: 11 kg &#8211; Hyllyjen maks. staattinen kantavuus: 10 kg Toimitus sis\u00e4lt\u00e4\u00e4:- 1 x tikkaat-hylly &#8211; 1 x lis\u00e4varustepussi &#8211; 1 x ohjeet (DE, EN, ES, FR, IT) VASAGLE Huomautukset: &#8211; Aseta tuote siten, ett\u00e4 se ei ole alttiina l\u00e4mm\u00f6nl\u00e4hteille, suoralle auringonvalolle tai kosteudelle. &#8211; Pid\u00e4 tuote poissa ter\u00e4vien ja ter\u00e4vien esineiden sek\u00e4 sy\u00f6vytt\u00e4vien aineiden l\u00e4heisyydest\u00e4.- Lapset eiv\u00e4t saa kiivet\u00e4 tuotteen p\u00e4\u00e4lle.<\/p>\n","protected":false},"excerpt":{"rendered":"<p>VASAGLE kirjahylly, seisomahylly, tikkaathylly, olohuoneen hylly, 4 hylly\u00e4, tukeva rautakehys, makuuhuone, toimisto, teollinen muotoilu, vintage, tummanruskea LLS60BX<\/p>\n","protected":false},"featured_media":42908,"comment_status":"open","ping_status":"closed","template":"","meta":[],"product_brand":[],"product_cat":[32],"product_tag":[],"class_list":{"0":"post-34159","1":"product","2":"type-product","3":"status-publish","4":"has-post-thumbnail","6":"product_cat-uncategorized-fi","8":"first","9":"instock","10":"shipping-taxable","11":"purchasable","12":"product-type-simple"},"_links":{"self":[{"href":"https:\/\/nordicmart.andreevmaster.com\/fi\/wp-json\/wp\/v2\/product\/34159","targetHints":{"allow":["GET"]}}],"collection":[{"href":"https:\/\/nordicmart.andreevmaster.com\/fi\/wp-json\/wp\/v2\/product"}],"about":[{"href":"https:\/\/nordicmart.andreevmaster.com\/fi\/wp-json\/wp\/v2\/types\/product"}],"replies":[{"embeddable":true,"href":"https:\/\/nordicmart.andreevmaster.com\/fi\/wp-json\/wp\/v2\/comments?post=34159"}],"wp:featuredmedia":[{"embeddable":true,"href":"https:\/\/nordicmart.andreevmaster.com\/fi\/wp-json\/wp\/v2\/media\/42908"}],"wp:attachment":[{"href":"https:\/\/nordicmart.andreevmaster.com\/fi\/wp-json\/wp\/v2\/media?parent=34159"}],"wp:term":[{"taxonomy":"product_brand","embeddable":true,"href":"https:\/\/nordicmart.andreevmaster.com\/fi\/wp-json\/wp\/v2\/product_brand?post=34159"},{"taxonomy":"product_cat","embeddable":true,"href":"https:\/\/nordicmart.andreevmaster.com\/fi\/wp-json\/wp\/v2\/product_cat?post=34159"},{"taxonomy":"product_tag","embeddable":true,"href":"https:\/\/nordicmart.andreevmaster.com\/fi\/wp-json\/wp\/v2\/product_tag?post=34159"}],"curies":[{"name":"wp","href":"https:\/\/api.w.org\/{rel}","templated":true}]}}