{"id":34158,"date":"2026-02-27T00:24:31","date_gmt":"2026-02-27T00:24:31","guid":{"rendered":"https:\/\/nordicmart.andreevmaster.com\/product\/vasagle-5-tasoinen-kulmahylly-sivulevyt-rottinkia-tammibeige\/"},"modified":"2026-02-27T09:44:23","modified_gmt":"2026-02-27T09:44:23","slug":"vasagle-5-tasoinen-kulmahylly-sivulevyt-rottinkia-tammibeige","status":"publish","type":"product","link":"https:\/\/nordicmart.andreevmaster.com\/fi\/tuote\/vasagle-5-tasoinen-kulmahylly-sivulevyt-rottinkia-tammibeige\/","title":{"rendered":"VASAGLE 5-tasoinen kulmahylly, sivulevyt rottinkia, tammibeige"},"content":{"rendered":"<p>VASAGLE 5-tasoinen kulmahylly, kirjahylly rottinkisilla sivulevyill\u00e4, lattialla seisova hylly, metallirunko, olohuoneeseen, makuuhuoneeseen, ty\u00f6huoneeseen, keitti\u00f6\u00f6n, 31,9 x 31,9 x 156,4 cm<br \/>\nV\u00e4ri: tammibeige<br \/>\nMateriaali: ter\u00e4s, MDF (keskitihe\u00e4 kuitulevy), PP-rottinki (polypropeeni)<br \/>\nKoko: 31,9 x 31,9 x 156,4 cm (S x L x K)<br \/>\nPaino: 7,9 kg<br \/>\nMaks. staattinen kantavuus tasoa kohti: 10 kg<\/p>\n","protected":false},"excerpt":{"rendered":"<p>VASAGLE 5-tasoinen kulmahylly, kirjahylly rottinkisilla sivulevyill\u00e4, lattialla seisova hylly, metallirunko, olohuoneeseen, makuuhuoneeseen, ty\u00f6huoneeseen, keitti\u00f6\u00f6n, 31,9 x 31,9 x 156,4 cm<\/p>\n","protected":false},"featured_media":42907,"comment_status":"open","ping_status":"closed","template":"","meta":[],"product_brand":[],"product_cat":[32],"product_tag":[],"class_list":{"0":"post-34158","1":"product","2":"type-product","3":"status-publish","4":"has-post-thumbnail","6":"product_cat-uncategorized-fi","8":"first","9":"instock","10":"shipping-taxable","11":"purchasable","12":"product-type-simple"},"_links":{"self":[{"href":"https:\/\/nordicmart.andreevmaster.com\/fi\/wp-json\/wp\/v2\/product\/34158","targetHints":{"allow":["GET"]}}],"collection":[{"href":"https:\/\/nordicmart.andreevmaster.com\/fi\/wp-json\/wp\/v2\/product"}],"about":[{"href":"https:\/\/nordicmart.andreevmaster.com\/fi\/wp-json\/wp\/v2\/types\/product"}],"replies":[{"embeddable":true,"href":"https:\/\/nordicmart.andreevmaster.com\/fi\/wp-json\/wp\/v2\/comments?post=34158"}],"wp:featuredmedia":[{"embeddable":true,"href":"https:\/\/nordicmart.andreevmaster.com\/fi\/wp-json\/wp\/v2\/media\/42907"}],"wp:attachment":[{"href":"https:\/\/nordicmart.andreevmaster.com\/fi\/wp-json\/wp\/v2\/media?parent=34158"}],"wp:term":[{"taxonomy":"product_brand","embeddable":true,"href":"https:\/\/nordicmart.andreevmaster.com\/fi\/wp-json\/wp\/v2\/product_brand?post=34158"},{"taxonomy":"product_cat","embeddable":true,"href":"https:\/\/nordicmart.andreevmaster.com\/fi\/wp-json\/wp\/v2\/product_cat?post=34158"},{"taxonomy":"product_tag","embeddable":true,"href":"https:\/\/nordicmart.andreevmaster.com\/fi\/wp-json\/wp\/v2\/product_tag?post=34158"}],"curies":[{"name":"wp","href":"https:\/\/api.w.org\/{rel}","templated":true}]}}