{"id":34154,"date":"2026-02-27T00:24:29","date_gmt":"2026-02-27T00:24:29","guid":{"rendered":"https:\/\/nordicmart.andreevmaster.com\/product\/vasagle-5-tasoinen-zigzag-muotoinen-kulmahylly-kaurapuurobeige\/"},"modified":"2026-02-27T09:44:22","modified_gmt":"2026-02-27T09:44:22","slug":"vasagle-5-tasoinen-zigzag-muotoinen-kulmahylly-kaurapuurobeige","status":"publish","type":"product","link":"https:\/\/nordicmart.andreevmaster.com\/fi\/tuote\/vasagle-5-tasoinen-zigzag-muotoinen-kulmahylly-kaurapuurobeige\/","title":{"rendered":"VASAGLE 5-tasoinen zigzag-muotoinen kulmahylly, kaurapuurobeige"},"content":{"rendered":"<p>VASAGLE kulmahylly, sein\u00e4hylly 5 tasoa, kelluva hylly, sein\u00e4kiinnitteinen hylly, siksak-muotoinen, PVC-rottinkiset sivulevyt, tilaa s\u00e4\u00e4st\u00e4v\u00e4, keitti\u00f6\u00f6n, makuuhuoneeseen, olohuoneeseen, boho-tyyli<br \/>\nV\u00e4ri: kaurapuurobeige<br \/>\nMateriaali: lastulevy, PVC-muovi (polyvinyylikloridi)<br \/>\nKoko: 20 x 20 x 126 cm (S x L x K)<br \/>\nPaino: 3,2 kg<br \/>\nMaks. staattinen kokonaiskuormituskyky: 25 kg<\/p>\n","protected":false},"excerpt":{"rendered":"<p>VASAGLE kulmahylly, sein\u00e4hylly 5 tasoa, kelluva hylly, sein\u00e4kiinnitteinen hylly, siksak-muotoinen, PVC-rottinkiset sivulevyt, tilaa s\u00e4\u00e4st\u00e4v\u00e4, keitti\u00f6\u00f6n, makuuhuoneeseen, olohuoneeseen, boho-tyyli<\/p>\n","protected":false},"featured_media":42903,"comment_status":"open","ping_status":"closed","template":"","meta":[],"product_brand":[],"product_cat":[32],"product_tag":[],"class_list":{"0":"post-34154","1":"product","2":"type-product","3":"status-publish","4":"has-post-thumbnail","6":"product_cat-uncategorized-fi","8":"first","9":"instock","10":"shipping-taxable","11":"purchasable","12":"product-type-simple"},"_links":{"self":[{"href":"https:\/\/nordicmart.andreevmaster.com\/fi\/wp-json\/wp\/v2\/product\/34154","targetHints":{"allow":["GET"]}}],"collection":[{"href":"https:\/\/nordicmart.andreevmaster.com\/fi\/wp-json\/wp\/v2\/product"}],"about":[{"href":"https:\/\/nordicmart.andreevmaster.com\/fi\/wp-json\/wp\/v2\/types\/product"}],"replies":[{"embeddable":true,"href":"https:\/\/nordicmart.andreevmaster.com\/fi\/wp-json\/wp\/v2\/comments?post=34154"}],"wp:featuredmedia":[{"embeddable":true,"href":"https:\/\/nordicmart.andreevmaster.com\/fi\/wp-json\/wp\/v2\/media\/42903"}],"wp:attachment":[{"href":"https:\/\/nordicmart.andreevmaster.com\/fi\/wp-json\/wp\/v2\/media?parent=34154"}],"wp:term":[{"taxonomy":"product_brand","embeddable":true,"href":"https:\/\/nordicmart.andreevmaster.com\/fi\/wp-json\/wp\/v2\/product_brand?post=34154"},{"taxonomy":"product_cat","embeddable":true,"href":"https:\/\/nordicmart.andreevmaster.com\/fi\/wp-json\/wp\/v2\/product_cat?post=34154"},{"taxonomy":"product_tag","embeddable":true,"href":"https:\/\/nordicmart.andreevmaster.com\/fi\/wp-json\/wp\/v2\/product_tag?post=34154"}],"curies":[{"name":"wp","href":"https:\/\/api.w.org\/{rel}","templated":true}]}}