{"id":34152,"date":"2026-02-27T00:24:29","date_gmt":"2026-02-27T00:24:29","guid":{"rendered":"https:\/\/nordicmart.andreevmaster.com\/product\/vasagle-vakaa-hyllykko-jossa-5-hyllytasoa\/"},"modified":"2026-02-27T09:44:22","modified_gmt":"2026-02-27T09:44:22","slug":"vasagle-vakaa-hyllykko-jossa-5-hyllytasoa","status":"publish","type":"product","link":"https:\/\/nordicmart.andreevmaster.com\/fi\/tuote\/vasagle-vakaa-hyllykko-jossa-5-hyllytasoa\/","title":{"rendered":"VASAGLE Vakaa hyllykk\u00f6, jossa 5 hyllytasoa"},"content":{"rendered":"<p>Hieman vintagea t\u00e4\u00e4ll\u00e4, hieman teollista designia siell\u00e4. T\u00e4m\u00e4n olohuoneen hyllyn tyyli\u00e4 voidaan kuvata yhdistelm\u00e4n\u00e4 rautakehyst\u00e4, jossa on trendik\u00e4s teollinen ilme, ja tarkasti valmistettuja vintage-levyj\u00e4 puumateriaalista. Erityisen vivahteen tuo my\u00f6s erityinen muotoilu, jossa puiset hyllyt ulottuvat metallikehyksen ulkopuolelle.Tuloksena on j\u00e4nnitt\u00e4v\u00e4 kokonaisuus ja huonekalu, joka on sek\u00e4 kest\u00e4v\u00e4, n\u00e4ytt\u00e4v\u00e4 ett\u00e4 toimiva. T\u00e4ydellinen kirjatouhailijoille Jos haluatte viett\u00e4\u00e4 harmaita sadep\u00e4ivi\u00e4 sohvalla tai s\u00e4ngyss\u00e4 hyv\u00e4n kirjan parissa tai tarvitsette toimistossanne aina k\u00e4den ulottuvilla hy\u00f6dyllist\u00e4 ammattikirjallisuutta, t\u00e4m\u00e4 yksinkertainen kirjahylly on juuri oikea valinta. Viidelle tukevalle hyllytasolle mahtuu siististi sek\u00e4 paksuja teoksia ett\u00e4 rakkausromaaneja ja tietosanakirjoja. Viimeistele t\u00e4m\u00e4 hillitty huonekalu kasveilla, koristeilla tai valokuvakehyksill\u00e4!T\u00e4m\u00e4 tukeva hylly sopii muuten erinomaisesti yhteen muiden VASAGLE-teollisen muotoilun sarjan huonekalujen kanssa! Tuotetiedot: V\u00e4ri: vintage-ruskea-musta Materiaali: lastulevy, ter\u00e4s Koko: 33,5 x 105 x 177,5 cm (S x L x K) Hyllytasojen v\u00e4linen et\u00e4isyys: 36 cm Paino: 21,5 kg Hyllykerroksen enimm\u00e4iskuormitus: 30 kg Toimitus sis\u00e4lt\u00e4\u00e4: &#8211; 1 x kirjahylly &#8211; 1 x s\u00e4ilytyslaatikko tarvikkeilla &#8211; 1 x kuusiokoloavain &#8211; 1 x ohjeet (DE, EN, FR, ES, IT) VASAGLE-ohjeet: &#8211; Sijoita tuote kuivaan paikkaan sis\u00e4tiloissa.- Hyllykerroksen enimm\u00e4iskuormitus on 30 kg. \u00c4l\u00e4 aseta tuotteen p\u00e4\u00e4lle painavampia esineit\u00e4. &#8211; K\u00e4yt\u00e4 mukana toimitettua kaatumissuojaa.<\/p>\n","protected":false},"excerpt":{"rendered":"<p>VASAGLE Kirjahylly, tukeva hylly 5 hyllytasolla, olohuoneen hylly teollisessa designissa, helppo koota, olohuone, makuuhuone, toimisto, vintage LLS55BX<\/p>\n","protected":false},"featured_media":42901,"comment_status":"open","ping_status":"closed","template":"","meta":[],"product_brand":[],"product_cat":[32],"product_tag":[],"class_list":{"0":"post-34152","1":"product","2":"type-product","3":"status-publish","4":"has-post-thumbnail","6":"product_cat-uncategorized-fi","8":"first","9":"instock","10":"shipping-taxable","11":"purchasable","12":"product-type-simple"},"_links":{"self":[{"href":"https:\/\/nordicmart.andreevmaster.com\/fi\/wp-json\/wp\/v2\/product\/34152","targetHints":{"allow":["GET"]}}],"collection":[{"href":"https:\/\/nordicmart.andreevmaster.com\/fi\/wp-json\/wp\/v2\/product"}],"about":[{"href":"https:\/\/nordicmart.andreevmaster.com\/fi\/wp-json\/wp\/v2\/types\/product"}],"replies":[{"embeddable":true,"href":"https:\/\/nordicmart.andreevmaster.com\/fi\/wp-json\/wp\/v2\/comments?post=34152"}],"wp:featuredmedia":[{"embeddable":true,"href":"https:\/\/nordicmart.andreevmaster.com\/fi\/wp-json\/wp\/v2\/media\/42901"}],"wp:attachment":[{"href":"https:\/\/nordicmart.andreevmaster.com\/fi\/wp-json\/wp\/v2\/media?parent=34152"}],"wp:term":[{"taxonomy":"product_brand","embeddable":true,"href":"https:\/\/nordicmart.andreevmaster.com\/fi\/wp-json\/wp\/v2\/product_brand?post=34152"},{"taxonomy":"product_cat","embeddable":true,"href":"https:\/\/nordicmart.andreevmaster.com\/fi\/wp-json\/wp\/v2\/product_cat?post=34152"},{"taxonomy":"product_tag","embeddable":true,"href":"https:\/\/nordicmart.andreevmaster.com\/fi\/wp-json\/wp\/v2\/product_tag?post=34152"}],"curies":[{"name":"wp","href":"https:\/\/api.w.org\/{rel}","templated":true}]}}