{"id":34151,"date":"2026-02-27T00:24:28","date_gmt":"2026-02-27T00:24:28","guid":{"rendered":"https:\/\/nordicmart.andreevmaster.com\/product\/vasagle-kirjahylly-vintage\/"},"modified":"2026-02-27T09:44:21","modified_gmt":"2026-02-27T09:44:21","slug":"vasagle-kirjahylly-vintage","status":"publish","type":"product","link":"https:\/\/nordicmart.andreevmaster.com\/fi\/tuote\/vasagle-kirjahylly-vintage\/","title":{"rendered":"VASAGLE Kirjahylly Vintage"},"content":{"rendered":"<p>V\u00e4h\u00e4n vintagea t\u00e4\u00e4ll\u00e4, v\u00e4h\u00e4n teollista designia siell\u00e4 T\u00e4m\u00e4n olohuoneen hyllyn tyyli\u00e4 voidaan kuvata yhdistelm\u00e4n\u00e4 rautakehyst\u00e4, jossa on trendik\u00e4s teollinen ilme, ja tarkasti ty\u00f6stettyj\u00e4 vintage-levyj\u00e4 puumateriaalista. Erityisen vivahteen tuo my\u00f6s erityinen muotoilu, jossa puuhyllyt ulottuvat metallikehyksen ulkopuolelle. Tuloksena on j\u00e4nnitt\u00e4v\u00e4 kokonaisuus ja huonekalu, joka on sek\u00e4 kest\u00e4v\u00e4, n\u00e4ytt\u00e4v\u00e4 ett\u00e4 toimiva. T\u00e4ydellinen kirjatouhailijoille Jos harmaat sadep\u00e4iv\u00e4t houkuttelevat sinut sohvalle tai s\u00e4nkyyn hyv\u00e4n kirjan pariin tai jos tarvitset toimistossasi aina k\u00e4den ulottuvilla olevaa hy\u00f6dyllist\u00e4 ammattikirjallisuutta, t\u00e4m\u00e4 yksinkertainen kirjahylly on juuri oikea valinta. Nelj\u00e4lle tukevalle hyllytasolle mahtuu siististi sek\u00e4 paksuja teoksia ett\u00e4 rakkausromaaneja ja tietosanakirjoja. Viimeistele t\u00e4m\u00e4 hillitty huonekalu kasveilla, koristeilla tai valokuvakehyksill\u00e4! Tukeva hylly sopii muuten erinomaisesti yhteen muiden VASAGLE-teollisen muotoilun sarjan huonekalujen kanssa! Tuotetiedot: &#8211; V\u00e4ri: vintage &#8211; Materiaali: lastulevy, rautakehys &#8211; Koko: 105 x 33,5 x 138 cm (P x L x K) &#8211; Hyllyjen v\u00e4linen et\u00e4isyys: 35 cm &#8211; Paino: 25 kg &#8211; Maks. Kantavuus hyllytasoa kohti: 30 kgToimitus sis\u00e4lt\u00e4\u00e4:- 1 x kirjahylly- 1 x s\u00e4ilytyslaatikko tarvikkeineen- 1 x kuusiokoloavain- 1 x ohjeet (DE, EN, FR, ES, IT)VASAGLE-ohjeet:- Sijoita tuote kuivaan paikkaan sis\u00e4tiloissa.- Hyllytason enimm\u00e4iskantavuus on 30 kg. \u00c4l\u00e4 aseta tuotteen p\u00e4\u00e4lle painavampia esineit\u00e4. &#8211; K\u00e4yt\u00e4 mukana toimitettua kaatumissuojaa.<\/p>\n","protected":false},"excerpt":{"rendered":"<p>VASAGLE Kirjahylly, vakaa hyllykk\u00f6, 4 hyllytasoa, olohuoneen hylly teollisessa designissa, helppo koota, olohuone, makuuhuone, toimisto, vintage LLS54BX<\/p>\n","protected":false},"featured_media":42900,"comment_status":"open","ping_status":"closed","template":"","meta":[],"product_brand":[],"product_cat":[32],"product_tag":[],"class_list":{"0":"post-34151","1":"product","2":"type-product","3":"status-publish","4":"has-post-thumbnail","6":"product_cat-uncategorized-fi","8":"first","9":"instock","10":"shipping-taxable","11":"purchasable","12":"product-type-simple"},"_links":{"self":[{"href":"https:\/\/nordicmart.andreevmaster.com\/fi\/wp-json\/wp\/v2\/product\/34151","targetHints":{"allow":["GET"]}}],"collection":[{"href":"https:\/\/nordicmart.andreevmaster.com\/fi\/wp-json\/wp\/v2\/product"}],"about":[{"href":"https:\/\/nordicmart.andreevmaster.com\/fi\/wp-json\/wp\/v2\/types\/product"}],"replies":[{"embeddable":true,"href":"https:\/\/nordicmart.andreevmaster.com\/fi\/wp-json\/wp\/v2\/comments?post=34151"}],"wp:featuredmedia":[{"embeddable":true,"href":"https:\/\/nordicmart.andreevmaster.com\/fi\/wp-json\/wp\/v2\/media\/42900"}],"wp:attachment":[{"href":"https:\/\/nordicmart.andreevmaster.com\/fi\/wp-json\/wp\/v2\/media?parent=34151"}],"wp:term":[{"taxonomy":"product_brand","embeddable":true,"href":"https:\/\/nordicmart.andreevmaster.com\/fi\/wp-json\/wp\/v2\/product_brand?post=34151"},{"taxonomy":"product_cat","embeddable":true,"href":"https:\/\/nordicmart.andreevmaster.com\/fi\/wp-json\/wp\/v2\/product_cat?post=34151"},{"taxonomy":"product_tag","embeddable":true,"href":"https:\/\/nordicmart.andreevmaster.com\/fi\/wp-json\/wp\/v2\/product_tag?post=34151"}],"curies":[{"name":"wp","href":"https:\/\/api.w.org\/{rel}","templated":true}]}}