{"id":34150,"date":"2026-02-27T00:24:28","date_gmt":"2026-02-27T00:24:28","guid":{"rendered":"https:\/\/nordicmart.andreevmaster.com\/product\/vasagle-teollisuussuunnittelun-hyllykko-4-hyllya\/"},"modified":"2026-02-27T09:44:21","modified_gmt":"2026-02-27T09:44:21","slug":"vasagle-teollisuussuunnittelun-hyllykko-4-hyllya","status":"publish","type":"product","link":"https:\/\/nordicmart.andreevmaster.com\/fi\/tuote\/vasagle-teollisuussuunnittelun-hyllykko-4-hyllya\/","title":{"rendered":"VASAGLE teollisuussuunnittelun hyllykk\u00f6, 4 hylly\u00e4"},"content":{"rendered":"<p>Tuotetiedot: &#8211; V\u00e4ri: vintage\/tummanruskea &#8211; Materiaali: lastulevy, rauta &#8211; Koko: 56 x 34 x 173 cm (P x L x K) &#8211; Paino: 19,1 kg &#8211; Hyllylevyn maks. staattinen kantavuus: 5 kg Toimitus sis\u00e4lt\u00e4\u00e4: &#8211; 1 x tikkaat &#8211; 1 x asennustarvikkeet &#8211; 1 x ohjeet (DE, EN, ES, FR, IT) VASAGLE Huomautukset: &#8211; T\u00e4m\u00e4 tuote on tarkoitettu vain sis\u00e4k\u00e4ytt\u00f6\u00f6n. Aseta se kuivaan ymp\u00e4rist\u00f6\u00f6n. &#8211; Hyllylevyn suurin staattinen kantavuus on 5 kg. \u00c4l\u00e4 ylit\u00e4 t\u00e4t\u00e4 enimm\u00e4ispainoa.<\/p>\n","protected":false},"excerpt":{"rendered":"<p>VASAGLE hyllykk\u00f6, tikkaat, kirjahylly kaapilla, olohuoneen hylly, 4 hylly\u00e4, tukeva rautakehys, makuuhuone, toimisto, 56 x 34 x 173 cm, teollinen muotoilu, vintage, tummanruskea LLS47BX<\/p>\n","protected":false},"featured_media":42899,"comment_status":"open","ping_status":"closed","template":"","meta":[],"product_brand":[],"product_cat":[32],"product_tag":[],"class_list":{"0":"post-34150","1":"product","2":"type-product","3":"status-publish","4":"has-post-thumbnail","6":"product_cat-uncategorized-fi","8":"first","9":"instock","10":"shipping-taxable","11":"purchasable","12":"product-type-simple"},"_links":{"self":[{"href":"https:\/\/nordicmart.andreevmaster.com\/fi\/wp-json\/wp\/v2\/product\/34150","targetHints":{"allow":["GET"]}}],"collection":[{"href":"https:\/\/nordicmart.andreevmaster.com\/fi\/wp-json\/wp\/v2\/product"}],"about":[{"href":"https:\/\/nordicmart.andreevmaster.com\/fi\/wp-json\/wp\/v2\/types\/product"}],"replies":[{"embeddable":true,"href":"https:\/\/nordicmart.andreevmaster.com\/fi\/wp-json\/wp\/v2\/comments?post=34150"}],"wp:featuredmedia":[{"embeddable":true,"href":"https:\/\/nordicmart.andreevmaster.com\/fi\/wp-json\/wp\/v2\/media\/42899"}],"wp:attachment":[{"href":"https:\/\/nordicmart.andreevmaster.com\/fi\/wp-json\/wp\/v2\/media?parent=34150"}],"wp:term":[{"taxonomy":"product_brand","embeddable":true,"href":"https:\/\/nordicmart.andreevmaster.com\/fi\/wp-json\/wp\/v2\/product_brand?post=34150"},{"taxonomy":"product_cat","embeddable":true,"href":"https:\/\/nordicmart.andreevmaster.com\/fi\/wp-json\/wp\/v2\/product_cat?post=34150"},{"taxonomy":"product_tag","embeddable":true,"href":"https:\/\/nordicmart.andreevmaster.com\/fi\/wp-json\/wp\/v2\/product_tag?post=34150"}],"curies":[{"name":"wp","href":"https:\/\/api.w.org\/{rel}","templated":true}]}}