{"id":34149,"date":"2026-02-27T00:24:28","date_gmt":"2026-02-27T00:24:28","guid":{"rendered":"https:\/\/nordicmart.andreevmaster.com\/product\/vasagle-teollisuustyylinen-tikkaat-hylly-5-hyllylla\/"},"modified":"2026-02-27T09:44:21","modified_gmt":"2026-02-27T09:44:21","slug":"vasagle-teollisuustyylinen-tikkaat-hylly-5-hyllylla","status":"publish","type":"product","link":"https:\/\/nordicmart.andreevmaster.com\/fi\/tuote\/vasagle-teollisuustyylinen-tikkaat-hylly-5-hyllylla\/","title":{"rendered":"VASAGLE Teollisuustyylinen tikkaat-hylly 5 hyllyll\u00e4"},"content":{"rendered":"<p>Tuotetiedot: &#8211; V\u00e4ri: tummanruskea\/vintage  &#8211; Materiaali: lastulevy, rauta &#8211; Koko: 64 x 34 x 186 cm (P x L x K) &#8211; Hyllyjen v\u00e4linen et\u00e4isyys: 35 cm &#8211; Paino: 12,8 kg &#8211; Hyllyn maks. staattinen kantavuus: 5 kgToimitus sis\u00e4lt\u00e4\u00e4:- 1 x tikkaat-hylly &#8211; 1 x s\u00e4ilytyslaatikko lis\u00e4varusteineen &#8211; 1 x ohjeet (DE, EN, FR, ES, IT) VASAGLE Huomautukset: &#8211; Tuote tulee kiinnitt\u00e4\u00e4 sein\u00e4\u00e4n mukana toimitetulla kaatumissuojalla.<\/p>\n","protected":false},"excerpt":{"rendered":"<p>VASAGLE Hanki t\u00e4m\u00e4 tikkaat-hylly, korosta sis\u00e4kasvit, esittele perhepotrettisi tai hy\u00f6dynn\u00e4 pystysuora tila&#8230; muuta tyhj\u00e4t sein\u00e4t insta-kelpoiseksi katseenvangitsijaksi!<\/p>\n","protected":false},"featured_media":42898,"comment_status":"open","ping_status":"closed","template":"","meta":[],"product_brand":[],"product_cat":[32],"product_tag":[],"class_list":{"0":"post-34149","1":"product","2":"type-product","3":"status-publish","4":"has-post-thumbnail","6":"product_cat-uncategorized-fi","8":"first","9":"instock","10":"shipping-taxable","11":"purchasable","12":"product-type-simple"},"_links":{"self":[{"href":"https:\/\/nordicmart.andreevmaster.com\/fi\/wp-json\/wp\/v2\/product\/34149","targetHints":{"allow":["GET"]}}],"collection":[{"href":"https:\/\/nordicmart.andreevmaster.com\/fi\/wp-json\/wp\/v2\/product"}],"about":[{"href":"https:\/\/nordicmart.andreevmaster.com\/fi\/wp-json\/wp\/v2\/types\/product"}],"replies":[{"embeddable":true,"href":"https:\/\/nordicmart.andreevmaster.com\/fi\/wp-json\/wp\/v2\/comments?post=34149"}],"wp:featuredmedia":[{"embeddable":true,"href":"https:\/\/nordicmart.andreevmaster.com\/fi\/wp-json\/wp\/v2\/media\/42898"}],"wp:attachment":[{"href":"https:\/\/nordicmart.andreevmaster.com\/fi\/wp-json\/wp\/v2\/media?parent=34149"}],"wp:term":[{"taxonomy":"product_brand","embeddable":true,"href":"https:\/\/nordicmart.andreevmaster.com\/fi\/wp-json\/wp\/v2\/product_brand?post=34149"},{"taxonomy":"product_cat","embeddable":true,"href":"https:\/\/nordicmart.andreevmaster.com\/fi\/wp-json\/wp\/v2\/product_cat?post=34149"},{"taxonomy":"product_tag","embeddable":true,"href":"https:\/\/nordicmart.andreevmaster.com\/fi\/wp-json\/wp\/v2\/product_tag?post=34149"}],"curies":[{"name":"wp","href":"https:\/\/api.w.org\/{rel}","templated":true}]}}