{"id":34148,"date":"2026-02-27T00:24:28","date_gmt":"2026-02-27T00:24:28","guid":{"rendered":"https:\/\/nordicmart.andreevmaster.com\/product\/vasagle-teollinen-design-tikkaahylly-5-hyllya\/"},"modified":"2026-02-27T09:44:21","modified_gmt":"2026-02-27T09:44:21","slug":"vasagle-teollinen-design-tikkaahylly-5-hyllya","status":"publish","type":"product","link":"https:\/\/nordicmart.andreevmaster.com\/fi\/tuote\/vasagle-teollinen-design-tikkaahylly-5-hyllya\/","title":{"rendered":"VASAGLE Teollinen design-tikkaahylly 5 hylly\u00e4"},"content":{"rendered":"<p>VASAGLE:n 5 hyllyll\u00e4 varustettu vintage-tikkaahylly sopii vieh\u00e4tt\u00e4v\u00e4n vintage-tyylins\u00e4 ja toimivan muotoilunsa ansiosta mihin tahansa huoneeseen ja on aina todellinen silm\u00e4nilo.  Aseta se olohuoneeseen  T\u00e4yt\u00e4 hyllyt silmiinpist\u00e4vill\u00e4 asusteilla ja tee tikkaahyllyst\u00e4 kotisi keskipiste.  Aseta se toimistoosi  S\u00e4ilyt\u00e4 kirjat ja asiakirjat siististi ja aina k\u00e4den ulottuvilla. Aseta se parvekkeellesi Anna kukillesi ja vihreille kasveillesi paikka auringossa ja luo rauhan keidas. Voit k\u00e4ytt\u00e4\u00e4 kirjahylly\u00e4 yhdess\u00e4 VASAGLE:n kulmahyllyn kanssa ja luoda n\u00e4in t\u00e4ydellisen yhdistelm\u00e4n. Etsi vain &#8221;VASAGLE &#8221; ja l\u00f6yd\u00e4t monia muita sopivia huonekaluja. Tuotetiedot: -V\u00e4ri: Vintage -Materiaali: lastulevy, rautakehys -Koko: 56 x 172 x 34 cm (L x K x S) -Paino: 15,3 kg -Kantavuus per taso: 5 kg Toimitus sis\u00e4lt\u00e4\u00e4:  &#8211; 1 x tikkaat &#8211; 1 x lis\u00e4varustepussi &#8211; 1 x kaatumissuoja &#8211; 1 x ohjeet (DE, EN, FR, ES, IT) VASAGLE Huomautukset: &#8211; V\u00e4lt\u00e4 sijoittamasta hylly\u00e4 kosteaan ymp\u00e4rist\u00f6\u00f6n pitk\u00e4ksi ajaksi. &#8211; \u00c4l\u00e4 aseta raskaita esineit\u00e4 hyllylle.<\/p>\n","protected":false},"excerpt":{"rendered":"<p>VASAGLE Vintage-hyllykk\u00f6, kirjahylly 5 hyllyll\u00e4, metallirunko, helppo asentaa, olohuoneeseen, makuuhuoneeseen, keitti\u00f6\u00f6n, 56 x 172 x 34 cm (L x K x S) LLS45X, tukeva<\/p>\n","protected":false},"featured_media":42897,"comment_status":"open","ping_status":"closed","template":"","meta":[],"product_brand":[],"product_cat":[32],"product_tag":[],"class_list":{"0":"post-34148","1":"product","2":"type-product","3":"status-publish","4":"has-post-thumbnail","6":"product_cat-uncategorized-fi","8":"first","9":"instock","10":"shipping-taxable","11":"purchasable","12":"product-type-simple"},"_links":{"self":[{"href":"https:\/\/nordicmart.andreevmaster.com\/fi\/wp-json\/wp\/v2\/product\/34148","targetHints":{"allow":["GET"]}}],"collection":[{"href":"https:\/\/nordicmart.andreevmaster.com\/fi\/wp-json\/wp\/v2\/product"}],"about":[{"href":"https:\/\/nordicmart.andreevmaster.com\/fi\/wp-json\/wp\/v2\/types\/product"}],"replies":[{"embeddable":true,"href":"https:\/\/nordicmart.andreevmaster.com\/fi\/wp-json\/wp\/v2\/comments?post=34148"}],"wp:featuredmedia":[{"embeddable":true,"href":"https:\/\/nordicmart.andreevmaster.com\/fi\/wp-json\/wp\/v2\/media\/42897"}],"wp:attachment":[{"href":"https:\/\/nordicmart.andreevmaster.com\/fi\/wp-json\/wp\/v2\/media?parent=34148"}],"wp:term":[{"taxonomy":"product_brand","embeddable":true,"href":"https:\/\/nordicmart.andreevmaster.com\/fi\/wp-json\/wp\/v2\/product_brand?post=34148"},{"taxonomy":"product_cat","embeddable":true,"href":"https:\/\/nordicmart.andreevmaster.com\/fi\/wp-json\/wp\/v2\/product_cat?post=34148"},{"taxonomy":"product_tag","embeddable":true,"href":"https:\/\/nordicmart.andreevmaster.com\/fi\/wp-json\/wp\/v2\/product_tag?post=34148"}],"curies":[{"name":"wp","href":"https:\/\/api.w.org\/{rel}","templated":true}]}}