{"id":34147,"date":"2026-02-27T00:24:27","date_gmt":"2026-02-27T00:24:27","guid":{"rendered":"https:\/\/nordicmart.andreevmaster.com\/product\/vasagle-teollinen-design-tikkaahylly-4-hyllya\/"},"modified":"2026-02-27T09:44:20","modified_gmt":"2026-02-27T09:44:20","slug":"vasagle-teollinen-design-tikkaahylly-4-hyllya","status":"publish","type":"product","link":"https:\/\/nordicmart.andreevmaster.com\/fi\/tuote\/vasagle-teollinen-design-tikkaahylly-4-hyllya\/","title":{"rendered":"VASAGLE Teollinen design-tikkaahylly, 4 hylly\u00e4"},"content":{"rendered":"<p>VASAGLE \u2013 se on mielikuvituksellinen yhdistelm\u00e4 toiminnallisuutta, kest\u00e4vyytt\u00e4 ja tyylikk\u00e4it\u00e4 vintage-malleja. Jos haluat antaa huoneillesi yksil\u00f6llisen ilmeen ja antiikkisen s\u00e4vyn, t\u00e4ll\u00e4 huonekalusarjalla voit saavuttaa vaikuttavia tuloksia. Vintage-hyllykk\u00f6 rautaisilla yksityiskohdilla  T\u00e4m\u00e4 hyllykk\u00f6 on todellinen lis\u00e4arvo paitsi romanttisen vintage-tyylin yst\u00e4ville. My\u00f6s trendikk\u00e4\u00e4n teollisen muotoilun yst\u00e4v\u00e4t voivat kaunistaa kotiaan t\u00e4ll\u00e4 huonekalulla, sill\u00e4 sen runko on mattamustaa rautaa. Ajaton tyylien sekoitus olohuoneeseesi, makuuhuoneeseesi tai eteiseesi. Katso kulissien taakse  Huonekalun kauneus ei hy\u00f6dyt\u00e4 mit\u00e4\u00e4n, jos se ei ole toimiva. Siksi hyllyss\u00e4mme on nelj\u00e4 yl\u00f6sp\u00e4in kapenevaa hylly\u00e4. Ne kest\u00e4v\u00e4t kukin 5 kg:n painon ja tarjoavat tilaa kasveille, kirjoille, s\u00e4ilytyslaatikoille tai muille esineille.  T\u00e4ydenn\u00e4 sisustustasi VASAGLE:n vintage-huonekaluilla! Tuotetiedot: V\u00e4ri: vintage-ruskea-musta Materiaali: lastulevy, ter\u00e4s Koko: 34 x 56 x 137,5 cm (S x L x K) Paino: 11,5 kg Maks. staattinen kantavuus hylly\u00e4 kohti: 5 kg Toimitus sis\u00e4lt\u00e4\u00e4: 1 x tikkaahylly 1 x lis\u00e4varustepaketti 1 x kaatumissuoja 1 x ohjeet VASAGLE-ohjeet: Tuotetta ei saa altistaa suoralle auringonvalolle.Pid\u00e4 tuote poissa ter\u00e4vien esineiden l\u00e4heisyydest\u00e4 vahingoittumisen v\u00e4ltt\u00e4miseksi.<\/p>\n","protected":false},"excerpt":{"rendered":"<p>VASAGLE hyllykk\u00f6, kirjahylly, 4-tasoinen tikkaahylly, metalli, helppo asentaa, vakaa, olohuoneeseen, makuuhuoneeseen, keitti\u00f6\u00f6n, vintage-ruskea-musta LLS44X<\/p>\n","protected":false},"featured_media":42896,"comment_status":"open","ping_status":"closed","template":"","meta":[],"product_brand":[],"product_cat":[32],"product_tag":[],"class_list":{"0":"post-34147","1":"product","2":"type-product","3":"status-publish","4":"has-post-thumbnail","6":"product_cat-uncategorized-fi","8":"first","9":"instock","10":"shipping-taxable","11":"purchasable","12":"product-type-simple"},"_links":{"self":[{"href":"https:\/\/nordicmart.andreevmaster.com\/fi\/wp-json\/wp\/v2\/product\/34147","targetHints":{"allow":["GET"]}}],"collection":[{"href":"https:\/\/nordicmart.andreevmaster.com\/fi\/wp-json\/wp\/v2\/product"}],"about":[{"href":"https:\/\/nordicmart.andreevmaster.com\/fi\/wp-json\/wp\/v2\/types\/product"}],"replies":[{"embeddable":true,"href":"https:\/\/nordicmart.andreevmaster.com\/fi\/wp-json\/wp\/v2\/comments?post=34147"}],"wp:featuredmedia":[{"embeddable":true,"href":"https:\/\/nordicmart.andreevmaster.com\/fi\/wp-json\/wp\/v2\/media\/42896"}],"wp:attachment":[{"href":"https:\/\/nordicmart.andreevmaster.com\/fi\/wp-json\/wp\/v2\/media?parent=34147"}],"wp:term":[{"taxonomy":"product_brand","embeddable":true,"href":"https:\/\/nordicmart.andreevmaster.com\/fi\/wp-json\/wp\/v2\/product_brand?post=34147"},{"taxonomy":"product_cat","embeddable":true,"href":"https:\/\/nordicmart.andreevmaster.com\/fi\/wp-json\/wp\/v2\/product_cat?post=34147"},{"taxonomy":"product_tag","embeddable":true,"href":"https:\/\/nordicmart.andreevmaster.com\/fi\/wp-json\/wp\/v2\/product_tag?post=34147"}],"curies":[{"name":"wp","href":"https:\/\/api.w.org\/{rel}","templated":true}]}}