{"id":34146,"date":"2026-02-27T00:24:27","date_gmt":"2026-02-27T00:24:27","guid":{"rendered":"https:\/\/nordicmart.andreevmaster.com\/product\/vasagle-teollinen-muotoilu-4-tasoinen-tikkaat-hylly\/"},"modified":"2026-02-27T09:44:20","modified_gmt":"2026-02-27T09:44:20","slug":"vasagle-teollinen-muotoilu-4-tasoinen-tikkaat-hylly","status":"publish","type":"product","link":"https:\/\/nordicmart.andreevmaster.com\/fi\/tuote\/vasagle-teollinen-muotoilu-4-tasoinen-tikkaat-hylly\/","title":{"rendered":"VASAGLE Teollinen muotoilu 4-tasoinen tikkaat-hylly"},"content":{"rendered":"<p>Vino mutta suora Tikkaat-hylly nojaa vinoon sein\u00e4\u00e4 vasten. Yl\u00f6sp\u00e4in kapenevat hyllytasot eiv\u00e4t kuitenkaan ole kaltevia. Voit siis huoletta sijoittaa niille kukkia ja kirjoja tai k\u00e4ytt\u00e4\u00e4 tikkaat-hylly\u00e4 keitti\u00f6ss\u00e4 elintarvikkeiden s\u00e4ilytykseen. Toimistossa tai ty\u00f6huoneessa tilaa s\u00e4\u00e4st\u00e4v\u00e4 tummanruskea kirjahylly auttaa tavaroiden s\u00e4ilytt\u00e4misess\u00e4. Miss\u00e4 huoneessa puuttuu viel\u00e4 s\u00e4ilytystilaa? Vai kiinnostaako sinua tikkaiden hyllyn omaper\u00e4inen muoto? Julkaise kuva uudesta hankinnastasi kommenteissa ja n\u00e4yt\u00e4 meille ideasi. Tuotetiedot: &#8211; V\u00e4ri: vintage-ruskea-musta &#8211; Materiaali: lastulevy, rautakehys &#8211; Koko: 64 x 35 x 150  cm (P x L x K) &#8211; Et\u00e4isyys yksitt\u00e4isten tasojen v\u00e4lill\u00e4: 33,1 cm &#8211; Paino: 11 kg &#8211; Maks. staattinen kantavuus: 40 kg Toimitus sis\u00e4lt\u00e4\u00e4: &#8211; 1 x tikkaat &#8211; 1 x lis\u00e4varustepussi &#8211; 1 x ohjeet (DE, EN, FR, ES, IT)<\/p>\n","protected":false},"excerpt":{"rendered":"<p>VASAGLE hyllykk\u00f6, tikkaat, sein\u00e4hylly 4 tasolla, kirjahylly, lis\u00e4hylly, olohuone, keitti\u00f6, toimisto, rauta, vakaa, vino, nojaa sein\u00e4\u00e4 vasten, teollinen muotoilu, vintage-ruskea-musta LLS43BX<\/p>\n","protected":false},"featured_media":42895,"comment_status":"open","ping_status":"closed","template":"","meta":[],"product_brand":[],"product_cat":[32],"product_tag":[],"class_list":{"0":"post-34146","1":"product","2":"type-product","3":"status-publish","4":"has-post-thumbnail","6":"product_cat-uncategorized-fi","8":"first","9":"instock","10":"shipping-taxable","11":"purchasable","12":"product-type-simple"},"_links":{"self":[{"href":"https:\/\/nordicmart.andreevmaster.com\/fi\/wp-json\/wp\/v2\/product\/34146","targetHints":{"allow":["GET"]}}],"collection":[{"href":"https:\/\/nordicmart.andreevmaster.com\/fi\/wp-json\/wp\/v2\/product"}],"about":[{"href":"https:\/\/nordicmart.andreevmaster.com\/fi\/wp-json\/wp\/v2\/types\/product"}],"replies":[{"embeddable":true,"href":"https:\/\/nordicmart.andreevmaster.com\/fi\/wp-json\/wp\/v2\/comments?post=34146"}],"wp:featuredmedia":[{"embeddable":true,"href":"https:\/\/nordicmart.andreevmaster.com\/fi\/wp-json\/wp\/v2\/media\/42895"}],"wp:attachment":[{"href":"https:\/\/nordicmart.andreevmaster.com\/fi\/wp-json\/wp\/v2\/media?parent=34146"}],"wp:term":[{"taxonomy":"product_brand","embeddable":true,"href":"https:\/\/nordicmart.andreevmaster.com\/fi\/wp-json\/wp\/v2\/product_brand?post=34146"},{"taxonomy":"product_cat","embeddable":true,"href":"https:\/\/nordicmart.andreevmaster.com\/fi\/wp-json\/wp\/v2\/product_cat?post=34146"},{"taxonomy":"product_tag","embeddable":true,"href":"https:\/\/nordicmart.andreevmaster.com\/fi\/wp-json\/wp\/v2\/product_tag?post=34146"}],"curies":[{"name":"wp","href":"https:\/\/api.w.org\/{rel}","templated":true}]}}