{"id":34143,"date":"2026-02-27T00:24:26","date_gmt":"2026-02-27T00:24:26","guid":{"rendered":"https:\/\/nordicmart.andreevmaster.com\/product\/vasagle-4-tasoinen-seisova-hylly\/"},"modified":"2026-02-27T09:44:19","modified_gmt":"2026-02-27T09:44:19","slug":"vasagle-4-tasoinen-seisova-hylly","status":"publish","type":"product","link":"https:\/\/nordicmart.andreevmaster.com\/fi\/tuote\/vasagle-4-tasoinen-seisova-hylly\/","title":{"rendered":"VASAGLE 4-tasoinen seisova hylly"},"content":{"rendered":"<p>Tuotetiedot: &#8211; V\u00e4ri: Vintage ruskea-musta &#8211; Materiaali: Lastulevy, metalli &#8211; Koko: 56 x 34 x 131 cm (P x L x K) Toimituksen sis\u00e4lt\u00f6: &#8211; 1 x s\u00e4ilytyshylly &#8211; 1 x tarvikepakkaus &#8211; 1 x k\u00e4ytt\u00f6ohjeet<\/p>\n","protected":false},"excerpt":{"rendered":"<p>VASAGLE seisova hylly 4 tasolla<\/p>\n","protected":false},"featured_media":42893,"comment_status":"open","ping_status":"closed","template":"","meta":[],"product_brand":[],"product_cat":[32],"product_tag":[],"class_list":{"0":"post-34143","1":"product","2":"type-product","3":"status-publish","4":"has-post-thumbnail","6":"product_cat-uncategorized-fi","8":"first","9":"instock","10":"shipping-taxable","11":"purchasable","12":"product-type-simple"},"_links":{"self":[{"href":"https:\/\/nordicmart.andreevmaster.com\/fi\/wp-json\/wp\/v2\/product\/34143","targetHints":{"allow":["GET"]}}],"collection":[{"href":"https:\/\/nordicmart.andreevmaster.com\/fi\/wp-json\/wp\/v2\/product"}],"about":[{"href":"https:\/\/nordicmart.andreevmaster.com\/fi\/wp-json\/wp\/v2\/types\/product"}],"replies":[{"embeddable":true,"href":"https:\/\/nordicmart.andreevmaster.com\/fi\/wp-json\/wp\/v2\/comments?post=34143"}],"wp:featuredmedia":[{"embeddable":true,"href":"https:\/\/nordicmart.andreevmaster.com\/fi\/wp-json\/wp\/v2\/media\/42893"}],"wp:attachment":[{"href":"https:\/\/nordicmart.andreevmaster.com\/fi\/wp-json\/wp\/v2\/media?parent=34143"}],"wp:term":[{"taxonomy":"product_brand","embeddable":true,"href":"https:\/\/nordicmart.andreevmaster.com\/fi\/wp-json\/wp\/v2\/product_brand?post=34143"},{"taxonomy":"product_cat","embeddable":true,"href":"https:\/\/nordicmart.andreevmaster.com\/fi\/wp-json\/wp\/v2\/product_cat?post=34143"},{"taxonomy":"product_tag","embeddable":true,"href":"https:\/\/nordicmart.andreevmaster.com\/fi\/wp-json\/wp\/v2\/product_tag?post=34143"}],"curies":[{"name":"wp","href":"https:\/\/api.w.org\/{rel}","templated":true}]}}