{"id":34142,"date":"2026-02-27T00:24:26","date_gmt":"2026-02-27T00:24:26","guid":{"rendered":"https:\/\/nordicmart.andreevmaster.com\/product\/vasagle-5-tasoinen-tikkaahylly-mattavalkoinen-luonnonvari\/"},"modified":"2026-02-27T09:44:19","modified_gmt":"2026-02-27T09:44:19","slug":"vasagle-5-tasoinen-tikkaahylly-mattavalkoinen-luonnonvari","status":"publish","type":"product","link":"https:\/\/nordicmart.andreevmaster.com\/fi\/tuote\/vasagle-5-tasoinen-tikkaahylly-mattavalkoinen-luonnonvari\/","title":{"rendered":"VASAGLE 5-tasoinen tikkaahylly, mattavalkoinen-luonnonv\u00e4ri"},"content":{"rendered":"<p>Yksi hylly, monia mahdollisuuksia: Yksi t\u00e4m\u00e4n monipuolisen hyllyn upeista ominaisuuksista on, ett\u00e4 se voi olla mit\u00e4 tahansa haluat \u2013 se on monik\u00e4ytt\u00f6inen. K\u00e4yt\u00e4 sit\u00e4 koristeiden esittelytelineen\u00e4, keitti\u00f6ss\u00e4 mausteiden ja kulhojen s\u00e4ilytykseen tai kylpyhuoneessa hygieniatuotteiden ja pyyhkeiden s\u00e4ilytykseen. Pieniin tiloihin: Kapean muodon ja yksinkertaisen muotoilun ansiosta pystysuora tila hy\u00f6dynnet\u00e4\u00e4n optimaalisesti. Aseta se vain tyhj\u00e4\u00e4n nurkkaan! Tuotetiedot: V\u00e4ri: Mattavalkoinen-luonnonv\u00e4rit Materiaali: MDF (keskitihe\u00e4 kuitulevy), m\u00e4ntypuuta Koko: 60 x 35 x 171 cm (P x L x K) Paino: 8,6 kg Maks. staattinen kantavuus tasoa kohti: 5 kg Toimitus sis\u00e4lt\u00e4\u00e4: 1 x tikkaat 1 x lis\u00e4varustepaketti 1 x kaatumissuoja 1 x ohjeet (DE, EN, ES, FR, IT) VASAGLE-ohjeet:Kiinnit\u00e4 t\u00e4m\u00e4 tuote sein\u00e4\u00e4n mukana toimitetulla kaatumissuojalla. Turvallisuussyist\u00e4 lapset eiv\u00e4t saa kiivet\u00e4 tuotteelle tai leikki\u00e4 sill\u00e4.<\/p>\n","protected":false},"excerpt":{"rendered":"<p>VASAGLE tikkaahylly, 5-tasoinen hylly, kirjahylly, olohuoneeseen, keitti\u00f6\u00f6n, toimistoon, massiivipuinen runko, helppo asentaa, nojaa sein\u00e4\u00e4 vasten, mattavalkoinen-luonnonv\u00e4ri LLS201N01<\/p>\n","protected":false},"featured_media":42892,"comment_status":"open","ping_status":"closed","template":"","meta":[],"product_brand":[],"product_cat":[32],"product_tag":[],"class_list":{"0":"post-34142","1":"product","2":"type-product","3":"status-publish","4":"has-post-thumbnail","6":"product_cat-uncategorized-fi","8":"first","9":"instock","10":"shipping-taxable","11":"purchasable","12":"product-type-simple"},"_links":{"self":[{"href":"https:\/\/nordicmart.andreevmaster.com\/fi\/wp-json\/wp\/v2\/product\/34142","targetHints":{"allow":["GET"]}}],"collection":[{"href":"https:\/\/nordicmart.andreevmaster.com\/fi\/wp-json\/wp\/v2\/product"}],"about":[{"href":"https:\/\/nordicmart.andreevmaster.com\/fi\/wp-json\/wp\/v2\/types\/product"}],"replies":[{"embeddable":true,"href":"https:\/\/nordicmart.andreevmaster.com\/fi\/wp-json\/wp\/v2\/comments?post=34142"}],"wp:featuredmedia":[{"embeddable":true,"href":"https:\/\/nordicmart.andreevmaster.com\/fi\/wp-json\/wp\/v2\/media\/42892"}],"wp:attachment":[{"href":"https:\/\/nordicmart.andreevmaster.com\/fi\/wp-json\/wp\/v2\/media?parent=34142"}],"wp:term":[{"taxonomy":"product_brand","embeddable":true,"href":"https:\/\/nordicmart.andreevmaster.com\/fi\/wp-json\/wp\/v2\/product_brand?post=34142"},{"taxonomy":"product_cat","embeddable":true,"href":"https:\/\/nordicmart.andreevmaster.com\/fi\/wp-json\/wp\/v2\/product_cat?post=34142"},{"taxonomy":"product_tag","embeddable":true,"href":"https:\/\/nordicmart.andreevmaster.com\/fi\/wp-json\/wp\/v2\/product_tag?post=34142"}],"curies":[{"name":"wp","href":"https:\/\/api.w.org\/{rel}","templated":true}]}}