{"id":34138,"date":"2026-02-27T00:24:25","date_gmt":"2026-02-27T00:24:25","guid":{"rendered":"https:\/\/nordicmart.andreevmaster.com\/product\/vasagle-hyllykko-5-hyllya-ja-s-koukut\/"},"modified":"2026-02-27T09:44:18","modified_gmt":"2026-02-27T09:44:18","slug":"vasagle-hyllykko-5-hyllya-ja-s-koukut","status":"publish","type":"product","link":"https:\/\/nordicmart.andreevmaster.com\/fi\/tuote\/vasagle-hyllykko-5-hyllya-ja-s-koukut\/","title":{"rendered":"VASAGLE-hyllykk\u00f6, 5 hylly\u00e4 ja S-koukut"},"content":{"rendered":"<p>VASAGLE Kirjahylly, toimistohylly, keitti\u00f6hylly, 4 hyllyll\u00e4 varustettu seisomahylly, 4 S-koukkua mukana, toimisto, olohuone, kotitoimisto, tukeva ter\u00e4srunko, teollinen muotoilu, vintage-ruskea-musta LBC023B01<br \/>\nV\u00e4ri: vintage-ruskea-mustanmusta<br \/>\nMateriaali: lastulevy, ter\u00e4s<br \/>\nKoko: 30 x 40 x 175,6 cm (S x L x K)<br \/>\nPaino: 12,5 kg<br \/>\nMaks. staattinen kantavuus hyllytasoa kohti: 10 kg<br \/>\nMaks. staattinen kokonaiskuormitus: 60 kg<\/p>\n","protected":false},"excerpt":{"rendered":"<p>VASAGLE Kirjahylly, toimistohylly, keitti\u00f6hylly, 4 hyllyll\u00e4 varustettu seisomahylly, 4 S-koukkua mukana, toimisto, olohuone, kotitoimisto, tukeva ter\u00e4srunko, teollinen muotoilu, vintage-ruskea-musta LBC023B01<\/p>\n","protected":false},"featured_media":42888,"comment_status":"open","ping_status":"closed","template":"","meta":[],"product_brand":[],"product_cat":[32],"product_tag":[],"class_list":{"0":"post-34138","1":"product","2":"type-product","3":"status-publish","4":"has-post-thumbnail","6":"product_cat-uncategorized-fi","8":"first","9":"instock","10":"shipping-taxable","11":"purchasable","12":"product-type-simple"},"_links":{"self":[{"href":"https:\/\/nordicmart.andreevmaster.com\/fi\/wp-json\/wp\/v2\/product\/34138","targetHints":{"allow":["GET"]}}],"collection":[{"href":"https:\/\/nordicmart.andreevmaster.com\/fi\/wp-json\/wp\/v2\/product"}],"about":[{"href":"https:\/\/nordicmart.andreevmaster.com\/fi\/wp-json\/wp\/v2\/types\/product"}],"replies":[{"embeddable":true,"href":"https:\/\/nordicmart.andreevmaster.com\/fi\/wp-json\/wp\/v2\/comments?post=34138"}],"wp:featuredmedia":[{"embeddable":true,"href":"https:\/\/nordicmart.andreevmaster.com\/fi\/wp-json\/wp\/v2\/media\/42888"}],"wp:attachment":[{"href":"https:\/\/nordicmart.andreevmaster.com\/fi\/wp-json\/wp\/v2\/media?parent=34138"}],"wp:term":[{"taxonomy":"product_brand","embeddable":true,"href":"https:\/\/nordicmart.andreevmaster.com\/fi\/wp-json\/wp\/v2\/product_brand?post=34138"},{"taxonomy":"product_cat","embeddable":true,"href":"https:\/\/nordicmart.andreevmaster.com\/fi\/wp-json\/wp\/v2\/product_cat?post=34138"},{"taxonomy":"product_tag","embeddable":true,"href":"https:\/\/nordicmart.andreevmaster.com\/fi\/wp-json\/wp\/v2\/product_tag?post=34138"}],"curies":[{"name":"wp","href":"https:\/\/api.w.org\/{rel}","templated":true}]}}