{"id":34135,"date":"2026-02-27T00:24:24","date_gmt":"2026-02-27T00:24:24","guid":{"rendered":"https:\/\/nordicmart.andreevmaster.com\/product\/vasagle-kirjahylly-metallirungolla-ja-14-hyllylla-vintage-ruskea-mustanmusta\/"},"modified":"2026-02-27T09:44:18","modified_gmt":"2026-02-27T09:44:18","slug":"vasagle-kirjahylly-metallirungolla-ja-14-hyllylla-vintage-ruskea-mustanmusta","status":"publish","type":"product","link":"https:\/\/nordicmart.andreevmaster.com\/fi\/tuote\/vasagle-kirjahylly-metallirungolla-ja-14-hyllylla-vintage-ruskea-mustanmusta\/","title":{"rendered":"VASAGLE kirjahylly metallirungolla ja 14 hyllyll\u00e4, vintage-ruskea-mustanmusta"},"content":{"rendered":"<p>VASAGLE Kirjahylly, tikkaahylly, 14 hylly\u00e4, metallirunko, olohuoneeseen, ty\u00f6huoneeseen, toimistoon, teollinen muotoilu, 158 x 24 x 166 cm, vintage-ruskea-musta LLS107B01<br \/>\nV\u00e4ri: vintage-ruskea-mustanmusta<br \/>\nMateriaali: lastulevy, ter\u00e4s<br \/>\nKoko: 24 x 128 x 166 cm (S x L x K)<br \/>\nPaino: 22,3 kg<br \/>\nMaks. staattinen kantavuus tasoa kohti: 8 kg<br \/>\nMaks. staattinen kantavuus yhteens\u00e4: 112 kg<\/p>\n","protected":false},"excerpt":{"rendered":"<p>VASAGLE Kirjahylly, tikkaahylly, 14 hylly\u00e4, metallirunko, olohuoneeseen, ty\u00f6huoneeseen, toimistoon, teollinen muotoilu, 158 x 24 x 166 cm, vintage-ruskea-musta LLS107B01<\/p>\n","protected":false},"featured_media":42885,"comment_status":"open","ping_status":"closed","template":"","meta":[],"product_brand":[],"product_cat":[32],"product_tag":[],"class_list":{"0":"post-34135","1":"product","2":"type-product","3":"status-publish","4":"has-post-thumbnail","6":"product_cat-uncategorized-fi","8":"first","9":"instock","10":"shipping-taxable","11":"purchasable","12":"product-type-simple"},"_links":{"self":[{"href":"https:\/\/nordicmart.andreevmaster.com\/fi\/wp-json\/wp\/v2\/product\/34135","targetHints":{"allow":["GET"]}}],"collection":[{"href":"https:\/\/nordicmart.andreevmaster.com\/fi\/wp-json\/wp\/v2\/product"}],"about":[{"href":"https:\/\/nordicmart.andreevmaster.com\/fi\/wp-json\/wp\/v2\/types\/product"}],"replies":[{"embeddable":true,"href":"https:\/\/nordicmart.andreevmaster.com\/fi\/wp-json\/wp\/v2\/comments?post=34135"}],"wp:featuredmedia":[{"embeddable":true,"href":"https:\/\/nordicmart.andreevmaster.com\/fi\/wp-json\/wp\/v2\/media\/42885"}],"wp:attachment":[{"href":"https:\/\/nordicmart.andreevmaster.com\/fi\/wp-json\/wp\/v2\/media?parent=34135"}],"wp:term":[{"taxonomy":"product_brand","embeddable":true,"href":"https:\/\/nordicmart.andreevmaster.com\/fi\/wp-json\/wp\/v2\/product_brand?post=34135"},{"taxonomy":"product_cat","embeddable":true,"href":"https:\/\/nordicmart.andreevmaster.com\/fi\/wp-json\/wp\/v2\/product_cat?post=34135"},{"taxonomy":"product_tag","embeddable":true,"href":"https:\/\/nordicmart.andreevmaster.com\/fi\/wp-json\/wp\/v2\/product_tag?post=34135"}],"curies":[{"name":"wp","href":"https:\/\/api.w.org\/{rel}","templated":true}]}}