{"id":34131,"date":"2026-02-27T00:24:23","date_gmt":"2026-02-27T00:24:23","guid":{"rendered":"https:\/\/nordicmart.andreevmaster.com\/product\/vasagle-hyllykko-5-avointa-hyllytasoa-vintage-ruskea-musta\/"},"modified":"2026-02-27T09:44:17","modified_gmt":"2026-02-27T09:44:17","slug":"vasagle-hyllykko-5-avointa-hyllytasoa-vintage-ruskea-musta","status":"publish","type":"product","link":"https:\/\/nordicmart.andreevmaster.com\/fi\/tuote\/vasagle-hyllykko-5-avointa-hyllytasoa-vintage-ruskea-musta\/","title":{"rendered":"VASAGLE hyllykk\u00f6, 5 avointa hyllytasoa, vintage-ruskea-musta"},"content":{"rendered":"<p>VASAGLE kirjahylly, keitti\u00f6hylly, 5 avoimella hyllytasolla varustettu hyllykk\u00f6, eteinen, keitti\u00f6, toimisto, tukeva ter\u00e4srunko, teollinen muotoilu, vintage-ruskea-musta LLS025B01<br \/>\nV\u00e4ri: vintage-ruskea-musta<br \/>\nMateriaali: lastulevy, ter\u00e4s<br \/>\nKoko: 24 x 128 x 154,1 cm (S x L x K)<br \/>\nPaino: 21,2 kg<br \/>\nHyllytasojen maks. staattinen kantavuus: 10 kg<\/p>\n","protected":false},"excerpt":{"rendered":"<p>VASAGLE kirjahylly, keitti\u00f6hylly, 5 avoimella hyllytasolla varustettu hyllykk\u00f6, eteinen, keitti\u00f6, toimisto, tukeva ter\u00e4srunko, teollinen muotoilu, vintage-ruskea-musta LLS025B01<\/p>\n","protected":false},"featured_media":42881,"comment_status":"open","ping_status":"closed","template":"","meta":[],"product_brand":[],"product_cat":[32],"product_tag":[],"class_list":{"0":"post-34131","1":"product","2":"type-product","3":"status-publish","4":"has-post-thumbnail","6":"product_cat-uncategorized-fi","8":"first","9":"instock","10":"shipping-taxable","11":"purchasable","12":"product-type-simple"},"_links":{"self":[{"href":"https:\/\/nordicmart.andreevmaster.com\/fi\/wp-json\/wp\/v2\/product\/34131","targetHints":{"allow":["GET"]}}],"collection":[{"href":"https:\/\/nordicmart.andreevmaster.com\/fi\/wp-json\/wp\/v2\/product"}],"about":[{"href":"https:\/\/nordicmart.andreevmaster.com\/fi\/wp-json\/wp\/v2\/types\/product"}],"replies":[{"embeddable":true,"href":"https:\/\/nordicmart.andreevmaster.com\/fi\/wp-json\/wp\/v2\/comments?post=34131"}],"wp:featuredmedia":[{"embeddable":true,"href":"https:\/\/nordicmart.andreevmaster.com\/fi\/wp-json\/wp\/v2\/media\/42881"}],"wp:attachment":[{"href":"https:\/\/nordicmart.andreevmaster.com\/fi\/wp-json\/wp\/v2\/media?parent=34131"}],"wp:term":[{"taxonomy":"product_brand","embeddable":true,"href":"https:\/\/nordicmart.andreevmaster.com\/fi\/wp-json\/wp\/v2\/product_brand?post=34131"},{"taxonomy":"product_cat","embeddable":true,"href":"https:\/\/nordicmart.andreevmaster.com\/fi\/wp-json\/wp\/v2\/product_cat?post=34131"},{"taxonomy":"product_tag","embeddable":true,"href":"https:\/\/nordicmart.andreevmaster.com\/fi\/wp-json\/wp\/v2\/product_tag?post=34131"}],"curies":[{"name":"wp","href":"https:\/\/api.w.org\/{rel}","templated":true}]}}