{"id":34128,"date":"2026-02-27T00:24:22","date_gmt":"2026-02-27T00:24:22","guid":{"rendered":"https:\/\/nordicmart.andreevmaster.com\/product\/vasagle-hyllykko-jossa-on-kuusi-tasoa-ja-joka-voidaan-koota-ilman-tyokaluja\/"},"modified":"2026-02-27T09:44:16","modified_gmt":"2026-02-27T09:44:16","slug":"vasagle-hyllykko-jossa-on-kuusi-tasoa-ja-joka-voidaan-koota-ilman-tyokaluja","status":"publish","type":"product","link":"https:\/\/nordicmart.andreevmaster.com\/fi\/tuote\/vasagle-hyllykko-jossa-on-kuusi-tasoa-ja-joka-voidaan-koota-ilman-tyokaluja\/","title":{"rendered":"VASAGLE-hyllykk\u00f6, jossa on kuusi tasoa ja joka voidaan koota ilman ty\u00f6kaluja"},"content":{"rendered":"<p>VASAGLE Eritt\u00e4in nopea asennus ilman ty\u00f6kaluja, 5-tasoinen hylly, lattialla seisova hylly, s\u00e4ilytyshylly, 23,8 x 38 x 139 cm, olohuone, makuuhuone, keitti\u00f6, vintage-ruskea-mustanmusta LLS135K01<br \/>\nV\u00e4ri: vintage-ruskea-mustanmusta<br \/>\nMateriaali: lastulevy, ter\u00e4s<br \/>\nKoko: 23,8 x 38 x 173,4 cm (S x L x K)<br \/>\nPaino: 6,7 kg<br \/>\nSuurin staattinen kantavuus hylly\u00e4 kohti: 6 kg<br \/>\nMaks. staattinen kokonaiskuormitus: 36 kg<\/p>\n","protected":false},"excerpt":{"rendered":"<p>VASAGLE Eritt\u00e4in nopea asennus ilman ty\u00f6kaluja, 5-tasoinen hylly, lattialla seisova hylly, s\u00e4ilytyshylly, 23,8 x 38 x 139 cm, olohuone, makuuhuone, keitti\u00f6, vintage-ruskea-mustanmusta LLS135K01<\/p>\n","protected":false},"featured_media":42878,"comment_status":"open","ping_status":"closed","template":"","meta":[],"product_brand":[],"product_cat":[32],"product_tag":[],"class_list":{"0":"post-34128","1":"product","2":"type-product","3":"status-publish","4":"has-post-thumbnail","6":"product_cat-uncategorized-fi","8":"first","9":"instock","10":"shipping-taxable","11":"purchasable","12":"product-type-simple"},"_links":{"self":[{"href":"https:\/\/nordicmart.andreevmaster.com\/fi\/wp-json\/wp\/v2\/product\/34128","targetHints":{"allow":["GET"]}}],"collection":[{"href":"https:\/\/nordicmart.andreevmaster.com\/fi\/wp-json\/wp\/v2\/product"}],"about":[{"href":"https:\/\/nordicmart.andreevmaster.com\/fi\/wp-json\/wp\/v2\/types\/product"}],"replies":[{"embeddable":true,"href":"https:\/\/nordicmart.andreevmaster.com\/fi\/wp-json\/wp\/v2\/comments?post=34128"}],"wp:featuredmedia":[{"embeddable":true,"href":"https:\/\/nordicmart.andreevmaster.com\/fi\/wp-json\/wp\/v2\/media\/42878"}],"wp:attachment":[{"href":"https:\/\/nordicmart.andreevmaster.com\/fi\/wp-json\/wp\/v2\/media?parent=34128"}],"wp:term":[{"taxonomy":"product_brand","embeddable":true,"href":"https:\/\/nordicmart.andreevmaster.com\/fi\/wp-json\/wp\/v2\/product_brand?post=34128"},{"taxonomy":"product_cat","embeddable":true,"href":"https:\/\/nordicmart.andreevmaster.com\/fi\/wp-json\/wp\/v2\/product_cat?post=34128"},{"taxonomy":"product_tag","embeddable":true,"href":"https:\/\/nordicmart.andreevmaster.com\/fi\/wp-json\/wp\/v2\/product_tag?post=34128"}],"curies":[{"name":"wp","href":"https:\/\/api.w.org\/{rel}","templated":true}]}}