{"id":34125,"date":"2026-02-27T00:24:21","date_gmt":"2026-02-27T00:24:21","guid":{"rendered":"https:\/\/nordicmart.andreevmaster.com\/product\/vasagle-kirjahylly-4-hyllya-vintage-ruskea-mustanmusta\/"},"modified":"2026-02-27T09:44:16","modified_gmt":"2026-02-27T09:44:16","slug":"vasagle-kirjahylly-4-hyllya-vintage-ruskea-mustanmusta","status":"publish","type":"product","link":"https:\/\/nordicmart.andreevmaster.com\/fi\/tuote\/vasagle-kirjahylly-4-hyllya-vintage-ruskea-mustanmusta\/","title":{"rendered":"VASAGLE kirjahylly, 4 hylly\u00e4, vintage-ruskea-mustanmusta"},"content":{"rendered":"<p>VASAGLE kirjahylly, hylly 4 hyllyll\u00e4, lattialla seisova hylly, 30 x 100 x 103 cm, s\u00e4ilytyshylly, olohuoneeseen, toimistoon, makuuhuoneeseen, keitti\u00f6\u00f6n, eebenpuunmusta-mustanmusta LLS134B56<br \/>\nV\u00e4ri: vintage-ruskea-mustanmusta<br \/>\nMateriaali: lastulevy, ter\u00e4s<br \/>\nKoko: 30 x 100 x 103 cm (S x L x K)<br \/>\nPaino: 14,3 kg<br \/>\nMaks. staattinen kokonaiskuormitus: 45 kg<br \/>\nKeskimm\u00e4isen hyllyn maks. staattinen kantavuus: 9 kg<br \/>\nYl\u00e4- tai alahyllyn maks. staattinen kantavuus: 13,5 kg<\/p>\n","protected":false},"excerpt":{"rendered":"<p>VASAGLE kirjahylly, hylly 4 hyllyll\u00e4, lattialla seisova hylly, 30 x 100 x 103 cm, s\u00e4ilytyshylly, olohuoneeseen, toimistoon, makuuhuoneeseen, keitti\u00f6\u00f6n, eebenpuunmusta-mustanmusta LLS134B56<\/p>\n","protected":false},"featured_media":42875,"comment_status":"open","ping_status":"closed","template":"","meta":[],"product_brand":[],"product_cat":[32],"product_tag":[],"class_list":{"0":"post-34125","1":"product","2":"type-product","3":"status-publish","4":"has-post-thumbnail","6":"product_cat-uncategorized-fi","8":"first","9":"instock","10":"shipping-taxable","11":"purchasable","12":"product-type-simple"},"_links":{"self":[{"href":"https:\/\/nordicmart.andreevmaster.com\/fi\/wp-json\/wp\/v2\/product\/34125","targetHints":{"allow":["GET"]}}],"collection":[{"href":"https:\/\/nordicmart.andreevmaster.com\/fi\/wp-json\/wp\/v2\/product"}],"about":[{"href":"https:\/\/nordicmart.andreevmaster.com\/fi\/wp-json\/wp\/v2\/types\/product"}],"replies":[{"embeddable":true,"href":"https:\/\/nordicmart.andreevmaster.com\/fi\/wp-json\/wp\/v2\/comments?post=34125"}],"wp:featuredmedia":[{"embeddable":true,"href":"https:\/\/nordicmart.andreevmaster.com\/fi\/wp-json\/wp\/v2\/media\/42875"}],"wp:attachment":[{"href":"https:\/\/nordicmart.andreevmaster.com\/fi\/wp-json\/wp\/v2\/media?parent=34125"}],"wp:term":[{"taxonomy":"product_brand","embeddable":true,"href":"https:\/\/nordicmart.andreevmaster.com\/fi\/wp-json\/wp\/v2\/product_brand?post=34125"},{"taxonomy":"product_cat","embeddable":true,"href":"https:\/\/nordicmart.andreevmaster.com\/fi\/wp-json\/wp\/v2\/product_cat?post=34125"},{"taxonomy":"product_tag","embeddable":true,"href":"https:\/\/nordicmart.andreevmaster.com\/fi\/wp-json\/wp\/v2\/product_tag?post=34125"}],"curies":[{"name":"wp","href":"https:\/\/api.w.org\/{rel}","templated":true}]}}