{"id":34120,"date":"2026-02-27T00:24:20","date_gmt":"2026-02-27T00:24:20","guid":{"rendered":"https:\/\/nordicmart.andreevmaster.com\/product\/vasagle-kirjahylly-24-x-40-x-1595-cm-eebenpuunmusta-mustanmusta\/"},"modified":"2026-02-27T09:44:15","modified_gmt":"2026-02-27T09:44:15","slug":"vasagle-kirjahylly-24-x-40-x-1595-cm-eebenpuunmusta-mustanmusta","status":"publish","type":"product","link":"https:\/\/nordicmart.andreevmaster.com\/fi\/tuote\/vasagle-kirjahylly-24-x-40-x-1595-cm-eebenpuunmusta-mustanmusta\/","title":{"rendered":"VASAGLE kirjahylly 24 x 40 x 159,5 cm eebenpuunmusta-mustanmusta"},"content":{"rendered":"<p>VASAGLE kirjahylly, 6 tasoa, hyllykk\u00f6, hyllykk\u00f6 ovilla, metallirunko, s\u00e4\u00e4dett\u00e4v\u00e4t hyllyt, 24 x 40 x 159,5 cm, olohuoneeseen, makuuhuoneeseen, eebenpuunmusta-mustanmusta LLS132B01<br \/>\nV\u00e4ri: eebenpuunmusta + muste musta<br \/>\nTuotteen mitat: 24 x 40 x 159,5 cm; 11,6 kg<br \/>\nTuotteen paino: 11,6 kg<\/p>\n","protected":false},"excerpt":{"rendered":"<p>VASAGLE kirjahylly, 6 tasoa, hyllykk\u00f6, hyllykk\u00f6 ovilla, metallirunko, s\u00e4\u00e4dett\u00e4v\u00e4t hyllyt, 24 x 40 x 159,5 cm, olohuoneeseen, makuuhuoneeseen, eebenpuunmusta-mustanmusta LLS132B01<\/p>\n","protected":false},"featured_media":42871,"comment_status":"open","ping_status":"closed","template":"","meta":[],"product_brand":[],"product_cat":[32],"product_tag":[],"class_list":{"0":"post-34120","1":"product","2":"type-product","3":"status-publish","4":"has-post-thumbnail","6":"product_cat-uncategorized-fi","8":"first","9":"instock","10":"shipping-taxable","11":"purchasable","12":"product-type-simple"},"_links":{"self":[{"href":"https:\/\/nordicmart.andreevmaster.com\/fi\/wp-json\/wp\/v2\/product\/34120","targetHints":{"allow":["GET"]}}],"collection":[{"href":"https:\/\/nordicmart.andreevmaster.com\/fi\/wp-json\/wp\/v2\/product"}],"about":[{"href":"https:\/\/nordicmart.andreevmaster.com\/fi\/wp-json\/wp\/v2\/types\/product"}],"replies":[{"embeddable":true,"href":"https:\/\/nordicmart.andreevmaster.com\/fi\/wp-json\/wp\/v2\/comments?post=34120"}],"wp:featuredmedia":[{"embeddable":true,"href":"https:\/\/nordicmart.andreevmaster.com\/fi\/wp-json\/wp\/v2\/media\/42871"}],"wp:attachment":[{"href":"https:\/\/nordicmart.andreevmaster.com\/fi\/wp-json\/wp\/v2\/media?parent=34120"}],"wp:term":[{"taxonomy":"product_brand","embeddable":true,"href":"https:\/\/nordicmart.andreevmaster.com\/fi\/wp-json\/wp\/v2\/product_brand?post=34120"},{"taxonomy":"product_cat","embeddable":true,"href":"https:\/\/nordicmart.andreevmaster.com\/fi\/wp-json\/wp\/v2\/product_cat?post=34120"},{"taxonomy":"product_tag","embeddable":true,"href":"https:\/\/nordicmart.andreevmaster.com\/fi\/wp-json\/wp\/v2\/product_tag?post=34120"}],"curies":[{"name":"wp","href":"https:\/\/api.w.org\/{rel}","templated":true}]}}