{"id":34115,"date":"2026-02-27T00:24:18","date_gmt":"2026-02-27T00:24:18","guid":{"rendered":"https:\/\/nordicmart.andreevmaster.com\/product\/vasagle-kirjahylly-4-tasoa-kirjanpitimet-luonnonbeige-pilvinen-valkoinen\/"},"modified":"2026-02-27T09:44:14","modified_gmt":"2026-02-27T09:44:14","slug":"vasagle-kirjahylly-4-tasoa-kirjanpitimet-luonnonbeige-pilvinen-valkoinen","status":"publish","type":"product","link":"https:\/\/nordicmart.andreevmaster.com\/fi\/tuote\/vasagle-kirjahylly-4-tasoa-kirjanpitimet-luonnonbeige-pilvinen-valkoinen\/","title":{"rendered":"VASAGLE kirjahylly, 4 tasoa, kirjanpitimet, luonnonbeige-pilvinen valkoinen"},"content":{"rendered":"<p>VASAGLE Kirjahylly 4 tasoa, k\u00e4\u00e4ntyv\u00e4 hylly kirjatukilla, seisomahylly pieniin tiloihin, s\u00e4ilytyshylly, kulmahylly, ter\u00e4srunko<br \/>\nV\u00e4ri: luonnonbeige-pilvinen valkoinen<br \/>\nMateriaali: lastulevy, ter\u00e4s<br \/>\nKoko: 43 x 43 x 158 cm (S x L x K)<br \/>\nPaino: 20 kg<br \/>\nMaks. staattinen kokonaiskuormitus: 60 kg<\/p>\n","protected":false},"excerpt":{"rendered":"<p>VASAGLE Kirjahylly 4 tasoa, k\u00e4\u00e4ntyv\u00e4 hylly kirjatukilla, seisomahylly pieniin tiloihin, s\u00e4ilytyshylly, kulmahylly, ter\u00e4srunko<\/p>\n","protected":false},"featured_media":42866,"comment_status":"open","ping_status":"closed","template":"","meta":[],"product_brand":[],"product_cat":[32],"product_tag":[],"class_list":{"0":"post-34115","1":"product","2":"type-product","3":"status-publish","4":"has-post-thumbnail","6":"product_cat-uncategorized-fi","8":"first","9":"instock","10":"shipping-taxable","11":"purchasable","12":"product-type-simple"},"_links":{"self":[{"href":"https:\/\/nordicmart.andreevmaster.com\/fi\/wp-json\/wp\/v2\/product\/34115","targetHints":{"allow":["GET"]}}],"collection":[{"href":"https:\/\/nordicmart.andreevmaster.com\/fi\/wp-json\/wp\/v2\/product"}],"about":[{"href":"https:\/\/nordicmart.andreevmaster.com\/fi\/wp-json\/wp\/v2\/types\/product"}],"replies":[{"embeddable":true,"href":"https:\/\/nordicmart.andreevmaster.com\/fi\/wp-json\/wp\/v2\/comments?post=34115"}],"wp:featuredmedia":[{"embeddable":true,"href":"https:\/\/nordicmart.andreevmaster.com\/fi\/wp-json\/wp\/v2\/media\/42866"}],"wp:attachment":[{"href":"https:\/\/nordicmart.andreevmaster.com\/fi\/wp-json\/wp\/v2\/media?parent=34115"}],"wp:term":[{"taxonomy":"product_brand","embeddable":true,"href":"https:\/\/nordicmart.andreevmaster.com\/fi\/wp-json\/wp\/v2\/product_brand?post=34115"},{"taxonomy":"product_cat","embeddable":true,"href":"https:\/\/nordicmart.andreevmaster.com\/fi\/wp-json\/wp\/v2\/product_cat?post=34115"},{"taxonomy":"product_tag","embeddable":true,"href":"https:\/\/nordicmart.andreevmaster.com\/fi\/wp-json\/wp\/v2\/product_tag?post=34115"}],"curies":[{"name":"wp","href":"https:\/\/api.w.org\/{rel}","templated":true}]}}