{"id":34110,"date":"2026-02-27T00:24:17","date_gmt":"2026-02-27T00:24:17","guid":{"rendered":"https:\/\/nordicmart.andreevmaster.com\/product\/vasagle-kirjahylly-ovilla-rottinkimainen-ulkonako-puunvarinen-musta-matta-musta\/"},"modified":"2026-02-27T09:44:12","modified_gmt":"2026-02-27T09:44:12","slug":"vasagle-kirjahylly-ovilla-rottinkimainen-ulkonako-puunvarinen-musta-matta-musta","status":"publish","type":"product","link":"https:\/\/nordicmart.andreevmaster.com\/fi\/tuote\/vasagle-kirjahylly-ovilla-rottinkimainen-ulkonako-puunvarinen-musta-matta-musta\/","title":{"rendered":"VASAGLE Kirjahylly ovilla, rottinkimainen ulkon\u00e4k\u00f6 puunv\u00e4rinen musta-matta musta"},"content":{"rendered":"<p>VASAGLE Kirjaston s\u00e4ilytyshylly 6 tasoa, korkea hylly, lattialla seisova hylly, rottinkimaiset ovet, boho-tyyli, metallirunko, s\u00e4\u00e4dett\u00e4v\u00e4 hylly, olohuoneeseen<br \/>\nV\u00e4ri: eebenpuu-matta musta<br \/>\nMateriaali: ter\u00e4s, lastulevy, PE-rottinki (polyeteeni)<br \/>\nKoko: 30 x 76,4 x 174,7 cm (S x L x K)<br \/>\nPaino: 25,1 kg<br \/>\nMaks. staattinen kantavuus per taso: 20 kg<br \/>\nMaks. staattinen kokonaiskuormitus: 120 kg<\/p>\n","protected":false},"excerpt":{"rendered":"<p>VASAGLE Kirjaston s\u00e4ilytyshylly 6 tasoa, korkea hylly, lattialla seisova hylly, rottinkimaiset ovet, boho-tyyli, metallirunko, s\u00e4\u00e4dett\u00e4v\u00e4 hylly, olohuoneeseen<\/p>\n","protected":false},"featured_media":42861,"comment_status":"open","ping_status":"closed","template":"","meta":[],"product_brand":[],"product_cat":[32],"product_tag":[],"class_list":{"0":"post-34110","1":"product","2":"type-product","3":"status-publish","4":"has-post-thumbnail","6":"product_cat-uncategorized-fi","8":"first","9":"instock","10":"shipping-taxable","11":"purchasable","12":"product-type-simple"},"_links":{"self":[{"href":"https:\/\/nordicmart.andreevmaster.com\/fi\/wp-json\/wp\/v2\/product\/34110","targetHints":{"allow":["GET"]}}],"collection":[{"href":"https:\/\/nordicmart.andreevmaster.com\/fi\/wp-json\/wp\/v2\/product"}],"about":[{"href":"https:\/\/nordicmart.andreevmaster.com\/fi\/wp-json\/wp\/v2\/types\/product"}],"replies":[{"embeddable":true,"href":"https:\/\/nordicmart.andreevmaster.com\/fi\/wp-json\/wp\/v2\/comments?post=34110"}],"wp:featuredmedia":[{"embeddable":true,"href":"https:\/\/nordicmart.andreevmaster.com\/fi\/wp-json\/wp\/v2\/media\/42861"}],"wp:attachment":[{"href":"https:\/\/nordicmart.andreevmaster.com\/fi\/wp-json\/wp\/v2\/media?parent=34110"}],"wp:term":[{"taxonomy":"product_brand","embeddable":true,"href":"https:\/\/nordicmart.andreevmaster.com\/fi\/wp-json\/wp\/v2\/product_brand?post=34110"},{"taxonomy":"product_cat","embeddable":true,"href":"https:\/\/nordicmart.andreevmaster.com\/fi\/wp-json\/wp\/v2\/product_cat?post=34110"},{"taxonomy":"product_tag","embeddable":true,"href":"https:\/\/nordicmart.andreevmaster.com\/fi\/wp-json\/wp\/v2\/product_tag?post=34110"}],"curies":[{"name":"wp","href":"https:\/\/api.w.org\/{rel}","templated":true}]}}