{"id":34107,"date":"2026-02-27T00:24:16","date_gmt":"2026-02-27T00:24:16","guid":{"rendered":"https:\/\/nordicmart.andreevmaster.com\/product\/vasagle-kirjahylly-6-tasoa-metallirungolla-eebenpuunmusta-matta-musta\/"},"modified":"2026-02-27T09:44:12","modified_gmt":"2026-02-27T09:44:12","slug":"vasagle-kirjahylly-6-tasoa-metallirungolla-eebenpuunmusta-matta-musta","status":"publish","type":"product","link":"https:\/\/nordicmart.andreevmaster.com\/fi\/tuote\/vasagle-kirjahylly-6-tasoa-metallirungolla-eebenpuunmusta-matta-musta\/","title":{"rendered":"VASAGLE Kirjahylly 6 tasoa metallirungolla, eebenpuunmusta-matta musta"},"content":{"rendered":"<p>VASAGLE Kirjahylly 6 tasoa, korkea hylly, lattialla seisova hylly, rottinkimainen ovi, boho-tyyli, metallirunko, s\u00e4\u00e4dett\u00e4v\u00e4 hylly, olohuoneeseen<br \/>\nV\u00e4ri: eebenpuu-matta musta<br \/>\nMateriaali: ter\u00e4s, lastulevy, PE-rottinki (polyeteeni)<br \/>\nKoko: 30 x 40 x 174,7 cm (S x L x K)<br \/>\nPaino: 15,3 kg<br \/>\nMaks. staattinen kantavuus tasoa kohti: 10 kg<br \/>\nMaks. staattinen kokonaiskuormitus: 60 kg<\/p>\n","protected":false},"excerpt":{"rendered":"<p>VASAGLE Kirjahylly 6 tasoa, korkea hylly, lattialla seisova hylly, rottinkimainen ovi, boho-tyyli, metallirunko, s\u00e4\u00e4dett\u00e4v\u00e4 hylly, olohuoneeseen<\/p>\n","protected":false},"featured_media":42858,"comment_status":"open","ping_status":"closed","template":"","meta":[],"product_brand":[],"product_cat":[32],"product_tag":[],"class_list":{"0":"post-34107","1":"product","2":"type-product","3":"status-publish","4":"has-post-thumbnail","6":"product_cat-uncategorized-fi","8":"first","9":"instock","10":"shipping-taxable","11":"purchasable","12":"product-type-simple"},"_links":{"self":[{"href":"https:\/\/nordicmart.andreevmaster.com\/fi\/wp-json\/wp\/v2\/product\/34107","targetHints":{"allow":["GET"]}}],"collection":[{"href":"https:\/\/nordicmart.andreevmaster.com\/fi\/wp-json\/wp\/v2\/product"}],"about":[{"href":"https:\/\/nordicmart.andreevmaster.com\/fi\/wp-json\/wp\/v2\/types\/product"}],"replies":[{"embeddable":true,"href":"https:\/\/nordicmart.andreevmaster.com\/fi\/wp-json\/wp\/v2\/comments?post=34107"}],"wp:featuredmedia":[{"embeddable":true,"href":"https:\/\/nordicmart.andreevmaster.com\/fi\/wp-json\/wp\/v2\/media\/42858"}],"wp:attachment":[{"href":"https:\/\/nordicmart.andreevmaster.com\/fi\/wp-json\/wp\/v2\/media?parent=34107"}],"wp:term":[{"taxonomy":"product_brand","embeddable":true,"href":"https:\/\/nordicmart.andreevmaster.com\/fi\/wp-json\/wp\/v2\/product_brand?post=34107"},{"taxonomy":"product_cat","embeddable":true,"href":"https:\/\/nordicmart.andreevmaster.com\/fi\/wp-json\/wp\/v2\/product_cat?post=34107"},{"taxonomy":"product_tag","embeddable":true,"href":"https:\/\/nordicmart.andreevmaster.com\/fi\/wp-json\/wp\/v2\/product_tag?post=34107"}],"curies":[{"name":"wp","href":"https:\/\/api.w.org\/{rel}","templated":true}]}}