{"id":34102,"date":"2026-02-27T00:24:15","date_gmt":"2026-02-27T00:24:15","guid":{"rendered":"https:\/\/nordicmart.andreevmaster.com\/product\/vasagle-viisitasoinen-kirjahylly-jossa-on-takaseinat-teollinen-muotoilu\/"},"modified":"2026-02-27T09:44:10","modified_gmt":"2026-02-27T09:44:10","slug":"vasagle-viisitasoinen-kirjahylly-jossa-on-takaseinat-teollinen-muotoilu","status":"publish","type":"product","link":"https:\/\/nordicmart.andreevmaster.com\/fi\/tuote\/vasagle-viisitasoinen-kirjahylly-jossa-on-takaseinat-teollinen-muotoilu\/","title":{"rendered":"VASAGLE viisitasoinen kirjahylly, jossa on takasein\u00e4t, teollinen muotoilu"},"content":{"rendered":"<p>VASAGLE Kirjahylly 5 tasoa, hylly, s\u00e4ilytyshylly, takalevyill\u00e4, olohuoneeseen, ty\u00f6huoneeseen, kotitoimistoon, teollinen muotoilu, vintage-ruskea-mustanmusta LLS117B01<\/p>\n<p>V\u00e4ri: vintage-ruskea-mustanmusta<br \/>\nMateriaali: lastulevy, ter\u00e4s<br \/>\nKoko: 30 x 60 x 144 cm (S x L x K)<br \/>\nPaino: 12 kg<br \/>\nMaks. staattinen kantavuus hylly\u00e4 kohti: 37,3 kg<br \/>\nMaks. staattinen kokonaiskuormitus: 186,5 kg<\/p>\n","protected":false},"excerpt":{"rendered":"<p>VASAGLE Kirjahylly 5 tasoa, hylly, s\u00e4ilytyshylly, takalevyill\u00e4, olohuoneeseen, ty\u00f6huoneeseen, kotitoimistoon, teollinen muotoilu, vintage-ruskea-mustanmusta LLS117B01<\/p>\n","protected":false},"featured_media":42853,"comment_status":"open","ping_status":"closed","template":"","meta":[],"product_brand":[],"product_cat":[32],"product_tag":[],"class_list":{"0":"post-34102","1":"product","2":"type-product","3":"status-publish","4":"has-post-thumbnail","6":"product_cat-uncategorized-fi","8":"first","9":"instock","10":"shipping-taxable","11":"purchasable","12":"product-type-simple"},"_links":{"self":[{"href":"https:\/\/nordicmart.andreevmaster.com\/fi\/wp-json\/wp\/v2\/product\/34102","targetHints":{"allow":["GET"]}}],"collection":[{"href":"https:\/\/nordicmart.andreevmaster.com\/fi\/wp-json\/wp\/v2\/product"}],"about":[{"href":"https:\/\/nordicmart.andreevmaster.com\/fi\/wp-json\/wp\/v2\/types\/product"}],"replies":[{"embeddable":true,"href":"https:\/\/nordicmart.andreevmaster.com\/fi\/wp-json\/wp\/v2\/comments?post=34102"}],"wp:featuredmedia":[{"embeddable":true,"href":"https:\/\/nordicmart.andreevmaster.com\/fi\/wp-json\/wp\/v2\/media\/42853"}],"wp:attachment":[{"href":"https:\/\/nordicmart.andreevmaster.com\/fi\/wp-json\/wp\/v2\/media?parent=34102"}],"wp:term":[{"taxonomy":"product_brand","embeddable":true,"href":"https:\/\/nordicmart.andreevmaster.com\/fi\/wp-json\/wp\/v2\/product_brand?post=34102"},{"taxonomy":"product_cat","embeddable":true,"href":"https:\/\/nordicmart.andreevmaster.com\/fi\/wp-json\/wp\/v2\/product_cat?post=34102"},{"taxonomy":"product_tag","embeddable":true,"href":"https:\/\/nordicmart.andreevmaster.com\/fi\/wp-json\/wp\/v2\/product_tag?post=34102"}],"curies":[{"name":"wp","href":"https:\/\/api.w.org\/{rel}","templated":true}]}}