{"id":34099,"date":"2026-02-27T00:24:14","date_gmt":"2026-02-27T00:24:14","guid":{"rendered":"https:\/\/nordicmart.andreevmaster.com\/product\/vasagle-3-tasoinen-hylly-9-lokeroa\/"},"modified":"2026-02-27T09:44:10","modified_gmt":"2026-02-27T09:44:10","slug":"vasagle-3-tasoinen-hylly-9-lokeroa","status":"publish","type":"product","link":"https:\/\/nordicmart.andreevmaster.com\/fi\/tuote\/vasagle-3-tasoinen-hylly-9-lokeroa\/","title":{"rendered":"VASAGLE 3-tasoinen hylly, 9 lokeroa"},"content":{"rendered":"<p>VASAGLE 3-tasoinen hylly, kirjahylly, 9-osastoinen lattialla seisova hylly, olohuoneeseen, makuuhuoneeseen, ty\u00f6huoneeseen, keitti\u00f6\u00f6n<br \/>\nV\u00e4ri: kamelinruskea-mustanmusta<br \/>\nMateriaali: lastulevy, ter\u00e4s<br \/>\nKoko: 30 x 100 x 103,1 cm (S x L x K)<br \/>\nPaino: 20,5 kg<br \/>\nMaks. staattinen kokonaiskuormitus: 43 kg<\/p>\n","protected":false},"excerpt":{"rendered":"<p>VASAGLE 3-tasoinen hylly, kirjahylly, 9-osastoinen lattialla seisova hylly, olohuoneeseen, makuuhuoneeseen, ty\u00f6huoneeseen, keitti\u00f6\u00f6n<\/p>\n","protected":false},"featured_media":42850,"comment_status":"open","ping_status":"closed","template":"","meta":[],"product_brand":[],"product_cat":[32],"product_tag":[],"class_list":{"0":"post-34099","1":"product","2":"type-product","3":"status-publish","4":"has-post-thumbnail","6":"product_cat-uncategorized-fi","8":"first","9":"instock","10":"shipping-taxable","11":"purchasable","12":"product-type-simple"},"_links":{"self":[{"href":"https:\/\/nordicmart.andreevmaster.com\/fi\/wp-json\/wp\/v2\/product\/34099","targetHints":{"allow":["GET"]}}],"collection":[{"href":"https:\/\/nordicmart.andreevmaster.com\/fi\/wp-json\/wp\/v2\/product"}],"about":[{"href":"https:\/\/nordicmart.andreevmaster.com\/fi\/wp-json\/wp\/v2\/types\/product"}],"replies":[{"embeddable":true,"href":"https:\/\/nordicmart.andreevmaster.com\/fi\/wp-json\/wp\/v2\/comments?post=34099"}],"wp:featuredmedia":[{"embeddable":true,"href":"https:\/\/nordicmart.andreevmaster.com\/fi\/wp-json\/wp\/v2\/media\/42850"}],"wp:attachment":[{"href":"https:\/\/nordicmart.andreevmaster.com\/fi\/wp-json\/wp\/v2\/media?parent=34099"}],"wp:term":[{"taxonomy":"product_brand","embeddable":true,"href":"https:\/\/nordicmart.andreevmaster.com\/fi\/wp-json\/wp\/v2\/product_brand?post=34099"},{"taxonomy":"product_cat","embeddable":true,"href":"https:\/\/nordicmart.andreevmaster.com\/fi\/wp-json\/wp\/v2\/product_cat?post=34099"},{"taxonomy":"product_tag","embeddable":true,"href":"https:\/\/nordicmart.andreevmaster.com\/fi\/wp-json\/wp\/v2\/product_tag?post=34099"}],"curies":[{"name":"wp","href":"https:\/\/api.w.org\/{rel}","templated":true}]}}