{"id":34098,"date":"2026-02-27T00:24:14","date_gmt":"2026-02-27T00:24:14","guid":{"rendered":"https:\/\/nordicmart.andreevmaster.com\/product\/vasagle-hylly-3-tasoa-olohuoneeseen-vintage-ruskea-musta\/"},"modified":"2026-02-27T09:44:10","modified_gmt":"2026-02-27T09:44:10","slug":"vasagle-hylly-3-tasoa-olohuoneeseen-vintage-ruskea-musta","status":"publish","type":"product","link":"https:\/\/nordicmart.andreevmaster.com\/fi\/tuote\/vasagle-hylly-3-tasoa-olohuoneeseen-vintage-ruskea-musta\/","title":{"rendered":"VASAGLE hylly, 3 tasoa, olohuoneeseen, vintage-ruskea-musta"},"content":{"rendered":"<p>VASAGLE 3-tasoinen hylly, kirjahylly, 9-osastoinen lattialla seisova hylly, olohuoneeseen, makuuhuoneeseen, ty\u00f6huoneeseen, keitti\u00f6\u00f6n<br \/>\nV\u00e4ri: vintage-ruskea-musta<br \/>\nMateriaali: lastulevy, ter\u00e4s<br \/>\nKoko: 30 x 100 x 103,1 cm (S x L x K)<br \/>\nPaino: 20,5 kg<br \/>\nMaks. staattinen kokonaiskuormitus: 43 kg<\/p>\n","protected":false},"excerpt":{"rendered":"<p>VASAGLE 3-tasoinen hylly, kirjahylly, 9-osastoinen lattialla seisova hylly, olohuoneeseen, makuuhuoneeseen, ty\u00f6huoneeseen, keitti\u00f6\u00f6n<\/p>\n","protected":false},"featured_media":42849,"comment_status":"open","ping_status":"closed","template":"","meta":[],"product_brand":[],"product_cat":[32],"product_tag":[],"class_list":{"0":"post-34098","1":"product","2":"type-product","3":"status-publish","4":"has-post-thumbnail","6":"product_cat-uncategorized-fi","8":"first","9":"instock","10":"shipping-taxable","11":"purchasable","12":"product-type-simple"},"_links":{"self":[{"href":"https:\/\/nordicmart.andreevmaster.com\/fi\/wp-json\/wp\/v2\/product\/34098","targetHints":{"allow":["GET"]}}],"collection":[{"href":"https:\/\/nordicmart.andreevmaster.com\/fi\/wp-json\/wp\/v2\/product"}],"about":[{"href":"https:\/\/nordicmart.andreevmaster.com\/fi\/wp-json\/wp\/v2\/types\/product"}],"replies":[{"embeddable":true,"href":"https:\/\/nordicmart.andreevmaster.com\/fi\/wp-json\/wp\/v2\/comments?post=34098"}],"wp:featuredmedia":[{"embeddable":true,"href":"https:\/\/nordicmart.andreevmaster.com\/fi\/wp-json\/wp\/v2\/media\/42849"}],"wp:attachment":[{"href":"https:\/\/nordicmart.andreevmaster.com\/fi\/wp-json\/wp\/v2\/media?parent=34098"}],"wp:term":[{"taxonomy":"product_brand","embeddable":true,"href":"https:\/\/nordicmart.andreevmaster.com\/fi\/wp-json\/wp\/v2\/product_brand?post=34098"},{"taxonomy":"product_cat","embeddable":true,"href":"https:\/\/nordicmart.andreevmaster.com\/fi\/wp-json\/wp\/v2\/product_cat?post=34098"},{"taxonomy":"product_tag","embeddable":true,"href":"https:\/\/nordicmart.andreevmaster.com\/fi\/wp-json\/wp\/v2\/product_tag?post=34098"}],"curies":[{"name":"wp","href":"https:\/\/api.w.org\/{rel}","templated":true}]}}