{"id":34087,"date":"2026-02-27T00:24:10","date_gmt":"2026-02-27T00:24:10","guid":{"rendered":"https:\/\/nordicmart.andreevmaster.com\/product\/vasagle-hyllykko-2-tasoa-ja-6-lokeroa\/"},"modified":"2026-02-27T09:44:07","modified_gmt":"2026-02-27T09:44:07","slug":"vasagle-hyllykko-2-tasoa-ja-6-lokeroa","status":"publish","type":"product","link":"https:\/\/nordicmart.andreevmaster.com\/fi\/tuote\/vasagle-hyllykko-2-tasoa-ja-6-lokeroa\/","title":{"rendered":"VASAGLE-hyllykk\u00f6, 2 tasoa ja 6 lokeroa"},"content":{"rendered":"<p>VASAGLE Kirjahylly, 6 lokeroa, avoin hyllykk\u00f6, s\u00e4ilytyshylly, toimistoon, olohuoneeseen, makuuhuoneeseen, 120 x 33 x 80 cm, teollinen muotoilu, vintage-ruskea-musta LLS104B01<br \/>\nV\u00e4ri: kamelinruskea-mustanmusta<br \/>\nMateriaali: lastulevy, ter\u00e4s<br \/>\nKoko: 33 x 120 x 80 cm (S x L x K)<br \/>\nPaino: 17,8 kg<br \/>\nMaks. staattinen kokonaiskuormitus: 40 kg<\/p>\n","protected":false},"excerpt":{"rendered":"<p>VASAGLE Kirjahylly, 6 lokeroa, avoin hyllykk\u00f6, s\u00e4ilytyshylly, toimistoon, olohuoneeseen, makuuhuoneeseen, 120 x 33 x 80 cm, teollinen muotoilu, vintage-ruskea-musta LLS104B01<\/p>\n","protected":false},"featured_media":42838,"comment_status":"open","ping_status":"closed","template":"","meta":[],"product_brand":[],"product_cat":[32],"product_tag":[],"class_list":{"0":"post-34087","1":"product","2":"type-product","3":"status-publish","4":"has-post-thumbnail","6":"product_cat-uncategorized-fi","8":"first","9":"instock","10":"shipping-taxable","11":"purchasable","12":"product-type-simple"},"_links":{"self":[{"href":"https:\/\/nordicmart.andreevmaster.com\/fi\/wp-json\/wp\/v2\/product\/34087","targetHints":{"allow":["GET"]}}],"collection":[{"href":"https:\/\/nordicmart.andreevmaster.com\/fi\/wp-json\/wp\/v2\/product"}],"about":[{"href":"https:\/\/nordicmart.andreevmaster.com\/fi\/wp-json\/wp\/v2\/types\/product"}],"replies":[{"embeddable":true,"href":"https:\/\/nordicmart.andreevmaster.com\/fi\/wp-json\/wp\/v2\/comments?post=34087"}],"wp:featuredmedia":[{"embeddable":true,"href":"https:\/\/nordicmart.andreevmaster.com\/fi\/wp-json\/wp\/v2\/media\/42838"}],"wp:attachment":[{"href":"https:\/\/nordicmart.andreevmaster.com\/fi\/wp-json\/wp\/v2\/media?parent=34087"}],"wp:term":[{"taxonomy":"product_brand","embeddable":true,"href":"https:\/\/nordicmart.andreevmaster.com\/fi\/wp-json\/wp\/v2\/product_brand?post=34087"},{"taxonomy":"product_cat","embeddable":true,"href":"https:\/\/nordicmart.andreevmaster.com\/fi\/wp-json\/wp\/v2\/product_cat?post=34087"},{"taxonomy":"product_tag","embeddable":true,"href":"https:\/\/nordicmart.andreevmaster.com\/fi\/wp-json\/wp\/v2\/product_tag?post=34087"}],"curies":[{"name":"wp","href":"https:\/\/api.w.org\/{rel}","templated":true}]}}