{"id":34079,"date":"2026-02-27T00:24:08","date_gmt":"2026-02-27T00:24:08","guid":{"rendered":"https:\/\/nordicmart.andreevmaster.com\/product\/vasagle-kirjahylly-vintage-ruskea-musta\/"},"modified":"2026-02-27T09:44:05","modified_gmt":"2026-02-27T09:44:05","slug":"vasagle-kirjahylly-vintage-ruskea-musta","status":"publish","type":"product","link":"https:\/\/nordicmart.andreevmaster.com\/fi\/tuote\/vasagle-kirjahylly-vintage-ruskea-musta\/","title":{"rendered":"VASAGLE Kirjahylly vintage-ruskea-musta"},"content":{"rendered":"<p>Tuotetiedot: V\u00e4ri: vintage-ruskea-musta Materiaali: lastulevy, ter\u00e4s Koko: 40 x 30 x 187,5 cm (P x L x K) Paino: 11,5 kg Maks. staattinen kokonaiskuormitus: 50 kg Toimitus sis\u00e4lt\u00e4\u00e4: 1 x kirjahylly 1 x lis\u00e4varustepaketti 1 x kaatumissuoja 1 x ohjeet VASAGLE Huomautukset:Turvallisuussyist\u00e4 lapset eiv\u00e4t saa kiivet\u00e4 tuotteelle tai leikki\u00e4 sill\u00e4. Kiinnit\u00e4 t\u00e4m\u00e4 tuote sein\u00e4\u00e4n mukana toimitetulla kaatumissuojalla turvallisen k\u00e4yt\u00f6n varmistamiseksi.<\/p>\n","protected":false},"excerpt":{"rendered":"<p>VASAGLE kirjahylly, s\u00e4ilytyshylly, 6 hyllytasoa, avoimet hyllyt, toimistoon, olohuoneeseen, makuuhuoneeseen, 40 x 30 x 178,6 cm, vintage-ruskea-musta LLS101B01<\/p>\n","protected":false},"featured_media":42830,"comment_status":"open","ping_status":"closed","template":"","meta":[],"product_brand":[],"product_cat":[32],"product_tag":[],"class_list":{"0":"post-34079","1":"product","2":"type-product","3":"status-publish","4":"has-post-thumbnail","6":"product_cat-uncategorized-fi","8":"first","9":"instock","10":"shipping-taxable","11":"purchasable","12":"product-type-simple"},"_links":{"self":[{"href":"https:\/\/nordicmart.andreevmaster.com\/fi\/wp-json\/wp\/v2\/product\/34079","targetHints":{"allow":["GET"]}}],"collection":[{"href":"https:\/\/nordicmart.andreevmaster.com\/fi\/wp-json\/wp\/v2\/product"}],"about":[{"href":"https:\/\/nordicmart.andreevmaster.com\/fi\/wp-json\/wp\/v2\/types\/product"}],"replies":[{"embeddable":true,"href":"https:\/\/nordicmart.andreevmaster.com\/fi\/wp-json\/wp\/v2\/comments?post=34079"}],"wp:featuredmedia":[{"embeddable":true,"href":"https:\/\/nordicmart.andreevmaster.com\/fi\/wp-json\/wp\/v2\/media\/42830"}],"wp:attachment":[{"href":"https:\/\/nordicmart.andreevmaster.com\/fi\/wp-json\/wp\/v2\/media?parent=34079"}],"wp:term":[{"taxonomy":"product_brand","embeddable":true,"href":"https:\/\/nordicmart.andreevmaster.com\/fi\/wp-json\/wp\/v2\/product_brand?post=34079"},{"taxonomy":"product_cat","embeddable":true,"href":"https:\/\/nordicmart.andreevmaster.com\/fi\/wp-json\/wp\/v2\/product_cat?post=34079"},{"taxonomy":"product_tag","embeddable":true,"href":"https:\/\/nordicmart.andreevmaster.com\/fi\/wp-json\/wp\/v2\/product_tag?post=34079"}],"curies":[{"name":"wp","href":"https:\/\/api.w.org\/{rel}","templated":true}]}}