{"id":34071,"date":"2026-02-27T00:24:06","date_gmt":"2026-02-27T00:24:06","guid":{"rendered":"https:\/\/nordicmart.andreevmaster.com\/product\/vasagle-5-tasoinen-sailytyshylly\/"},"modified":"2026-02-27T09:44:04","modified_gmt":"2026-02-27T09:44:04","slug":"vasagle-5-tasoinen-sailytyshylly","status":"publish","type":"product","link":"https:\/\/nordicmart.andreevmaster.com\/fi\/tuote\/vasagle-5-tasoinen-sailytyshylly\/","title":{"rendered":"VASAGLE 5-tasoinen s\u00e4ilytyshylly"},"content":{"rendered":"<p>Tuotetiedot: &#8211; V\u00e4ri: vintage-ruskea-musta &#8211; Materiaali: lastulevy, ter\u00e4s &#8211; Koko: 80 x 30 x 153 cm (P x L x K) &#8211; Paino: 16,9 kg &#8211; Maks. staattinen kantavuus per taso: 10 kg &#8211; Maks. staattinen kantavuus yhteens\u00e4: 50 kg Toimitus sis\u00e4lt\u00e4\u00e4:- 1 x kirjahylly &#8211; 1 x lis\u00e4varustepaketti &#8211; 1 x kaatumissuoja &#8211; 1 x ohjeet VASAGLE Huomautukset: &#8211; Turvallisuussyist\u00e4 lapset eiv\u00e4t saa kiivet\u00e4 tuotteelle tai leikki\u00e4 sill\u00e4. &#8211; Kiinnit\u00e4 t\u00e4m\u00e4 tuote sein\u00e4\u00e4n mukana toimitetulla kaatumissuojalla turvallisen k\u00e4yt\u00f6n varmistamiseksi.<\/p>\n","protected":false},"excerpt":{"rendered":"<p>VASAGLE kirjahylly, seisomahylly, s\u00e4ilytyshylly, 5 tasoa, teollinen muotoilu, olohuoneeseen, toimistoon, ty\u00f6huoneeseen ja eteiseen, ter\u00e4srunko, puulevy, vintage-ruskea-musta LLS081B01<\/p>\n","protected":false},"featured_media":42822,"comment_status":"open","ping_status":"closed","template":"","meta":[],"product_brand":[],"product_cat":[32],"product_tag":[],"class_list":{"0":"post-34071","1":"product","2":"type-product","3":"status-publish","4":"has-post-thumbnail","6":"product_cat-uncategorized-fi","8":"first","9":"instock","10":"shipping-taxable","11":"purchasable","12":"product-type-simple"},"_links":{"self":[{"href":"https:\/\/nordicmart.andreevmaster.com\/fi\/wp-json\/wp\/v2\/product\/34071","targetHints":{"allow":["GET"]}}],"collection":[{"href":"https:\/\/nordicmart.andreevmaster.com\/fi\/wp-json\/wp\/v2\/product"}],"about":[{"href":"https:\/\/nordicmart.andreevmaster.com\/fi\/wp-json\/wp\/v2\/types\/product"}],"replies":[{"embeddable":true,"href":"https:\/\/nordicmart.andreevmaster.com\/fi\/wp-json\/wp\/v2\/comments?post=34071"}],"wp:featuredmedia":[{"embeddable":true,"href":"https:\/\/nordicmart.andreevmaster.com\/fi\/wp-json\/wp\/v2\/media\/42822"}],"wp:attachment":[{"href":"https:\/\/nordicmart.andreevmaster.com\/fi\/wp-json\/wp\/v2\/media?parent=34071"}],"wp:term":[{"taxonomy":"product_brand","embeddable":true,"href":"https:\/\/nordicmart.andreevmaster.com\/fi\/wp-json\/wp\/v2\/product_brand?post=34071"},{"taxonomy":"product_cat","embeddable":true,"href":"https:\/\/nordicmart.andreevmaster.com\/fi\/wp-json\/wp\/v2\/product_cat?post=34071"},{"taxonomy":"product_tag","embeddable":true,"href":"https:\/\/nordicmart.andreevmaster.com\/fi\/wp-json\/wp\/v2\/product_tag?post=34071"}],"curies":[{"name":"wp","href":"https:\/\/api.w.org\/{rel}","templated":true}]}}