{"id":34069,"date":"2026-02-27T00:24:06","date_gmt":"2026-02-27T00:24:06","guid":{"rendered":"https:\/\/nordicmart.andreevmaster.com\/product\/vasagle-6-tasoinen-kirjahylly-terasrungolla\/"},"modified":"2026-02-27T09:44:03","modified_gmt":"2026-02-27T09:44:03","slug":"vasagle-6-tasoinen-kirjahylly-terasrungolla","status":"publish","type":"product","link":"https:\/\/nordicmart.andreevmaster.com\/fi\/tuote\/vasagle-6-tasoinen-kirjahylly-terasrungolla\/","title":{"rendered":"VASAGLE 6-tasoinen kirjahylly ter\u00e4srungolla"},"content":{"rendered":"<p>VASAGLE kirjahylly, 6 tasoa, s\u00e4ilytyshylly, ter\u00e4srunko, olohuoneeseen, ty\u00f6huoneeseen, toimistoon ja eteiseen, korkeus 186 cm, teollinen muotoilu, vintage-ruskea-musta LLS062B01<br \/>\nV\u00e4ri: eebenpuunmusta-mustanmusta<br \/>\nMateriaali: lastulevy, ter\u00e4s<br \/>\nKoko: 30 x 66 x 186 cm (S x L x K)<br \/>\nPaino: 16,5 kg<br \/>\naks. staattinen kantavuus per taso: 10 kgM<br \/>\naks. staattinen kokonaiskuormitus: 60 kg<\/p>\n","protected":false},"excerpt":{"rendered":"<p>VASAGLE kirjahylly, 6 tasoa, s\u00e4ilytyshylly, ter\u00e4srunko, olohuoneeseen, ty\u00f6huoneeseen, toimistoon ja eteiseen, korkeus 186 cm, teollinen muotoilu, vintage-ruskea-musta LLS062B01<\/p>\n","protected":false},"featured_media":42820,"comment_status":"open","ping_status":"closed","template":"","meta":[],"product_brand":[],"product_cat":[32],"product_tag":[],"class_list":{"0":"post-34069","1":"product","2":"type-product","3":"status-publish","4":"has-post-thumbnail","6":"product_cat-uncategorized-fi","8":"first","9":"instock","10":"shipping-taxable","11":"purchasable","12":"product-type-simple"},"_links":{"self":[{"href":"https:\/\/nordicmart.andreevmaster.com\/fi\/wp-json\/wp\/v2\/product\/34069","targetHints":{"allow":["GET"]}}],"collection":[{"href":"https:\/\/nordicmart.andreevmaster.com\/fi\/wp-json\/wp\/v2\/product"}],"about":[{"href":"https:\/\/nordicmart.andreevmaster.com\/fi\/wp-json\/wp\/v2\/types\/product"}],"replies":[{"embeddable":true,"href":"https:\/\/nordicmart.andreevmaster.com\/fi\/wp-json\/wp\/v2\/comments?post=34069"}],"wp:featuredmedia":[{"embeddable":true,"href":"https:\/\/nordicmart.andreevmaster.com\/fi\/wp-json\/wp\/v2\/media\/42820"}],"wp:attachment":[{"href":"https:\/\/nordicmart.andreevmaster.com\/fi\/wp-json\/wp\/v2\/media?parent=34069"}],"wp:term":[{"taxonomy":"product_brand","embeddable":true,"href":"https:\/\/nordicmart.andreevmaster.com\/fi\/wp-json\/wp\/v2\/product_brand?post=34069"},{"taxonomy":"product_cat","embeddable":true,"href":"https:\/\/nordicmart.andreevmaster.com\/fi\/wp-json\/wp\/v2\/product_cat?post=34069"},{"taxonomy":"product_tag","embeddable":true,"href":"https:\/\/nordicmart.andreevmaster.com\/fi\/wp-json\/wp\/v2\/product_tag?post=34069"}],"curies":[{"name":"wp","href":"https:\/\/api.w.org\/{rel}","templated":true}]}}