{"id":34061,"date":"2026-02-27T00:24:03","date_gmt":"2026-02-27T00:24:03","guid":{"rendered":"https:\/\/nordicmart.andreevmaster.com\/product\/vasagle-5-tasoinen-tikkaat-hylly\/"},"modified":"2026-02-27T09:44:02","modified_gmt":"2026-02-27T09:44:02","slug":"vasagle-5-tasoinen-tikkaat-hylly","status":"publish","type":"product","link":"https:\/\/nordicmart.andreevmaster.com\/fi\/tuote\/vasagle-5-tasoinen-tikkaat-hylly\/","title":{"rendered":"VASAGLE 5-tasoinen tikkaat-hylly"},"content":{"rendered":"<p>Tuotetiedot: &#8211; V\u00e4ri: greige-musta &#8211; Materiaali: lastulevy, ter\u00e4s &#8211; Koko: 56 x 34 x 172 cm (P x L x K) &#8211; Paino: 15,3 kg &#8211; Maks. staattinen kantavuus tasoa kohti: 5 kg  Toimitus sis\u00e4lt\u00e4\u00e4: &#8211; 1 x tikkaahylly &#8211; 1 x lis\u00e4varustepaketti &#8211; 1 x kaatumissuoja &#8211; 1 x ohjeet  VASAGLE Huomautukset: &#8211; \u00c4l\u00e4 aseta raskaita esineit\u00e4 hyllylle.<\/p>\n","protected":false},"excerpt":{"rendered":"<p>VASAGLE hyllykk\u00f6, kirjahylly 5 hyllyll\u00e4, metallirunko, helppo asentaa, olohuoneeseen, makuuhuoneeseen, keitti\u00f6\u00f6n, 56 x 34 x 172 cm (P x L x K), greige-musta LLS045B02<\/p>\n","protected":false},"featured_media":42812,"comment_status":"open","ping_status":"closed","template":"","meta":[],"product_brand":[],"product_cat":[32],"product_tag":[],"class_list":{"0":"post-34061","1":"product","2":"type-product","3":"status-publish","4":"has-post-thumbnail","6":"product_cat-uncategorized-fi","8":"first","9":"instock","10":"shipping-taxable","11":"purchasable","12":"product-type-simple"},"_links":{"self":[{"href":"https:\/\/nordicmart.andreevmaster.com\/fi\/wp-json\/wp\/v2\/product\/34061","targetHints":{"allow":["GET"]}}],"collection":[{"href":"https:\/\/nordicmart.andreevmaster.com\/fi\/wp-json\/wp\/v2\/product"}],"about":[{"href":"https:\/\/nordicmart.andreevmaster.com\/fi\/wp-json\/wp\/v2\/types\/product"}],"replies":[{"embeddable":true,"href":"https:\/\/nordicmart.andreevmaster.com\/fi\/wp-json\/wp\/v2\/comments?post=34061"}],"wp:featuredmedia":[{"embeddable":true,"href":"https:\/\/nordicmart.andreevmaster.com\/fi\/wp-json\/wp\/v2\/media\/42812"}],"wp:attachment":[{"href":"https:\/\/nordicmart.andreevmaster.com\/fi\/wp-json\/wp\/v2\/media?parent=34061"}],"wp:term":[{"taxonomy":"product_brand","embeddable":true,"href":"https:\/\/nordicmart.andreevmaster.com\/fi\/wp-json\/wp\/v2\/product_brand?post=34061"},{"taxonomy":"product_cat","embeddable":true,"href":"https:\/\/nordicmart.andreevmaster.com\/fi\/wp-json\/wp\/v2\/product_cat?post=34061"},{"taxonomy":"product_tag","embeddable":true,"href":"https:\/\/nordicmart.andreevmaster.com\/fi\/wp-json\/wp\/v2\/product_tag?post=34061"}],"curies":[{"name":"wp","href":"https:\/\/api.w.org\/{rel}","templated":true}]}}