{"id":34060,"date":"2026-02-27T00:24:03","date_gmt":"2026-02-27T00:24:03","guid":{"rendered":"https:\/\/nordicmart.andreevmaster.com\/product\/vasagle-hyllykko-hasselpahkinanruskea-musta\/"},"modified":"2026-02-27T09:44:01","modified_gmt":"2026-02-27T09:44:01","slug":"vasagle-hyllykko-hasselpahkinanruskea-musta","status":"publish","type":"product","link":"https:\/\/nordicmart.andreevmaster.com\/fi\/tuote\/vasagle-hyllykko-hasselpahkinanruskea-musta\/","title":{"rendered":"VASAGLE hyllykk\u00f6, hasselp\u00e4hkin\u00e4nruskea-musta"},"content":{"rendered":"<p>Tuotetiedot: &#8211; V\u00e4ri: hasselp\u00e4hkin\u00e4nruskea-musta &#8211; Materiaali: lastulevy, ter\u00e4s &#8211; Koko: 56 x 34 x 137,5 cm (P x L x K) &#8211; Paino: 11,5 kg &#8211; Hyllyn enimm\u00e4iskuormitus: 5 kg Toimitus sis\u00e4lt\u00e4\u00e4:- 1 x tikkaat-hylly &#8211; 1 x lis\u00e4varustepaketti &#8211; 1 x ohjeet (DE, EN, FR, ES, IT) VASAGLE Huomautukset: &#8211; Tuotetta ei saa altistaa suoralle auringonvalolle. &#8211; Suojaa tuote ter\u00e4vilt\u00e4 esineilt\u00e4 vaurioiden v\u00e4ltt\u00e4miseksi.<\/p>\n","protected":false},"excerpt":{"rendered":"<p>VASAGLE hyllykk\u00f6, kirjahylly, 4 hyllytasoa, tukeva metallirunko, helppo koota, olohuoneeseen, makuuhuoneeseen, keitti\u00f6\u00f6n, p\u00e4hkin\u00e4nruskea-musta LLS044B03<\/p>\n","protected":false},"featured_media":42811,"comment_status":"open","ping_status":"closed","template":"","meta":[],"product_brand":[],"product_cat":[32],"product_tag":[],"class_list":{"0":"post-34060","1":"product","2":"type-product","3":"status-publish","4":"has-post-thumbnail","6":"product_cat-uncategorized-fi","8":"first","9":"instock","10":"shipping-taxable","11":"purchasable","12":"product-type-simple"},"_links":{"self":[{"href":"https:\/\/nordicmart.andreevmaster.com\/fi\/wp-json\/wp\/v2\/product\/34060","targetHints":{"allow":["GET"]}}],"collection":[{"href":"https:\/\/nordicmart.andreevmaster.com\/fi\/wp-json\/wp\/v2\/product"}],"about":[{"href":"https:\/\/nordicmart.andreevmaster.com\/fi\/wp-json\/wp\/v2\/types\/product"}],"replies":[{"embeddable":true,"href":"https:\/\/nordicmart.andreevmaster.com\/fi\/wp-json\/wp\/v2\/comments?post=34060"}],"wp:featuredmedia":[{"embeddable":true,"href":"https:\/\/nordicmart.andreevmaster.com\/fi\/wp-json\/wp\/v2\/media\/42811"}],"wp:attachment":[{"href":"https:\/\/nordicmart.andreevmaster.com\/fi\/wp-json\/wp\/v2\/media?parent=34060"}],"wp:term":[{"taxonomy":"product_brand","embeddable":true,"href":"https:\/\/nordicmart.andreevmaster.com\/fi\/wp-json\/wp\/v2\/product_brand?post=34060"},{"taxonomy":"product_cat","embeddable":true,"href":"https:\/\/nordicmart.andreevmaster.com\/fi\/wp-json\/wp\/v2\/product_cat?post=34060"},{"taxonomy":"product_tag","embeddable":true,"href":"https:\/\/nordicmart.andreevmaster.com\/fi\/wp-json\/wp\/v2\/product_tag?post=34060"}],"curies":[{"name":"wp","href":"https:\/\/api.w.org\/{rel}","templated":true}]}}