{"id":34058,"date":"2026-02-27T00:24:02","date_gmt":"2026-02-27T00:24:02","guid":{"rendered":"https:\/\/nordicmart.andreevmaster.com\/product\/vasagle-kirjahylly-5-tasoa-teollinen-luonnonvarinen-tammi-matta-valkoinen\/"},"modified":"2026-02-27T09:44:01","modified_gmt":"2026-02-27T09:44:01","slug":"vasagle-kirjahylly-5-tasoa-teollinen-luonnonvarinen-tammi-matta-valkoinen","status":"publish","type":"product","link":"https:\/\/nordicmart.andreevmaster.com\/fi\/tuote\/vasagle-kirjahylly-5-tasoa-teollinen-luonnonvarinen-tammi-matta-valkoinen\/","title":{"rendered":"VASAGLE Kirjahylly 5 tasoa, teollinen, luonnonv\u00e4rinen tammi-matta valkoinen"},"content":{"rendered":"<p>VASAGLE kulmahylly, 5-tasoinen kirjahylly, tikkaathylly, s\u00e4ilytyshylly, kasvien hylly olohuoneeseen, teollinen muotoilu, ter\u00e4srunko, antrasiitinharmaa-matta musta LLS035B02<br \/>\nV\u00e4ri: luonnonv\u00e4rinen tammi-matta valkoinen<br \/>\nMateriaali: lastulevy, ter\u00e4s<br \/>\nKoko: 37,2 x 37,2 x 159 cm (S x L x K)<br \/>\nPaino: 7,1 kg<br \/>\nMaks. staattinen kantavuus hylly\u00e4 kohti: 5 kg<\/p>\n","protected":false},"excerpt":{"rendered":"<p>VASAGLE kulmahylly, 5-tasoinen kirjahylly, tikkaathylly, s\u00e4ilytyshylly, kasvien hylly olohuoneeseen, teollinen muotoilu, ter\u00e4srunko, antrasiitinharmaa-matta musta LLS035B02<\/p>\n","protected":false},"featured_media":0,"comment_status":"open","ping_status":"closed","template":"","meta":[],"product_brand":[],"product_cat":[32],"product_tag":[],"class_list":{"0":"post-34058","1":"product","2":"type-product","3":"status-publish","5":"product_cat-uncategorized-fi","7":"first","8":"instock","9":"shipping-taxable","10":"purchasable","11":"product-type-simple"},"_links":{"self":[{"href":"https:\/\/nordicmart.andreevmaster.com\/fi\/wp-json\/wp\/v2\/product\/34058","targetHints":{"allow":["GET"]}}],"collection":[{"href":"https:\/\/nordicmart.andreevmaster.com\/fi\/wp-json\/wp\/v2\/product"}],"about":[{"href":"https:\/\/nordicmart.andreevmaster.com\/fi\/wp-json\/wp\/v2\/types\/product"}],"replies":[{"embeddable":true,"href":"https:\/\/nordicmart.andreevmaster.com\/fi\/wp-json\/wp\/v2\/comments?post=34058"}],"wp:attachment":[{"href":"https:\/\/nordicmart.andreevmaster.com\/fi\/wp-json\/wp\/v2\/media?parent=34058"}],"wp:term":[{"taxonomy":"product_brand","embeddable":true,"href":"https:\/\/nordicmart.andreevmaster.com\/fi\/wp-json\/wp\/v2\/product_brand?post=34058"},{"taxonomy":"product_cat","embeddable":true,"href":"https:\/\/nordicmart.andreevmaster.com\/fi\/wp-json\/wp\/v2\/product_cat?post=34058"},{"taxonomy":"product_tag","embeddable":true,"href":"https:\/\/nordicmart.andreevmaster.com\/fi\/wp-json\/wp\/v2\/product_tag?post=34058"}],"curies":[{"name":"wp","href":"https:\/\/api.w.org\/{rel}","templated":true}]}}