{"id":34053,"date":"2026-02-27T00:24:01","date_gmt":"2026-02-27T00:24:01","guid":{"rendered":"https:\/\/nordicmart.andreevmaster.com\/product\/vasagle-hyllykko-4-avointa-hyllytasoa\/"},"modified":"2026-02-27T09:44:00","modified_gmt":"2026-02-27T09:44:00","slug":"vasagle-hyllykko-4-avointa-hyllytasoa","status":"publish","type":"product","link":"https:\/\/nordicmart.andreevmaster.com\/fi\/tuote\/vasagle-hyllykko-4-avointa-hyllytasoa\/","title":{"rendered":"VASAGLE hyllykk\u00f6, 4 avointa hyllytasoa"},"content":{"rendered":"<p>Tuotetiedot: V\u00e4ri: vintage-ruskea-musta Materiaali: lastulevy, ter\u00e4s Koko: 60 x 30 x 133 cm (P x L x K) Hyllyjen v\u00e4linen et\u00e4isyys: 37 cm Hyllyjen paksuus: 1,5 cm Paino: 14 kg Hyllyjen maks. staattinen kantavuus: 20 kgToimitus sis\u00e4lt\u00e4\u00e4:1 x kirjahylly1 x lis\u00e4varustepaketti1 x kaatumissuoja1 x ohjeet (DE, EN, ES, FR, IT)VASAGLE-ohjeet:Turvallisuussyist\u00e4 lapset eiv\u00e4t saa kiivet\u00e4 tuotteelle tai leikki\u00e4 sill\u00e4.Kiinnit\u00e4 t\u00e4m\u00e4 tuote sein\u00e4\u00e4n mukana toimitetulla kaatumissuojalla.<\/p>\n","protected":false},"excerpt":{"rendered":"<p>VASAGLE kirjahylly, seisomahylly, tikkaathylly, keitti\u00f6hylly, 4 avointa hyllytasoa, eteinen, keitti\u00f6, toimisto, tukeva ter\u00e4srunko, teollinen muotoilu, vintage-ruskea-musta LLS030B01<\/p>\n","protected":false},"featured_media":42805,"comment_status":"open","ping_status":"closed","template":"","meta":[],"product_brand":[],"product_cat":[32],"product_tag":[],"class_list":{"0":"post-34053","1":"product","2":"type-product","3":"status-publish","4":"has-post-thumbnail","6":"product_cat-uncategorized-fi","8":"first","9":"instock","10":"shipping-taxable","11":"purchasable","12":"product-type-simple"},"_links":{"self":[{"href":"https:\/\/nordicmart.andreevmaster.com\/fi\/wp-json\/wp\/v2\/product\/34053","targetHints":{"allow":["GET"]}}],"collection":[{"href":"https:\/\/nordicmart.andreevmaster.com\/fi\/wp-json\/wp\/v2\/product"}],"about":[{"href":"https:\/\/nordicmart.andreevmaster.com\/fi\/wp-json\/wp\/v2\/types\/product"}],"replies":[{"embeddable":true,"href":"https:\/\/nordicmart.andreevmaster.com\/fi\/wp-json\/wp\/v2\/comments?post=34053"}],"wp:featuredmedia":[{"embeddable":true,"href":"https:\/\/nordicmart.andreevmaster.com\/fi\/wp-json\/wp\/v2\/media\/42805"}],"wp:attachment":[{"href":"https:\/\/nordicmart.andreevmaster.com\/fi\/wp-json\/wp\/v2\/media?parent=34053"}],"wp:term":[{"taxonomy":"product_brand","embeddable":true,"href":"https:\/\/nordicmart.andreevmaster.com\/fi\/wp-json\/wp\/v2\/product_brand?post=34053"},{"taxonomy":"product_cat","embeddable":true,"href":"https:\/\/nordicmart.andreevmaster.com\/fi\/wp-json\/wp\/v2\/product_cat?post=34053"},{"taxonomy":"product_tag","embeddable":true,"href":"https:\/\/nordicmart.andreevmaster.com\/fi\/wp-json\/wp\/v2\/product_tag?post=34053"}],"curies":[{"name":"wp","href":"https:\/\/api.w.org\/{rel}","templated":true}]}}