{"id":34045,"date":"2026-02-27T00:23:59","date_gmt":"2026-02-27T00:23:59","guid":{"rendered":"https:\/\/nordicmart.andreevmaster.com\/product\/songmics-pyykkiteline-taitettava-kompakti\/"},"modified":"2026-02-27T09:43:58","modified_gmt":"2026-02-27T09:43:58","slug":"songmics-pyykkiteline-taitettava-kompakti","status":"publish","type":"product","link":"https:\/\/nordicmart.andreevmaster.com\/fi\/tuote\/songmics-pyykkiteline-taitettava-kompakti\/","title":{"rendered":"SONGMICS pyykkiteline, taitettava, kompakti"},"content":{"rendered":"<p>Pyykkinaru, taitettava seisomakuivain, kompakti, tilaa s\u00e4\u00e4st\u00e4v\u00e4, ter\u00e4srunko, 37 x 75 x 135,1 cm, sis\u00e4- ja ulkok\u00e4ytt\u00f6\u00f6n, valkoinen<br \/>\nTuotetiedot:<br \/>\n&#8211; V\u00e4ri: valkoinen<br \/>\n&#8211; Materiaali: ter\u00e4s, PP (polypropeeni)<br \/>\n&#8211; Koko avattuna: 37 x 75 x 135,1 cm (S x L x K)<br \/>\n&#8211; Koko taitettuna: 10 x 54 x 75 cm (S x L x K)<br \/>\n&#8211; Paino: 2,2 kg<br \/>\n&#8211; Maks. staattinen kokonaiskuormitus: 7 kg<\/p>\n<p>Toimitus sis\u00e4lt\u00e4\u00e4<br \/>\n&#8211; 1 x pyykkiteline<br \/>\n&#8211; 1 x lis\u00e4varustepaketti<br \/>\n&#8211; 1 x k\u00e4ytt\u00f6ohje<\/p>\n<p>Huomautukset:<br \/>\n&#8211; Pyykkinarun enimm\u00e4iskuormitus on 7 kg. \u00c4l\u00e4 ylit\u00e4 t\u00e4t\u00e4 enimm\u00e4ispainoa.<br \/>\n&#8211; Jaa vaatteiden paino tasaisesti telineelle, jotta se pysyy tasapainossa.<br \/>\n&#8211; Varmista ennen k\u00e4ytt\u00f6\u00e4, ett\u00e4 pyykkiteline seisoo tasaisella alustalla. Muussa tapauksessa se voi kaatua, mik\u00e4 voi aiheuttaa loukkaantumisia tai vahingoittaa telinett\u00e4.<\/p>\n","protected":false},"excerpt":{"rendered":"<p>Pyykkinaru, taitettava seisomakuivain, kompakti, tilaa s\u00e4\u00e4st\u00e4v\u00e4, ter\u00e4srunko, 37 x 75 x 135,1 cm, sis\u00e4- ja ulkok\u00e4ytt\u00f6\u00f6n, valkoinen<\/p>\n","protected":false},"featured_media":42797,"comment_status":"open","ping_status":"closed","template":"","meta":[],"product_brand":[],"product_cat":[32],"product_tag":[],"class_list":{"0":"post-34045","1":"product","2":"type-product","3":"status-publish","4":"has-post-thumbnail","6":"product_cat-uncategorized-fi","8":"first","9":"instock","10":"shipping-taxable","11":"purchasable","12":"product-type-simple"},"_links":{"self":[{"href":"https:\/\/nordicmart.andreevmaster.com\/fi\/wp-json\/wp\/v2\/product\/34045","targetHints":{"allow":["GET"]}}],"collection":[{"href":"https:\/\/nordicmart.andreevmaster.com\/fi\/wp-json\/wp\/v2\/product"}],"about":[{"href":"https:\/\/nordicmart.andreevmaster.com\/fi\/wp-json\/wp\/v2\/types\/product"}],"replies":[{"embeddable":true,"href":"https:\/\/nordicmart.andreevmaster.com\/fi\/wp-json\/wp\/v2\/comments?post=34045"}],"wp:featuredmedia":[{"embeddable":true,"href":"https:\/\/nordicmart.andreevmaster.com\/fi\/wp-json\/wp\/v2\/media\/42797"}],"wp:attachment":[{"href":"https:\/\/nordicmart.andreevmaster.com\/fi\/wp-json\/wp\/v2\/media?parent=34045"}],"wp:term":[{"taxonomy":"product_brand","embeddable":true,"href":"https:\/\/nordicmart.andreevmaster.com\/fi\/wp-json\/wp\/v2\/product_brand?post=34045"},{"taxonomy":"product_cat","embeddable":true,"href":"https:\/\/nordicmart.andreevmaster.com\/fi\/wp-json\/wp\/v2\/product_cat?post=34045"},{"taxonomy":"product_tag","embeddable":true,"href":"https:\/\/nordicmart.andreevmaster.com\/fi\/wp-json\/wp\/v2\/product_tag?post=34045"}],"curies":[{"name":"wp","href":"https:\/\/api.w.org\/{rel}","templated":true}]}}