{"id":34043,"date":"2026-02-27T00:23:58","date_gmt":"2026-02-27T00:23:58","guid":{"rendered":"https:\/\/nordicmart.andreevmaster.com\/product\/songmics-clothes-drying-rack-taitettava-pyykkiteline-korkeus-681-tuumaa-ruostumaton-teras\/"},"modified":"2026-02-27T09:43:58","modified_gmt":"2026-02-27T09:43:58","slug":"songmics-clothes-drying-rack-taitettava-pyykkiteline-korkeus-681-tuumaa-ruostumaton-teras","status":"publish","type":"product","link":"https:\/\/nordicmart.andreevmaster.com\/fi\/tuote\/songmics-clothes-drying-rack-taitettava-pyykkiteline-korkeus-681-tuumaa-ruostumaton-teras\/","title":{"rendered":"SONGMICS Clothes Drying Rack, taitettava pyykkiteline, korkeus 68,1 tuumaa, ruostumaton ter\u00e4s"},"content":{"rendered":"<p>Pyykkinaru, 4-tasoinen kuivaushylly, siipipyykkinaru, taitettavat siivet, py\u00f6rill\u00e4, 63,5 x 128 x 173 cm, sis\u00e4- ja ulkok\u00e4ytt\u00f6\u00f6n, musta<br \/>\n&#8211; V\u00e4ri: valkoinen<br \/>\n&#8211; Materiaali: ter\u00e4s, muovi<br \/>\n&#8211; Mitat:<br \/>\n&#8211; Kokonaiskoko avattuna: 63,5 x 128 x 173 cm<br \/>\n&#8211; Kokonaiskoko taitettuna: 49 x 76 x 173 cm<br \/>\n&#8211; Pohja: 49 x 76 cm<br \/>\n&#8211; Koko per taso siivet avattuna: 25&#8243; syvyys x 28,9&#8243; leveys (63,5 x 73,5 cm)<br \/>\n&#8211; Koko per taso, kun siivet on taitettu: 21,5 x 73,5 cm<br \/>\n&#8211; Tuotteen paino: 9,7 lb (4,4 kg)<br \/>\n&#8211; Maks. staattinen kokonaiskuormituskapasiteetti: 77 lb (35 kg)<\/p>\n","protected":false},"excerpt":{"rendered":"<p>Pyykkinaru, 4-tasoinen kuivaushylly, siipipyykkinaru, taitettavat siivet, py\u00f6rill\u00e4, 63,5 x 128 x 173 cm, sis\u00e4- ja ulkok\u00e4ytt\u00f6\u00f6n, musta<\/p>\n","protected":false},"featured_media":42795,"comment_status":"open","ping_status":"closed","template":"","meta":[],"product_brand":[],"product_cat":[32],"product_tag":[],"class_list":{"0":"post-34043","1":"product","2":"type-product","3":"status-publish","4":"has-post-thumbnail","6":"product_cat-uncategorized-fi","8":"first","9":"instock","10":"shipping-taxable","11":"purchasable","12":"product-type-simple"},"_links":{"self":[{"href":"https:\/\/nordicmart.andreevmaster.com\/fi\/wp-json\/wp\/v2\/product\/34043","targetHints":{"allow":["GET"]}}],"collection":[{"href":"https:\/\/nordicmart.andreevmaster.com\/fi\/wp-json\/wp\/v2\/product"}],"about":[{"href":"https:\/\/nordicmart.andreevmaster.com\/fi\/wp-json\/wp\/v2\/types\/product"}],"replies":[{"embeddable":true,"href":"https:\/\/nordicmart.andreevmaster.com\/fi\/wp-json\/wp\/v2\/comments?post=34043"}],"wp:featuredmedia":[{"embeddable":true,"href":"https:\/\/nordicmart.andreevmaster.com\/fi\/wp-json\/wp\/v2\/media\/42795"}],"wp:attachment":[{"href":"https:\/\/nordicmart.andreevmaster.com\/fi\/wp-json\/wp\/v2\/media?parent=34043"}],"wp:term":[{"taxonomy":"product_brand","embeddable":true,"href":"https:\/\/nordicmart.andreevmaster.com\/fi\/wp-json\/wp\/v2\/product_brand?post=34043"},{"taxonomy":"product_cat","embeddable":true,"href":"https:\/\/nordicmart.andreevmaster.com\/fi\/wp-json\/wp\/v2\/product_cat?post=34043"},{"taxonomy":"product_tag","embeddable":true,"href":"https:\/\/nordicmart.andreevmaster.com\/fi\/wp-json\/wp\/v2\/product_tag?post=34043"}],"curies":[{"name":"wp","href":"https:\/\/api.w.org\/{rel}","templated":true}]}}