{"id":34038,"date":"2026-02-27T00:23:57","date_gmt":"2026-02-27T00:23:57","guid":{"rendered":"https:\/\/nordicmart.andreevmaster.com\/product\/songmics-pyykkiteline-seisova-kuivausrumpu-3-kaantyvaa-vartta-vaatehenkareille\/"},"modified":"2026-02-27T09:43:57","modified_gmt":"2026-02-27T09:43:57","slug":"songmics-pyykkiteline-seisova-kuivausrumpu-3-kaantyvaa-vartta-vaatehenkareille","status":"publish","type":"product","link":"https:\/\/nordicmart.andreevmaster.com\/fi\/tuote\/songmics-pyykkiteline-seisova-kuivausrumpu-3-kaantyvaa-vartta-vaatehenkareille\/","title":{"rendered":"SONGMICS pyykkiteline, seisova kuivausrumpu, 3 k\u00e4\u00e4ntyv\u00e4\u00e4 vartta vaatehenkareille"},"content":{"rendered":"<p>SONGMICS pyykkiteline, seisomakuivain, 3 k\u00e4\u00e4ntyv\u00e4\u00e4 vartta vaatehenkareille, pyykkiteline, 4 jalkaa, sis\u00e4k\u00e4ytt\u00f6\u00f6n, ruostumaton ter\u00e4s, jopa 27 vaatekappaleelle, korkeus 150 cm<br \/>\nTekniset tiedot:<br \/>\n&#8211; Telineen mitat avattuna: 65 x 65 x 150 cm (S x L x K)<br \/>\n&#8211; Telineen mitat kokoontaitettuna: 5,5 x 5,5 x 182,5 cm (S x L x K)<br \/>\n&#8211; Paino: 1,1 kg<br \/>\n&#8211; Maks. staattinen kokonaiskantavuus: 15 kg<br \/>\n&#8211; Materiaali: ruostumaton ter\u00e4s, muovi<br \/>\n&#8211; V\u00e4ri: harmaa-valkoinen<\/p>\n","protected":false},"excerpt":{"rendered":"<p>SONGMICS pyykkiteline, seisomakuivain, 3 k\u00e4\u00e4ntyv\u00e4\u00e4 vartta vaatehenkareille, pyykkiteline, 4 jalkaa, sis\u00e4k\u00e4ytt\u00f6\u00f6n, ruostumaton ter\u00e4s, jopa 27 vaatekappaleelle, korkeus 150 cm<\/p>\n","protected":false},"featured_media":42790,"comment_status":"open","ping_status":"closed","template":"","meta":[],"product_brand":[],"product_cat":[32],"product_tag":[],"class_list":{"0":"post-34038","1":"product","2":"type-product","3":"status-publish","4":"has-post-thumbnail","6":"product_cat-uncategorized-fi","8":"first","9":"instock","10":"shipping-taxable","11":"purchasable","12":"product-type-simple"},"_links":{"self":[{"href":"https:\/\/nordicmart.andreevmaster.com\/fi\/wp-json\/wp\/v2\/product\/34038","targetHints":{"allow":["GET"]}}],"collection":[{"href":"https:\/\/nordicmart.andreevmaster.com\/fi\/wp-json\/wp\/v2\/product"}],"about":[{"href":"https:\/\/nordicmart.andreevmaster.com\/fi\/wp-json\/wp\/v2\/types\/product"}],"replies":[{"embeddable":true,"href":"https:\/\/nordicmart.andreevmaster.com\/fi\/wp-json\/wp\/v2\/comments?post=34038"}],"wp:featuredmedia":[{"embeddable":true,"href":"https:\/\/nordicmart.andreevmaster.com\/fi\/wp-json\/wp\/v2\/media\/42790"}],"wp:attachment":[{"href":"https:\/\/nordicmart.andreevmaster.com\/fi\/wp-json\/wp\/v2\/media?parent=34038"}],"wp:term":[{"taxonomy":"product_brand","embeddable":true,"href":"https:\/\/nordicmart.andreevmaster.com\/fi\/wp-json\/wp\/v2\/product_brand?post=34038"},{"taxonomy":"product_cat","embeddable":true,"href":"https:\/\/nordicmart.andreevmaster.com\/fi\/wp-json\/wp\/v2\/product_cat?post=34038"},{"taxonomy":"product_tag","embeddable":true,"href":"https:\/\/nordicmart.andreevmaster.com\/fi\/wp-json\/wp\/v2\/product_tag?post=34038"}],"curies":[{"name":"wp","href":"https:\/\/api.w.org\/{rel}","templated":true}]}}