{"id":34035,"date":"2026-02-27T00:23:56","date_gmt":"2026-02-27T00:23:56","guid":{"rendered":"https:\/\/nordicmart.andreevmaster.com\/product\/songmics-pyykkiteline-133-200-cm-teleskooppinen-ja-vapaasti-seisova\/"},"modified":"2026-02-27T09:43:56","modified_gmt":"2026-02-27T09:43:56","slug":"songmics-pyykkiteline-133-200-cm-teleskooppinen-ja-vapaasti-seisova","status":"publish","type":"product","link":"https:\/\/nordicmart.andreevmaster.com\/fi\/tuote\/songmics-pyykkiteline-133-200-cm-teleskooppinen-ja-vapaasti-seisova\/","title":{"rendered":"SONGMICS pyykkiteline 133\u2013200 cm, teleskooppinen ja vapaasti seisova"},"content":{"rendered":"<p>SONGMICS pyykkiteline, seisova kuivausrumpu, 133\u2013200 cm, kokoontaitettava, vapaasti seisova, sis\u00e4- ja ulkok\u00e4ytt\u00f6\u00f6n, kyyhkynharmaa LLR902E01<br \/>\nV\u00e4ri: kyyhkynharmaa<br \/>\nKoko: 66 x (133\u2013200) x 130 cm (S x L x K)<br \/>\nMateriaali: ruostumaton ter\u00e4s<br \/>\nPaino: 4,8 kg<br \/>\nMaks. staattinen kokonaiskuormitus: 50 kg<\/p>\n","protected":false},"excerpt":{"rendered":"<p>SONGMICS pyykkiteline, seisova kuivausrumpu, 133\u2013200 cm, kokoontaitettava, vapaasti seisova, sis\u00e4- ja ulkok\u00e4ytt\u00f6\u00f6n, kyyhkynharmaa LLR902E01<\/p>\n","protected":false},"featured_media":42787,"comment_status":"open","ping_status":"closed","template":"","meta":[],"product_brand":[],"product_cat":[32],"product_tag":[],"class_list":{"0":"post-34035","1":"product","2":"type-product","3":"status-publish","4":"has-post-thumbnail","6":"product_cat-uncategorized-fi","8":"first","9":"instock","10":"shipping-taxable","11":"purchasable","12":"product-type-simple"},"_links":{"self":[{"href":"https:\/\/nordicmart.andreevmaster.com\/fi\/wp-json\/wp\/v2\/product\/34035","targetHints":{"allow":["GET"]}}],"collection":[{"href":"https:\/\/nordicmart.andreevmaster.com\/fi\/wp-json\/wp\/v2\/product"}],"about":[{"href":"https:\/\/nordicmart.andreevmaster.com\/fi\/wp-json\/wp\/v2\/types\/product"}],"replies":[{"embeddable":true,"href":"https:\/\/nordicmart.andreevmaster.com\/fi\/wp-json\/wp\/v2\/comments?post=34035"}],"wp:featuredmedia":[{"embeddable":true,"href":"https:\/\/nordicmart.andreevmaster.com\/fi\/wp-json\/wp\/v2\/media\/42787"}],"wp:attachment":[{"href":"https:\/\/nordicmart.andreevmaster.com\/fi\/wp-json\/wp\/v2\/media?parent=34035"}],"wp:term":[{"taxonomy":"product_brand","embeddable":true,"href":"https:\/\/nordicmart.andreevmaster.com\/fi\/wp-json\/wp\/v2\/product_brand?post=34035"},{"taxonomy":"product_cat","embeddable":true,"href":"https:\/\/nordicmart.andreevmaster.com\/fi\/wp-json\/wp\/v2\/product_cat?post=34035"},{"taxonomy":"product_tag","embeddable":true,"href":"https:\/\/nordicmart.andreevmaster.com\/fi\/wp-json\/wp\/v2\/product_tag?post=34035"}],"curies":[{"name":"wp","href":"https:\/\/api.w.org\/{rel}","templated":true}]}}