{"id":34034,"date":"2026-02-27T00:23:55","date_gmt":"2026-02-27T00:23:55","guid":{"rendered":"https:\/\/nordicmart.andreevmaster.com\/product\/songmics-seinakuivain-hyllyilla-ja-ripustustangoilla\/"},"modified":"2026-02-27T09:43:56","modified_gmt":"2026-02-27T09:43:56","slug":"songmics-seinakuivain-hyllyilla-ja-ripustustangoilla","status":"publish","type":"product","link":"https:\/\/nordicmart.andreevmaster.com\/fi\/tuote\/songmics-seinakuivain-hyllyilla-ja-ripustustangoilla\/","title":{"rendered":"SONGMICS sein\u00e4kuivain hyllyill\u00e4 ja ripustustangoilla"},"content":{"rendered":"<p>SONGMICS sein\u00e4kuivain, pyykkiteline, sein\u00e4lle kiinnitett\u00e4v\u00e4 kuivausjalusta, taitettava, hyllyll\u00e4, ripustustangoilla, magneettinen muotoilu, pesutupa, kylpyhuone, pilvinen valkoinen LLR803W01<br \/>\nV\u00e4ri: pilvinen valkoinen<br \/>\nMateriaali: ter\u00e4s<br \/>\nKoko: 26 x 42 x 56 cm (S x L x K)<br \/>\nKoko taitettuna: 3 x 42 x 56 cm (S x L x K)<br \/>\nPaino: 1,2 kg<br \/>\nMaks. staattinen kokonaiskuormitus: 10 kg<\/p>\n","protected":false},"excerpt":{"rendered":"<p>SONGMICS sein\u00e4kuivain, pyykkiteline, sein\u00e4lle kiinnitett\u00e4v\u00e4 kuivausjalusta, taitettava, hyllyll\u00e4, ripustustangoilla, magneettinen muotoilu, pesutupa, kylpyhuone, pilvinen valkoinen LLR803W01<\/p>\n","protected":false},"featured_media":42786,"comment_status":"open","ping_status":"closed","template":"","meta":[],"product_brand":[],"product_cat":[32],"product_tag":[],"class_list":{"0":"post-34034","1":"product","2":"type-product","3":"status-publish","4":"has-post-thumbnail","6":"product_cat-uncategorized-fi","8":"first","9":"instock","10":"shipping-taxable","11":"purchasable","12":"product-type-simple"},"_links":{"self":[{"href":"https:\/\/nordicmart.andreevmaster.com\/fi\/wp-json\/wp\/v2\/product\/34034","targetHints":{"allow":["GET"]}}],"collection":[{"href":"https:\/\/nordicmart.andreevmaster.com\/fi\/wp-json\/wp\/v2\/product"}],"about":[{"href":"https:\/\/nordicmart.andreevmaster.com\/fi\/wp-json\/wp\/v2\/types\/product"}],"replies":[{"embeddable":true,"href":"https:\/\/nordicmart.andreevmaster.com\/fi\/wp-json\/wp\/v2\/comments?post=34034"}],"wp:featuredmedia":[{"embeddable":true,"href":"https:\/\/nordicmart.andreevmaster.com\/fi\/wp-json\/wp\/v2\/media\/42786"}],"wp:attachment":[{"href":"https:\/\/nordicmart.andreevmaster.com\/fi\/wp-json\/wp\/v2\/media?parent=34034"}],"wp:term":[{"taxonomy":"product_brand","embeddable":true,"href":"https:\/\/nordicmart.andreevmaster.com\/fi\/wp-json\/wp\/v2\/product_brand?post=34034"},{"taxonomy":"product_cat","embeddable":true,"href":"https:\/\/nordicmart.andreevmaster.com\/fi\/wp-json\/wp\/v2\/product_cat?post=34034"},{"taxonomy":"product_tag","embeddable":true,"href":"https:\/\/nordicmart.andreevmaster.com\/fi\/wp-json\/wp\/v2\/product_tag?post=34034"}],"curies":[{"name":"wp","href":"https:\/\/api.w.org\/{rel}","templated":true}]}}