{"id":34033,"date":"2026-02-27T00:23:55","date_gmt":"2026-02-27T00:23:55","guid":{"rendered":"https:\/\/nordicmart.andreevmaster.com\/product\/songmics-pyykkiteline-ulosvedettava-ja-kokoontaitettava-pilvinen-valkoinen\/"},"modified":"2026-02-27T09:43:56","modified_gmt":"2026-02-27T09:43:56","slug":"songmics-pyykkiteline-ulosvedettava-ja-kokoontaitettava-pilvinen-valkoinen","status":"publish","type":"product","link":"https:\/\/nordicmart.andreevmaster.com\/fi\/tuote\/songmics-pyykkiteline-ulosvedettava-ja-kokoontaitettava-pilvinen-valkoinen\/","title":{"rendered":"SONGMICS pyykkiteline, ulosvedett\u00e4v\u00e4 ja kokoontaitettava, pilvinen valkoinen"},"content":{"rendered":"<p>SONGMICS pyykkiteline, sein\u00e4teline, harmonikkamallinen pyykkiteline, 9 porrastettua tankoa, ulosvedett\u00e4v\u00e4 ja kokoontaitettava, ter\u00e4s, musta LLR802B01<br \/>\nV\u00e4ri: pilvinen valkoinen<br \/>\nMateriaali: ter\u00e4s<br \/>\nKoko: 40 x 42 x 12 cm (S x L x K)<br \/>\nKoko kokoontaitettuna: 10 x 42 x 12 cm (S x L x K)<br \/>\nPaino: 0,9 kg<br \/>\nMaks. staattinen kantavuus: 10 kg<\/p>\n","protected":false},"excerpt":{"rendered":"<p>SONGMICS pyykkiteline, sein\u00e4teline, harmonikkamallinen pyykkiteline, 9 porrastettua tankoa, ulosvedett\u00e4v\u00e4 ja kokoontaitettava, ter\u00e4s, musta LLR802B01<\/p>\n","protected":false},"featured_media":42785,"comment_status":"open","ping_status":"closed","template":"","meta":[],"product_brand":[],"product_cat":[32],"product_tag":[],"class_list":{"0":"post-34033","1":"product","2":"type-product","3":"status-publish","4":"has-post-thumbnail","6":"product_cat-uncategorized-fi","8":"first","9":"instock","10":"shipping-taxable","11":"purchasable","12":"product-type-simple"},"_links":{"self":[{"href":"https:\/\/nordicmart.andreevmaster.com\/fi\/wp-json\/wp\/v2\/product\/34033","targetHints":{"allow":["GET"]}}],"collection":[{"href":"https:\/\/nordicmart.andreevmaster.com\/fi\/wp-json\/wp\/v2\/product"}],"about":[{"href":"https:\/\/nordicmart.andreevmaster.com\/fi\/wp-json\/wp\/v2\/types\/product"}],"replies":[{"embeddable":true,"href":"https:\/\/nordicmart.andreevmaster.com\/fi\/wp-json\/wp\/v2\/comments?post=34033"}],"wp:featuredmedia":[{"embeddable":true,"href":"https:\/\/nordicmart.andreevmaster.com\/fi\/wp-json\/wp\/v2\/media\/42785"}],"wp:attachment":[{"href":"https:\/\/nordicmart.andreevmaster.com\/fi\/wp-json\/wp\/v2\/media?parent=34033"}],"wp:term":[{"taxonomy":"product_brand","embeddable":true,"href":"https:\/\/nordicmart.andreevmaster.com\/fi\/wp-json\/wp\/v2\/product_brand?post=34033"},{"taxonomy":"product_cat","embeddable":true,"href":"https:\/\/nordicmart.andreevmaster.com\/fi\/wp-json\/wp\/v2\/product_cat?post=34033"},{"taxonomy":"product_tag","embeddable":true,"href":"https:\/\/nordicmart.andreevmaster.com\/fi\/wp-json\/wp\/v2\/product_tag?post=34033"}],"curies":[{"name":"wp","href":"https:\/\/api.w.org\/{rel}","templated":true}]}}