{"id":34028,"date":"2026-02-27T00:23:54","date_gmt":"2026-02-27T00:23:54","guid":{"rendered":"https:\/\/nordicmart.andreevmaster.com\/product\/songmics-pyykkiteline-terasrungolla-sisa-ja-ulkokayttoon\/"},"modified":"2026-02-27T09:43:55","modified_gmt":"2026-02-27T09:43:55","slug":"songmics-pyykkiteline-terasrungolla-sisa-ja-ulkokayttoon","status":"publish","type":"product","link":"https:\/\/nordicmart.andreevmaster.com\/fi\/tuote\/songmics-pyykkiteline-terasrungolla-sisa-ja-ulkokayttoon\/","title":{"rendered":"SONGMICS pyykkiteline ter\u00e4srungolla sis\u00e4- ja ulkok\u00e4ytt\u00f6\u00f6n"},"content":{"rendered":"<p>SONGMICS pyykkiteline, taitettava seisomakuivain, kompakti, tilaa s\u00e4\u00e4st\u00e4v\u00e4, ter\u00e4srunko, 37 x 75 x 135,1 cm, helppo koota, sis\u00e4- ja ulkok\u00e4ytt\u00f6\u00f6n<br \/>\nV\u00e4ri: musta<br \/>\nMateriaali: ter\u00e4s, PP (polypropeeni)<br \/>\nKoko avattuna: 37 x 75 x 135,1 cm (S x L x K)<br \/>\nKokoontaitettuna: 10 x 54 x 75 cm (S x L x K)<br \/>\nPaino: 2,2 kg<br \/>\nMaks. staattinen kokonaiskuormitus: 7 kg<\/p>\n","protected":false},"excerpt":{"rendered":"<p>SONGMICS pyykkiteline, taitettava seisomakuivain, kompakti, tilaa s\u00e4\u00e4st\u00e4v\u00e4, ter\u00e4srunko, 37 x 75 x 135,1 cm, helppo koota, sis\u00e4- ja ulkok\u00e4ytt\u00f6\u00f6n<\/p>\n","protected":false},"featured_media":42780,"comment_status":"open","ping_status":"closed","template":"","meta":[],"product_brand":[],"product_cat":[32],"product_tag":[],"class_list":{"0":"post-34028","1":"product","2":"type-product","3":"status-publish","4":"has-post-thumbnail","6":"product_cat-uncategorized-fi","8":"first","9":"instock","10":"shipping-taxable","11":"purchasable","12":"product-type-simple"},"_links":{"self":[{"href":"https:\/\/nordicmart.andreevmaster.com\/fi\/wp-json\/wp\/v2\/product\/34028","targetHints":{"allow":["GET"]}}],"collection":[{"href":"https:\/\/nordicmart.andreevmaster.com\/fi\/wp-json\/wp\/v2\/product"}],"about":[{"href":"https:\/\/nordicmart.andreevmaster.com\/fi\/wp-json\/wp\/v2\/types\/product"}],"replies":[{"embeddable":true,"href":"https:\/\/nordicmart.andreevmaster.com\/fi\/wp-json\/wp\/v2\/comments?post=34028"}],"wp:featuredmedia":[{"embeddable":true,"href":"https:\/\/nordicmart.andreevmaster.com\/fi\/wp-json\/wp\/v2\/media\/42780"}],"wp:attachment":[{"href":"https:\/\/nordicmart.andreevmaster.com\/fi\/wp-json\/wp\/v2\/media?parent=34028"}],"wp:term":[{"taxonomy":"product_brand","embeddable":true,"href":"https:\/\/nordicmart.andreevmaster.com\/fi\/wp-json\/wp\/v2\/product_brand?post=34028"},{"taxonomy":"product_cat","embeddable":true,"href":"https:\/\/nordicmart.andreevmaster.com\/fi\/wp-json\/wp\/v2\/product_cat?post=34028"},{"taxonomy":"product_tag","embeddable":true,"href":"https:\/\/nordicmart.andreevmaster.com\/fi\/wp-json\/wp\/v2\/product_tag?post=34028"}],"curies":[{"name":"wp","href":"https:\/\/api.w.org\/{rel}","templated":true}]}}