{"id":34021,"date":"2026-02-27T00:23:52","date_gmt":"2026-02-27T00:23:52","guid":{"rendered":"https:\/\/nordicmart.andreevmaster.com\/product\/songmics-pyykkiteline-4-tasoa-635-x-128-x-173-cm-musta\/"},"modified":"2026-02-27T09:43:54","modified_gmt":"2026-02-27T09:43:54","slug":"songmics-pyykkiteline-4-tasoa-635-x-128-x-173-cm-musta","status":"publish","type":"product","link":"https:\/\/nordicmart.andreevmaster.com\/fi\/tuote\/songmics-pyykkiteline-4-tasoa-635-x-128-x-173-cm-musta\/","title":{"rendered":"SONGMICS pyykkiteline, 4 tasoa, 63,5 x 128 x 173 cm, musta"},"content":{"rendered":"<p>Pyykkinaru, 4-tasoinen kuivaushylly, siipipyykkinaru, taitettavat siivet, py\u00f6rill\u00e4, 63,5 x 128 x 173 cm, sis\u00e4- ja ulkok\u00e4ytt\u00f6\u00f6n, harmaa<br \/>\nV\u00e4ri: musta<br \/>\nMateriaali: ter\u00e4s, muovi<br \/>\nTelineen koko kokoontaitettuna: 63,5 x 128 x 173 cm (S x L x K)<br \/>\nTelineen koko kokoontaitettuna: 49 x 76 x 173 cm (S x L x K)<br \/>\nJalan koko: 49 x 76 cm (S x L)<br \/>\nYl\u00e4osan 3 tason koko avattuna: 63,5 x 73,5 cm (S x L)<br \/>\nYl\u00e4osan 3 tason koko kokoontaitettuna: 21,5 x 73,5 cm (S x L)<br \/>\nPaino: 4,4 kg<br \/>\nMaks. staattinen kokonaiskuormitus: 35 kg<\/p>\n","protected":false},"excerpt":{"rendered":"<p>Pyykkinaru, 4-tasoinen kuivaushylly, siipipyykkinaru, taitettavat siivet, py\u00f6rill\u00e4, 63,5 x 128 x 173 cm, sis\u00e4- ja ulkok\u00e4ytt\u00f6\u00f6n, harmaa<\/p>\n","protected":false},"featured_media":42775,"comment_status":"open","ping_status":"closed","template":"","meta":[],"product_brand":[],"product_cat":[32],"product_tag":[],"class_list":{"0":"post-34021","1":"product","2":"type-product","3":"status-publish","4":"has-post-thumbnail","6":"product_cat-uncategorized-fi","8":"first","9":"instock","10":"shipping-taxable","11":"purchasable","12":"product-type-simple"},"_links":{"self":[{"href":"https:\/\/nordicmart.andreevmaster.com\/fi\/wp-json\/wp\/v2\/product\/34021","targetHints":{"allow":["GET"]}}],"collection":[{"href":"https:\/\/nordicmart.andreevmaster.com\/fi\/wp-json\/wp\/v2\/product"}],"about":[{"href":"https:\/\/nordicmart.andreevmaster.com\/fi\/wp-json\/wp\/v2\/types\/product"}],"replies":[{"embeddable":true,"href":"https:\/\/nordicmart.andreevmaster.com\/fi\/wp-json\/wp\/v2\/comments?post=34021"}],"wp:featuredmedia":[{"embeddable":true,"href":"https:\/\/nordicmart.andreevmaster.com\/fi\/wp-json\/wp\/v2\/media\/42775"}],"wp:attachment":[{"href":"https:\/\/nordicmart.andreevmaster.com\/fi\/wp-json\/wp\/v2\/media?parent=34021"}],"wp:term":[{"taxonomy":"product_brand","embeddable":true,"href":"https:\/\/nordicmart.andreevmaster.com\/fi\/wp-json\/wp\/v2\/product_brand?post=34021"},{"taxonomy":"product_cat","embeddable":true,"href":"https:\/\/nordicmart.andreevmaster.com\/fi\/wp-json\/wp\/v2\/product_cat?post=34021"},{"taxonomy":"product_tag","embeddable":true,"href":"https:\/\/nordicmart.andreevmaster.com\/fi\/wp-json\/wp\/v2\/product_tag?post=34021"}],"curies":[{"name":"wp","href":"https:\/\/api.w.org\/{rel}","templated":true}]}}