{"id":34019,"date":"2026-02-27T00:23:51","date_gmt":"2026-02-27T00:23:51","guid":{"rendered":"https:\/\/nordicmart.andreevmaster.com\/product\/songmics-4-siipinen-pyykkiteline\/"},"modified":"2026-02-27T09:43:53","modified_gmt":"2026-02-27T09:43:53","slug":"songmics-4-siipinen-pyykkiteline","status":"publish","type":"product","link":"https:\/\/nordicmart.andreevmaster.com\/fi\/tuote\/songmics-4-siipinen-pyykkiteline\/","title":{"rendered":"SONGMICS 4-siipinen pyykkiteline"},"content":{"rendered":"<p>K\u00e4tev\u00e4 siipinen pyykkiteline ruostumattomasta ter\u00e4ksest\u00e4 K\u00e4tev\u00e4 pyykkitelineemme tarjoaa yhteens\u00e4 22 m kuivauspinta-alaa. Se on valmistettu ruostumattomasta ter\u00e4ksest\u00e4, joten se on ruosteenkest\u00e4v\u00e4. Lis\u00e4ksi siin\u00e4 on tukevat muoviliitokset, joiden ansiosta t\u00e4m\u00e4 joustava kotitalousapulainen on helppo taittaa kokoon. Olemme kuitenkin rajoittaneet muovin k\u00e4yt\u00f6n muutamaan liitoskappaleeseen, joten pyykkiteline on p\u00e4\u00e4osin ruostumatonta ter\u00e4st\u00e4. T\u00e4m\u00e4 pident\u00e4\u00e4 sen k\u00e4ytt\u00f6ik\u00e4\u00e4, ja lis\u00e4ksi se kest\u00e4\u00e4 jopa 35 kg:n pyykkikuorman. Jos etsit muita k\u00e4yt\u00e4nn\u00f6llisi\u00e4 tuotteita kotitalouteesi, tutustu my\u00f6s muihin SONGMICS-tuotteisiin.Tuotetiedot: V\u00e4ri: sininen Materiaali: ruostumaton ter\u00e4s, ABS, PP-muovi Koko: 156 x 61 x 113\u2013135,5 cm Paino: 3,3 kg Maks. kantavuus (tasaisella kuormituksella): 35 kg Toimitus sis\u00e4lt\u00e4\u00e4: 1 x pyykkiteline SONGMICS Huomautukset:Aseta tuote tasaiselle alustalle, muuten se voi kaatua. T\u00e4m\u00e4 voi aiheuttaa loukkaantumisia tai vahingoittaa tuotetta. Pyyhi kevyet likatahrat kehyksest\u00e4 liinalla. K\u00e4yt\u00e4 vaikeiden tahrojen puhdistamiseen laimennettua puhdistusliuosta. Kastele liina liuokseen, purista se kuivaksi ja pyyhi kehys varovasti. Tuote on kevyt, joten sit\u00e4 on helppo kuljettaa. Jos haluat k\u00e4ytt\u00e4\u00e4 sit\u00e4 ulkona, suosittelemme kuitenkin asettamaan pyykkitelineen jalkoihin joitakin painavia esineit\u00e4, jotta se ei kaadu voimakkaan tuulen vaikutuksesta.<\/p>\n","protected":false},"excerpt":{"rendered":"<p>SONGMICS pyykkiteline ruostumattomasta ter\u00e4ksest\u00e4, seisomakuivain korkeuss\u00e4\u00e4dett\u00e4vill\u00e4 siivill\u00e4, siipipyykkiteline 2 tasolla, sukkia, vuodevaatteita, vaatteita varten, kokoontaitettava, vakaa, sininen LLR53BU<\/p>\n","protected":false},"featured_media":42773,"comment_status":"open","ping_status":"closed","template":"","meta":[],"product_brand":[],"product_cat":[32],"product_tag":[],"class_list":{"0":"post-34019","1":"product","2":"type-product","3":"status-publish","4":"has-post-thumbnail","6":"product_cat-uncategorized-fi","8":"first","9":"instock","10":"shipping-taxable","11":"purchasable","12":"product-type-simple"},"_links":{"self":[{"href":"https:\/\/nordicmart.andreevmaster.com\/fi\/wp-json\/wp\/v2\/product\/34019","targetHints":{"allow":["GET"]}}],"collection":[{"href":"https:\/\/nordicmart.andreevmaster.com\/fi\/wp-json\/wp\/v2\/product"}],"about":[{"href":"https:\/\/nordicmart.andreevmaster.com\/fi\/wp-json\/wp\/v2\/types\/product"}],"replies":[{"embeddable":true,"href":"https:\/\/nordicmart.andreevmaster.com\/fi\/wp-json\/wp\/v2\/comments?post=34019"}],"wp:featuredmedia":[{"embeddable":true,"href":"https:\/\/nordicmart.andreevmaster.com\/fi\/wp-json\/wp\/v2\/media\/42773"}],"wp:attachment":[{"href":"https:\/\/nordicmart.andreevmaster.com\/fi\/wp-json\/wp\/v2\/media?parent=34019"}],"wp:term":[{"taxonomy":"product_brand","embeddable":true,"href":"https:\/\/nordicmart.andreevmaster.com\/fi\/wp-json\/wp\/v2\/product_brand?post=34019"},{"taxonomy":"product_cat","embeddable":true,"href":"https:\/\/nordicmart.andreevmaster.com\/fi\/wp-json\/wp\/v2\/product_cat?post=34019"},{"taxonomy":"product_tag","embeddable":true,"href":"https:\/\/nordicmart.andreevmaster.com\/fi\/wp-json\/wp\/v2\/product_tag?post=34019"}],"curies":[{"name":"wp","href":"https:\/\/api.w.org\/{rel}","templated":true}]}}