{"id":34017,"date":"2026-02-27T00:23:51","date_gmt":"2026-02-27T00:23:51","guid":{"rendered":"https:\/\/nordicmart.andreevmaster.com\/product\/songmics-pyykkiteline-2-tasoa-ja-2-siipea-harmaa\/"},"modified":"2026-02-27T09:43:53","modified_gmt":"2026-02-27T09:43:53","slug":"songmics-pyykkiteline-2-tasoa-ja-2-siipea-harmaa","status":"publish","type":"product","link":"https:\/\/nordicmart.andreevmaster.com\/fi\/tuote\/songmics-pyykkiteline-2-tasoa-ja-2-siipea-harmaa\/","title":{"rendered":"SONGMICS pyykkiteline, 2 tasoa ja 2 siipe\u00e4, harmaa"},"content":{"rendered":"<p>SONGMICS pyykkiteline, kokoontaitettava, 2-tasoinen pyykkiteline, siipipyykkiteline, vapaasti seisova, 1 yl\u00e4ripustin, 2 korkeuss\u00e4\u00e4dett\u00e4v\u00e4\u00e4 siipe\u00e4, 24 tankoa, tilaa s\u00e4\u00e4st\u00e4v\u00e4, harmaa LLR521G01<br \/>\nV\u00e4ri: harmaa<br \/>\nMateriaali: ter\u00e4s, PP-muovi (polypropeeni)<br \/>\nTelineen koko taitettuna: 66 x 159 x 198 cm (S x L x K)<br \/>\nTelineen koko kokoontaitettuna: 70,5 x 106 x 10 cm (S x L x K)<br \/>\nPaino: 3,4 kg<br \/>\nMaks. staattinen kantavuus: 25 kg<\/p>\n","protected":false},"excerpt":{"rendered":"<p>SONGMICS pyykkiteline, kokoontaitettava, 2-tasoinen pyykkiteline, siipipyykkiteline, vapaasti seisova, 1 yl\u00e4ripustin, 2 korkeuss\u00e4\u00e4dett\u00e4v\u00e4\u00e4 siipe\u00e4, 24 tankoa, tilaa s\u00e4\u00e4st\u00e4v\u00e4, harmaa LLR521G01<\/p>\n","protected":false},"featured_media":42771,"comment_status":"open","ping_status":"closed","template":"","meta":[],"product_brand":[],"product_cat":[32],"product_tag":[],"class_list":{"0":"post-34017","1":"product","2":"type-product","3":"status-publish","4":"has-post-thumbnail","6":"product_cat-uncategorized-fi","8":"first","9":"instock","10":"shipping-taxable","11":"purchasable","12":"product-type-simple"},"_links":{"self":[{"href":"https:\/\/nordicmart.andreevmaster.com\/fi\/wp-json\/wp\/v2\/product\/34017","targetHints":{"allow":["GET"]}}],"collection":[{"href":"https:\/\/nordicmart.andreevmaster.com\/fi\/wp-json\/wp\/v2\/product"}],"about":[{"href":"https:\/\/nordicmart.andreevmaster.com\/fi\/wp-json\/wp\/v2\/types\/product"}],"replies":[{"embeddable":true,"href":"https:\/\/nordicmart.andreevmaster.com\/fi\/wp-json\/wp\/v2\/comments?post=34017"}],"wp:featuredmedia":[{"embeddable":true,"href":"https:\/\/nordicmart.andreevmaster.com\/fi\/wp-json\/wp\/v2\/media\/42771"}],"wp:attachment":[{"href":"https:\/\/nordicmart.andreevmaster.com\/fi\/wp-json\/wp\/v2\/media?parent=34017"}],"wp:term":[{"taxonomy":"product_brand","embeddable":true,"href":"https:\/\/nordicmart.andreevmaster.com\/fi\/wp-json\/wp\/v2\/product_brand?post=34017"},{"taxonomy":"product_cat","embeddable":true,"href":"https:\/\/nordicmart.andreevmaster.com\/fi\/wp-json\/wp\/v2\/product_cat?post=34017"},{"taxonomy":"product_tag","embeddable":true,"href":"https:\/\/nordicmart.andreevmaster.com\/fi\/wp-json\/wp\/v2\/product_tag?post=34017"}],"curies":[{"name":"wp","href":"https:\/\/api.w.org\/{rel}","templated":true}]}}