{"id":34015,"date":"2026-02-27T00:23:50","date_gmt":"2026-02-27T00:23:50","guid":{"rendered":"https:\/\/nordicmart.andreevmaster.com\/product\/songmics-pyykkiteline-sukkapidikkeella-metalli-harmaa\/"},"modified":"2026-02-27T09:43:53","modified_gmt":"2026-02-27T09:43:53","slug":"songmics-pyykkiteline-sukkapidikkeella-metalli-harmaa","status":"publish","type":"product","link":"https:\/\/nordicmart.andreevmaster.com\/fi\/tuote\/songmics-pyykkiteline-sukkapidikkeella-metalli-harmaa\/","title":{"rendered":"SONGMICS pyykkiteline sukkapidikkeell\u00e4, metalli, harmaa"},"content":{"rendered":"<p>SONGMICS pyykkiteline, seisomakuivain 56,5 x 173 x 96,5 cm, siipipyykkiteline, tilaa s\u00e4\u00e4st\u00e4v\u00e4 siipipyykkikuivain, sukkapidikkeell\u00e4, metalli, vaatteille, pyyhkeille, pyykille<br \/>\nV\u00e4ri: harmaa<br \/>\nMateriaali: ter\u00e4s, PP-muovi<br \/>\nTelineen koko kokoontaitettuna: 56,5 x 173 x 96,5 cm (S x L x K)<br \/>\nTelineen koko kokoontaitettuna: 62 x 104,5 x 7 cm (S x L x K)<br \/>\nPaino: 4 kg<br \/>\nMaks. staattinen kokonaiskuormitus: 18 kg<\/p>\n","protected":false},"excerpt":{"rendered":"<p>SONGMICS pyykkiteline, seisomakuivain 56,5 x 173 x 96,5 cm, siipipyykkiteline, tilaa s\u00e4\u00e4st\u00e4v\u00e4 siipipyykkikuivain, sukkapidikkeell\u00e4, metalli, vaatteille, pyyhkeille, pyykille<\/p>\n","protected":false},"featured_media":42769,"comment_status":"open","ping_status":"closed","template":"","meta":[],"product_brand":[],"product_cat":[32],"product_tag":[],"class_list":{"0":"post-34015","1":"product","2":"type-product","3":"status-publish","4":"has-post-thumbnail","6":"product_cat-uncategorized-fi","8":"first","9":"instock","10":"shipping-taxable","11":"purchasable","12":"product-type-simple"},"_links":{"self":[{"href":"https:\/\/nordicmart.andreevmaster.com\/fi\/wp-json\/wp\/v2\/product\/34015","targetHints":{"allow":["GET"]}}],"collection":[{"href":"https:\/\/nordicmart.andreevmaster.com\/fi\/wp-json\/wp\/v2\/product"}],"about":[{"href":"https:\/\/nordicmart.andreevmaster.com\/fi\/wp-json\/wp\/v2\/types\/product"}],"replies":[{"embeddable":true,"href":"https:\/\/nordicmart.andreevmaster.com\/fi\/wp-json\/wp\/v2\/comments?post=34015"}],"wp:featuredmedia":[{"embeddable":true,"href":"https:\/\/nordicmart.andreevmaster.com\/fi\/wp-json\/wp\/v2\/media\/42769"}],"wp:attachment":[{"href":"https:\/\/nordicmart.andreevmaster.com\/fi\/wp-json\/wp\/v2\/media?parent=34015"}],"wp:term":[{"taxonomy":"product_brand","embeddable":true,"href":"https:\/\/nordicmart.andreevmaster.com\/fi\/wp-json\/wp\/v2\/product_brand?post=34015"},{"taxonomy":"product_cat","embeddable":true,"href":"https:\/\/nordicmart.andreevmaster.com\/fi\/wp-json\/wp\/v2\/product_cat?post=34015"},{"taxonomy":"product_tag","embeddable":true,"href":"https:\/\/nordicmart.andreevmaster.com\/fi\/wp-json\/wp\/v2\/product_tag?post=34015"}],"curies":[{"name":"wp","href":"https:\/\/api.w.org\/{rel}","templated":true}]}}