{"id":34014,"date":"2026-02-27T00:23:50","date_gmt":"2026-02-27T00:23:50","guid":{"rendered":"https:\/\/nordicmart.andreevmaster.com\/product\/songmics-taitettava-pyykkiteline-6-kaantyvaa-vartta-musta\/"},"modified":"2026-02-27T09:43:52","modified_gmt":"2026-02-27T09:43:52","slug":"songmics-taitettava-pyykkiteline-6-kaantyvaa-vartta-musta","status":"publish","type":"product","link":"https:\/\/nordicmart.andreevmaster.com\/fi\/tuote\/songmics-taitettava-pyykkiteline-6-kaantyvaa-vartta-musta\/","title":{"rendered":"SONGMICS taitettava pyykkiteline, 6 k\u00e4\u00e4ntyv\u00e4\u00e4 vartta, musta"},"content":{"rendered":"<p>SONGMICS pyykkiteline, seisomakuivain, 3 k\u00e4\u00e4ntyv\u00e4\u00e4 vartta vaatehenkareille, pyykkiteline, 4 jalkaa, sis\u00e4k\u00e4ytt\u00f6\u00f6n, ruostumaton ter\u00e4s, jopa 27 vaatekappaleelle, korkeus 150 cm<br \/>\nV\u00e4ri: musta<br \/>\nMateriaali: ruostumaton ter\u00e4s, muovi<br \/>\nTelineen koko avattuna: 60 x 60 x 191 cm (S x L x K)<br \/>\nTelineen koko kokoontaitettuna: 4,8 x 4,8 x 222 cm (S x L x K)<br \/>\nPaino: 1,3 kg<br \/>\nKunkin yl\u00e4varren maks. staattinen kantavuus: 2 kg<br \/>\nJokaisen alaosan maksimaalinen staattinen kantavuus: 3 kg<br \/>\nMaks. staattinen kantavuus yhteens\u00e4: 15 kg<\/p>\n","protected":false},"excerpt":{"rendered":"<p>SONGMICS pyykkiteline, seisomakuivain, 3 k\u00e4\u00e4ntyv\u00e4\u00e4 vartta vaatehenkareille, pyykkiteline, 4 jalkaa, sis\u00e4k\u00e4ytt\u00f6\u00f6n, ruostumaton ter\u00e4s, jopa 27 vaatekappaleelle, korkeus 150 cm<\/p>\n","protected":false},"featured_media":42768,"comment_status":"open","ping_status":"closed","template":"","meta":[],"product_brand":[],"product_cat":[32],"product_tag":[],"class_list":{"0":"post-34014","1":"product","2":"type-product","3":"status-publish","4":"has-post-thumbnail","6":"product_cat-uncategorized-fi","8":"first","9":"instock","10":"shipping-taxable","11":"purchasable","12":"product-type-simple"},"_links":{"self":[{"href":"https:\/\/nordicmart.andreevmaster.com\/fi\/wp-json\/wp\/v2\/product\/34014","targetHints":{"allow":["GET"]}}],"collection":[{"href":"https:\/\/nordicmart.andreevmaster.com\/fi\/wp-json\/wp\/v2\/product"}],"about":[{"href":"https:\/\/nordicmart.andreevmaster.com\/fi\/wp-json\/wp\/v2\/types\/product"}],"replies":[{"embeddable":true,"href":"https:\/\/nordicmart.andreevmaster.com\/fi\/wp-json\/wp\/v2\/comments?post=34014"}],"wp:featuredmedia":[{"embeddable":true,"href":"https:\/\/nordicmart.andreevmaster.com\/fi\/wp-json\/wp\/v2\/media\/42768"}],"wp:attachment":[{"href":"https:\/\/nordicmart.andreevmaster.com\/fi\/wp-json\/wp\/v2\/media?parent=34014"}],"wp:term":[{"taxonomy":"product_brand","embeddable":true,"href":"https:\/\/nordicmart.andreevmaster.com\/fi\/wp-json\/wp\/v2\/product_brand?post=34014"},{"taxonomy":"product_cat","embeddable":true,"href":"https:\/\/nordicmart.andreevmaster.com\/fi\/wp-json\/wp\/v2\/product_cat?post=34014"},{"taxonomy":"product_tag","embeddable":true,"href":"https:\/\/nordicmart.andreevmaster.com\/fi\/wp-json\/wp\/v2\/product_tag?post=34014"}],"curies":[{"name":"wp","href":"https:\/\/api.w.org\/{rel}","templated":true}]}}