{"id":34013,"date":"2026-02-27T00:23:49","date_gmt":"2026-02-27T00:23:49","guid":{"rendered":"https:\/\/nordicmart.andreevmaster.com\/product\/vaatteiden-tuuletin-vaatteiden-kuivausteline-jossa-on-3-pyorivaa-kasivartta-henkareita-varten-4-jalkaa-sisatiloissa-taittuva-pyykkiteline-ruostumatonta-terasta-27-vaatekappaleelle-1515-cm-kork-2\/"},"modified":"2026-02-27T09:43:52","modified_gmt":"2026-02-27T09:43:52","slug":"vaatteiden-tuuletin-vaatteiden-kuivausteline-jossa-on-3-pyorivaa-kasivartta-henkareita-varten-4-jalkaa-sisatiloissa-taittuva-pyykkiteline-ruostumatonta-terasta-27-vaatekappaleelle-1515-cm-kork-2","status":"publish","type":"product","link":"https:\/\/nordicmart.andreevmaster.com\/fi\/tuote\/vaatteiden-tuuletin-vaatteiden-kuivausteline-jossa-on-3-pyorivaa-kasivartta-henkareita-varten-4-jalkaa-sisatiloissa-taittuva-pyykkiteline-ruostumatonta-terasta-27-vaatekappaleelle-1515-cm-kork-2\/","title":{"rendered":"Vaatteiden tuuletin, vaatteiden kuivausteline, jossa on 3 py\u00f6riv\u00e4\u00e4 k\u00e4sivartta henkareita varten, 4 jalkaa sis\u00e4tiloissa, taittuva pyykkiteline, ruostumatonta ter\u00e4st\u00e4, 27 vaatekappaleelle, 151,5 cm korkea, valkoinen ja hopea"},"content":{"rendered":"","protected":false},"excerpt":{"rendered":"","protected":false},"featured_media":0,"comment_status":"open","ping_status":"closed","template":"","meta":[],"product_brand":[],"product_cat":[32],"product_tag":[],"class_list":{"0":"post-34013","1":"product","2":"type-product","3":"status-publish","5":"product_cat-uncategorized-fi","7":"first","8":"instock","9":"shipping-taxable","10":"product-type-simple"},"_links":{"self":[{"href":"https:\/\/nordicmart.andreevmaster.com\/fi\/wp-json\/wp\/v2\/product\/34013","targetHints":{"allow":["GET"]}}],"collection":[{"href":"https:\/\/nordicmart.andreevmaster.com\/fi\/wp-json\/wp\/v2\/product"}],"about":[{"href":"https:\/\/nordicmart.andreevmaster.com\/fi\/wp-json\/wp\/v2\/types\/product"}],"replies":[{"embeddable":true,"href":"https:\/\/nordicmart.andreevmaster.com\/fi\/wp-json\/wp\/v2\/comments?post=34013"}],"wp:attachment":[{"href":"https:\/\/nordicmart.andreevmaster.com\/fi\/wp-json\/wp\/v2\/media?parent=34013"}],"wp:term":[{"taxonomy":"product_brand","embeddable":true,"href":"https:\/\/nordicmart.andreevmaster.com\/fi\/wp-json\/wp\/v2\/product_brand?post=34013"},{"taxonomy":"product_cat","embeddable":true,"href":"https:\/\/nordicmart.andreevmaster.com\/fi\/wp-json\/wp\/v2\/product_cat?post=34013"},{"taxonomy":"product_tag","embeddable":true,"href":"https:\/\/nordicmart.andreevmaster.com\/fi\/wp-json\/wp\/v2\/product_tag?post=34013"}],"curies":[{"name":"wp","href":"https:\/\/api.w.org\/{rel}","templated":true}]}}