{"id":34009,"date":"2026-02-27T00:23:48","date_gmt":"2026-02-27T00:23:48","guid":{"rendered":"https:\/\/nordicmart.andreevmaster.com\/product\/songmics-pyykkiteline-2-metallista-siipea-pilvinen-valkoinen\/"},"modified":"2026-02-27T09:43:51","modified_gmt":"2026-02-27T09:43:51","slug":"songmics-pyykkiteline-2-metallista-siipea-pilvinen-valkoinen","status":"publish","type":"product","link":"https:\/\/nordicmart.andreevmaster.com\/fi\/tuote\/songmics-pyykkiteline-2-metallista-siipea-pilvinen-valkoinen\/","title":{"rendered":"SONGMICS pyykkiteline, 2 metallista siipe\u00e4, pilvinen valkoinen"},"content":{"rendered":"<p>SONGMICS pieni pyykkiteline, taitettava 2-siipinen kuivaushylly, tilaa s\u00e4\u00e4st\u00e4v\u00e4, metalli, pienille vaatteille, pyyhkeille, kylpyhuoneeseen, parvekkeelle, 44 x 101 x 54 cm<br \/>\nV\u00e4ri: pilvinen valkoinen<br \/>\nMateriaali: ter\u00e4s, PP-muovi<br \/>\nTelineen koko avattuna: 44 x 101 x 54 cm (S x L x K)<br \/>\nTelineen koko kokoontaitettuna: 44 x 60 x 7,5 cm (S x L x K)<br \/>\nPaino: 2,3 kg<br \/>\nMaks. staattinen kokonaiskuormitus: 10 kg<\/p>\n","protected":false},"excerpt":{"rendered":"<p>SONGMICS pieni pyykkiteline, taitettava 2-siipinen kuivaushylly, tilaa s\u00e4\u00e4st\u00e4v\u00e4, metalli, pienille vaatteille, pyyhkeille, kylpyhuoneeseen, parvekkeelle, 44 x 101 x 54 cm<\/p>\n","protected":false},"featured_media":42764,"comment_status":"open","ping_status":"closed","template":"","meta":[],"product_brand":[],"product_cat":[32],"product_tag":[],"class_list":{"0":"post-34009","1":"product","2":"type-product","3":"status-publish","4":"has-post-thumbnail","6":"product_cat-uncategorized-fi","8":"first","9":"instock","10":"shipping-taxable","11":"purchasable","12":"product-type-simple"},"_links":{"self":[{"href":"https:\/\/nordicmart.andreevmaster.com\/fi\/wp-json\/wp\/v2\/product\/34009","targetHints":{"allow":["GET"]}}],"collection":[{"href":"https:\/\/nordicmart.andreevmaster.com\/fi\/wp-json\/wp\/v2\/product"}],"about":[{"href":"https:\/\/nordicmart.andreevmaster.com\/fi\/wp-json\/wp\/v2\/types\/product"}],"replies":[{"embeddable":true,"href":"https:\/\/nordicmart.andreevmaster.com\/fi\/wp-json\/wp\/v2\/comments?post=34009"}],"wp:featuredmedia":[{"embeddable":true,"href":"https:\/\/nordicmart.andreevmaster.com\/fi\/wp-json\/wp\/v2\/media\/42764"}],"wp:attachment":[{"href":"https:\/\/nordicmart.andreevmaster.com\/fi\/wp-json\/wp\/v2\/media?parent=34009"}],"wp:term":[{"taxonomy":"product_brand","embeddable":true,"href":"https:\/\/nordicmart.andreevmaster.com\/fi\/wp-json\/wp\/v2\/product_brand?post=34009"},{"taxonomy":"product_cat","embeddable":true,"href":"https:\/\/nordicmart.andreevmaster.com\/fi\/wp-json\/wp\/v2\/product_cat?post=34009"},{"taxonomy":"product_tag","embeddable":true,"href":"https:\/\/nordicmart.andreevmaster.com\/fi\/wp-json\/wp\/v2\/product_tag?post=34009"}],"curies":[{"name":"wp","href":"https:\/\/api.w.org\/{rel}","templated":true}]}}