{"id":34006,"date":"2026-02-27T00:23:47","date_gmt":"2026-02-27T00:23:47","guid":{"rendered":"https:\/\/nordicmart.andreevmaster.com\/product\/songmics-pyykkiteline-teraksisilla-siivilla-pilvinen-valkoinen-kyyhkynharmaa\/"},"modified":"2026-02-27T09:43:51","modified_gmt":"2026-02-27T09:43:51","slug":"songmics-pyykkiteline-teraksisilla-siivilla-pilvinen-valkoinen-kyyhkynharmaa","status":"publish","type":"product","link":"https:\/\/nordicmart.andreevmaster.com\/fi\/tuote\/songmics-pyykkiteline-teraksisilla-siivilla-pilvinen-valkoinen-kyyhkynharmaa\/","title":{"rendered":"SONGMICS pyykkiteline ter\u00e4ksisill\u00e4 siivill\u00e4, pilvinen valkoinen-kyyhkynharmaa"},"content":{"rendered":"<p>SONGMICS taitettava pyykkiteline, seisova kuivaushylly, vaateteline, pyykkiteline, 16 m kuivauspituus, ruostumaton ter\u00e4s, hopea LLR502<br \/>\nV\u00e4ri: pilvinen valkoinen-kyyhkynharmaa<br \/>\nMateriaali: ter\u00e4s, PP-muovi<br \/>\nTelineen koko avattuna: 51 x 147 x (97\/112\/128) cm (S x L x K)<br \/>\nTelineen koko kokoontaitettuna: 7 x 56 x 107 cm (S x L x K)<br \/>\nPaino: 2,9 kg<br \/>\nMaks. staattinen kokonaiskuormitus: 25 kg<\/p>\n","protected":false},"excerpt":{"rendered":"<p>SONGMICS taitettava pyykkiteline, seisova kuivaushylly, vaateteline, pyykkiteline, 16 m kuivauspituus, ruostumaton ter\u00e4s, hopea LLR502<\/p>\n","protected":false},"featured_media":42761,"comment_status":"open","ping_status":"closed","template":"","meta":[],"product_brand":[],"product_cat":[32],"product_tag":[],"class_list":{"0":"post-34006","1":"product","2":"type-product","3":"status-publish","4":"has-post-thumbnail","6":"product_cat-uncategorized-fi","8":"first","9":"instock","10":"shipping-taxable","11":"purchasable","12":"product-type-simple"},"_links":{"self":[{"href":"https:\/\/nordicmart.andreevmaster.com\/fi\/wp-json\/wp\/v2\/product\/34006","targetHints":{"allow":["GET"]}}],"collection":[{"href":"https:\/\/nordicmart.andreevmaster.com\/fi\/wp-json\/wp\/v2\/product"}],"about":[{"href":"https:\/\/nordicmart.andreevmaster.com\/fi\/wp-json\/wp\/v2\/types\/product"}],"replies":[{"embeddable":true,"href":"https:\/\/nordicmart.andreevmaster.com\/fi\/wp-json\/wp\/v2\/comments?post=34006"}],"wp:featuredmedia":[{"embeddable":true,"href":"https:\/\/nordicmart.andreevmaster.com\/fi\/wp-json\/wp\/v2\/media\/42761"}],"wp:attachment":[{"href":"https:\/\/nordicmart.andreevmaster.com\/fi\/wp-json\/wp\/v2\/media?parent=34006"}],"wp:term":[{"taxonomy":"product_brand","embeddable":true,"href":"https:\/\/nordicmart.andreevmaster.com\/fi\/wp-json\/wp\/v2\/product_brand?post=34006"},{"taxonomy":"product_cat","embeddable":true,"href":"https:\/\/nordicmart.andreevmaster.com\/fi\/wp-json\/wp\/v2\/product_cat?post=34006"},{"taxonomy":"product_tag","embeddable":true,"href":"https:\/\/nordicmart.andreevmaster.com\/fi\/wp-json\/wp\/v2\/product_tag?post=34006"}],"curies":[{"name":"wp","href":"https:\/\/api.w.org\/{rel}","templated":true}]}}