{"id":34003,"date":"2026-02-27T00:23:46","date_gmt":"2026-02-27T00:23:46","guid":{"rendered":"https:\/\/nordicmart.andreevmaster.com\/product\/songmics-ruostumattomasta-teraksesta-valmistettu-pyykkiteline\/"},"modified":"2026-02-27T09:43:50","modified_gmt":"2026-02-27T09:43:50","slug":"songmics-ruostumattomasta-teraksesta-valmistettu-pyykkiteline","status":"publish","type":"product","link":"https:\/\/nordicmart.andreevmaster.com\/fi\/tuote\/songmics-ruostumattomasta-teraksesta-valmistettu-pyykkiteline\/","title":{"rendered":"SONGMICS Ruostumattomasta ter\u00e4ksest\u00e4 valmistettu pyykkiteline"},"content":{"rendered":"<p>Lis\u00e4sukkahylly 26 pidikett\u00e4 pit\u00e4v\u00e4t sukat tukevasti paikoillaan ja est\u00e4v\u00e4t niiden putoamisen tai tuulen viemisen. Korkeuss\u00e4\u00e4dett\u00e4v\u00e4 Molempien siipien korkeutta voidaan s\u00e4\u00e4t\u00e4\u00e4 yksil\u00f6llisesti, jotta eri pituisia vaatteita voidaan ripustaa. 4 kenk\u00e4teline\u00e4 Hyvin suunnitellun rakenteen ansiosta voit kuivata jopa m\u00e4r\u00e4t keng\u00e4t t\u00e4ll\u00e4 telineell\u00e4.Huomautukset: K\u00e4yt\u00e4 pyykkitelinett\u00e4 tasaisella alustalla. \u00c4l\u00e4 keskit\u00e4 kaikkia raskaita esineit\u00e4 yhteen pisteeseen tai yhdelle puolelle, vaan jaa paino tasaisesti ripustettaessa. Tuote on kevyt, joten sit\u00e4 on helppo kuljettaa. Jos haluat k\u00e4ytt\u00e4\u00e4 sit\u00e4 ulkona, suosittelemme kuitenkin asettamaan joitakin painavia esineit\u00e4 pyykkitelineen jalkoihin, jotta se ei kaadu voimakkaan tuulen vaikutuksesta. Tuotetiedot V\u00e4ri: hopea Materiaali: ruostumaton ter\u00e4s, tekniset muovit Koko avattuna: 147 x (97-128) x 56 cm (L x K x S) Koko kokoontaitettuna: 109 x 7 x 57 cm (L x K x S) Pakkauksen mitat: 110 x 58,5 x 8,5 cm Nettopaino: 2,89 kg Bruttopaino: 4 kg Toimitus sis\u00e4lt\u00e4\u00e4 1 x pyykkiteline<\/p>\n","protected":false},"excerpt":{"rendered":"<p>SONGMICS taitettava pyykkiteline, seisova kuivaushylly, vaateteline, pyykkiteline, 16 m kuivauspituus, ruostumaton ter\u00e4s, hopea LLR502<\/p>\n","protected":false},"featured_media":42758,"comment_status":"open","ping_status":"closed","template":"","meta":[],"product_brand":[],"product_cat":[32],"product_tag":[],"class_list":{"0":"post-34003","1":"product","2":"type-product","3":"status-publish","4":"has-post-thumbnail","6":"product_cat-uncategorized-fi","8":"first","9":"instock","10":"shipping-taxable","11":"purchasable","12":"product-type-simple"},"_links":{"self":[{"href":"https:\/\/nordicmart.andreevmaster.com\/fi\/wp-json\/wp\/v2\/product\/34003","targetHints":{"allow":["GET"]}}],"collection":[{"href":"https:\/\/nordicmart.andreevmaster.com\/fi\/wp-json\/wp\/v2\/product"}],"about":[{"href":"https:\/\/nordicmart.andreevmaster.com\/fi\/wp-json\/wp\/v2\/types\/product"}],"replies":[{"embeddable":true,"href":"https:\/\/nordicmart.andreevmaster.com\/fi\/wp-json\/wp\/v2\/comments?post=34003"}],"wp:featuredmedia":[{"embeddable":true,"href":"https:\/\/nordicmart.andreevmaster.com\/fi\/wp-json\/wp\/v2\/media\/42758"}],"wp:attachment":[{"href":"https:\/\/nordicmart.andreevmaster.com\/fi\/wp-json\/wp\/v2\/media?parent=34003"}],"wp:term":[{"taxonomy":"product_brand","embeddable":true,"href":"https:\/\/nordicmart.andreevmaster.com\/fi\/wp-json\/wp\/v2\/product_brand?post=34003"},{"taxonomy":"product_cat","embeddable":true,"href":"https:\/\/nordicmart.andreevmaster.com\/fi\/wp-json\/wp\/v2\/product_cat?post=34003"},{"taxonomy":"product_tag","embeddable":true,"href":"https:\/\/nordicmart.andreevmaster.com\/fi\/wp-json\/wp\/v2\/product_tag?post=34003"}],"curies":[{"name":"wp","href":"https:\/\/api.w.org\/{rel}","templated":true}]}}